{"id":379,"date":"2017-09-11T09:39:27","date_gmt":"2017-09-11T09:39:27","guid":{"rendered":"http:\/\/www.ajv-machine.com\/de\/?page_id=379"},"modified":"2025-02-12T09:12:57","modified_gmt":"2025-02-12T09:12:57","slug":"company","status":"publish","type":"page","link":"https:\/\/www.ajv-machine.com\/de\/company\/","title":{"rendered":"Firma"},"content":{"rendered":"\t<div class=\"img has-hover x md-x lg-x y md-y lg-y\" id=\"image_1425688187\">\n\t\t\t\t\t\t\t\t<div class=\"img-inner image-cover dark\" style=\"padding-top:600px;\">\n\t\t\t<img loading=\"lazy\" decoding=\"async\" width=\"3648\" height=\"2269\" src=\"https:\/\/www.ajv-machine.com\/de\/wp-content\/uploads\/sites\/4\/2017\/09\/AJV-Mika-02.jpg\" class=\"attachment-original size-original\" alt=\"\" srcset=\"https:\/\/www.ajv-machine.com\/de\/wp-content\/uploads\/sites\/4\/2017\/09\/AJV-Mika-02.jpg 3648w, https:\/\/www.ajv-machine.com\/de\/wp-content\/uploads\/sites\/4\/2017\/09\/AJV-Mika-02-300x187.jpg 300w, https:\/\/www.ajv-machine.com\/de\/wp-content\/uploads\/sites\/4\/2017\/09\/AJV-Mika-02-768x478.jpg 768w, https:\/\/www.ajv-machine.com\/de\/wp-content\/uploads\/sites\/4\/2017\/09\/AJV-Mika-02-1024x637.jpg 1024w\" sizes=\"auto, (max-width: 3648px) 100vw, 3648px\" \/>\t\t\t\t\t\t\n\t\t\t\t\t<\/div>\n\t\t\t\t\t\t\t\t\n<style scope=\"scope\">\n\n#image_1425688187 {\n  width: 100%;\n}\n<\/style>\n\t<\/div>\n\t\n<div class=\"row align-middle align-center\"  id=\"row-1241798021\">\n\n\t<div class=\"col small-12 large-12\"  >\n\t\t<div class=\"col-inner\" style=\"padding:32px 0px 0px 0px;\" >\n\t\t\t\n\t\t\t\n<h1 class=\"blue\" style=\"text-align: center\">AJV \u2013 LEIDENSCHAFT<br \/> F\u00dcRS ROLLFORMEN<\/h1>\n<h2 class=\"h4 blue\" style=\"text-align: center\">ALLES VON EINEM ANBIETER<\/h2>\n<p class=\"lead\" style=\"text-align: center\">\u201eDie Entwicklung technisch \u00fcberlegener L\u00f6sungen f\u00fcr das Rollformen ist f\u00fcr uns kein reines Gesch\u00e4ft sondern Leidenschaft. Durch unseren ganzheitlichen Ansatz erhalten unsere Kunden das Bestm\u00f6gliche in puncto Produkt und Service. Mit umfassenden L\u00f6sungen und Dienstleistungen aus einer Hand m\u00f6chten wir produktive und langfristige Partnerschaften mit unseren Kunden aufbauen. Maschinenbau aus Finnland genie\u00dft weltweit hohes Ansehen und wir sind stolz darauf, zu dieser Sparte zu geh\u00f6ren. Unsere fundierte Fachkompetenz gr\u00fcndet sich auf \u00fcber 40 Jahren Erfahrung, kontinuierlicher Produktentwicklung und enger Zusammenarbeit mit unseren Kunden.<br \/> Ich und das gesamte AJV-Profiteam sind immer mit 100 % Einsatz f\u00fcr Sie da.\u201d<\/p>\n<p style=\"text-align: center\">Mika Virtanen \u2013 Vorstandsvorsitzender und Eigent\u00fcmer<\/p>\n\t\t<\/div>\n\t<\/div>\n\n\t\n\n\n\t<div class=\"col medium-4 small-12 large-4\"  >\n\t\t<div class=\"col-inner text-center\"  >\n\t\t\t\n\t\t\t\n\t<div class=\"img has-hover x md-x lg-x y md-y lg-y\" id=\"image_1389058948\">\n\t\t\t\t\t\t\t\t<div class=\"img-inner dark\" >\n\t\t\t<img loading=\"lazy\" decoding=\"async\" width=\"1020\" height=\"899\" src=\"https:\/\/www.ajv-machine.com\/de\/wp-content\/uploads\/sites\/4\/2025\/02\/STANDING_BLACK_1080x952-1024x903.png\" class=\"attachment-large size-large\" alt=\"\" srcset=\"https:\/\/www.ajv-machine.com\/de\/wp-content\/uploads\/sites\/4\/2025\/02\/STANDING_BLACK_1080x952-1024x903.png 1024w, https:\/\/www.ajv-machine.com\/de\/wp-content\/uploads\/sites\/4\/2025\/02\/STANDING_BLACK_1080x952-300x264.png 300w, https:\/\/www.ajv-machine.com\/de\/wp-content\/uploads\/sites\/4\/2025\/02\/STANDING_BLACK_1080x952-768x677.png 768w, https:\/\/www.ajv-machine.com\/de\/wp-content\/uploads\/sites\/4\/2025\/02\/STANDING_BLACK_1080x952.png 1080w\" sizes=\"auto, (max-width: 1020px) 100vw, 1020px\" \/>\t\t\t\t\t\t\n\t\t\t\t\t<\/div>\n\t\t\t\t\t\t\t\t\n<style scope=\"scope\">\n\n#image_1389058948 {\n  width: 83%;\n}\n<\/style>\n\t<\/div>\n\t\n\t\t<\/div>\n\t<\/div>\n\n\t\n\n<style scope=\"scope\">\n\n<\/style>\n<\/div>\n<div class=\"row\"  id=\"row-1975523279\">\n\n\t<div class=\"col medium-4 small-12 large-4\"  data-animate=\"flipInX\">\n\t\t<div class=\"col-inner\" style=\"padding:32px 0px 0px 0px;\" >\n\t\t\t\n\t\t\t\n<h2 class=\"uppercase\" style=\"text-align: center\"><span class=\"orange\">\u25a0<\/span>UNSERE MISSION<\/h2>\n<p class=\"lead\" style=\"text-align: center\">liegt in der Produktion von qualitativ hochwertigen, innovativen Rollformanlagen f\u00fcr unsere Kunden, und zwar weltweit.<\/p>\n\t\t<\/div>\n\t<\/div>\n\n\t\n\n\t<div class=\"col medium-4 small-12 large-4\"  data-animate=\"flipInX\">\n\t\t<div class=\"col-inner\" style=\"padding:32px 0px 0px 0px;\" >\n\t\t\t\n\t\t\t\n<h2 class=\"uppercase\" style=\"text-align: center\"><span class=\"orange\">\u25a0<\/span>UNSERE VISION<\/h2>\n<p class=\"lead\" style=\"text-align: center\">ist es, der verl\u00e4sslichste und meist gew\u00e4hlte Gesch\u00e4ftspartner zu sein, wenn es um die Produktion und Lieferung von Profilierungsanlagen und deren Ausstattung geht.<\/p>\n\t\t<\/div>\n\t<\/div>\n\n\t\n\n\t<div class=\"col medium-4 small-12 large-4\"  data-animate=\"flipInX\">\n\t\t<div class=\"col-inner\" style=\"padding:32px 0px 0px 0px;\" >\n\t\t\t\n\t\t\t\n<h2 class=\"uppercase\" style=\"text-align: center\"><span class=\"orange\">\u25a0<\/span>UNSER ARBEITSBETRIEB<\/h2>\n<p class=\"lead\" style=\"text-align: center\">st\u00fctzt sich auf Werte wie Offenheit, Aufrichtigkeit und Verl\u00e4sslichkeit sowohl im Umgang mit unseren Kunden, als auch Angestellten und Gesch\u00e4ftspartnern.<\/p>\n\t\t<\/div>\n\t<\/div>\n\n\t\n<\/div>\n\t<div id=\"gap-1959727106\" class=\"gap-element clearfix\" style=\"display:block; height:auto;\">\n\t\t\n<style scope=\"scope\">\n\n#gap-1959727106 {\n  padding-top: 30px;\n}\n<\/style>\n\t<\/div>\n\t\n\t<section class=\"section dark has-parallax\" id=\"section_459405148\">\n\t\t<div class=\"bg section-bg fill bg-fill  \" data-parallax-container=\".section\" data-parallax-background data-parallax=\"-4\">\n\n\t\t\t\n\t\t\t\n\t\t\t\n\n\t\t<\/div>\n\n\t\t<div class=\"section-content relative\">\n\t\t\t\n\t<div id=\"gap-1332310797\" class=\"gap-element clearfix\" style=\"display:block; height:auto;\">\n\t\t\n<style scope=\"scope\">\n\n#gap-1332310797 {\n  padding-top: 30px;\n}\n<\/style>\n\t<\/div>\n\t\n<h2 style=\"text-align: center\">TRADITIONELLE WERTE<\/h2>\n<h2 class=\"thin-font\" style=\"text-align: center\">VOM EIN-MANN-BETRIEB ZUM GLOBALEN UNTERNEHMEN<\/h2>\n\t<div id=\"gap-1793616287\" class=\"gap-element clearfix\" style=\"display:block; height:auto;\">\n\t\t\n<style scope=\"scope\">\n\n#gap-1793616287 {\n  padding-top: 30px;\n}\n<\/style>\n\t<\/div>\n\t\n<div class=\"row\"  id=\"row-1779084654\">\n\n\t<div class=\"col small-12 large-12\"  >\n\t\t<div class=\"col-inner\"  >\n\t\t\t\n\t\t\t\n<p class=\"lead\" style=\"text-align: center\">Die Geschichte von AJV-Machine reicht bis in die 1970er Jahre zur\u00fcck, als Asko Virtanen beschloss, aus seiner Leidenschaft f\u00fcr Rollformanlagen ein Gesch\u00e4ft zu machen. Die erste Anlage wurde in den 80er Jahren nach Schweden geliefert.<\/p>\n<p class=\"lead\" style=\"text-align: center\">Die in diesen ersten Jahren bei AJV entstandenen Betriebsgrunds\u00e4tze sind so tief verwurzelt, dass sie noch heute von jedem Mitarbeiter bei AJV befolgt werden. Ohne dieses Traditionsbewusstsein h\u00e4tte AJV sich niemals zu einem globalen Wegbereiter in der Rollformtechnik entwickeln k\u00f6nnen.<\/p>\n\t\t<\/div>\n\t<\/div>\n\n\t\n<\/div>\n\t\t<\/div>\n\n\t\t\n<style scope=\"scope\">\n\n#section_459405148 {\n  padding-top: 30px;\n  padding-bottom: 30px;\n}\n#section_459405148 .section-bg.bg-loaded {\n  background-image: url(https:\/\/www.ajv-machine.com\/de\/wp-content\/uploads\/sites\/4\/2017\/09\/AJV-company-02-1.jpg);\n}\n<\/style>\n\t<\/section>\n\t\n<div class=\"row\"  id=\"row-972575120\">\n\n\t<div class=\"col small-12 large-12\"  >\n\t\t<div class=\"col-inner\" style=\"padding:32px 0px 0px 0px;\" >\n\t\t\t\n\t\t\t\n<h2 class=\"h1 blue\" style=\"text-align: center\">HISTORIA<\/h2>\n<p class=\"lead\" style=\"text-align: center\">AJV-Machine ist ein finnisches Familienunternehmen, das weltweit f\u00fcr technologisch innovative, hochwertige Rollforml\u00f6sungen bekannt ist. Unser umfassendes Know-how gr\u00fcndet auf Jahrzentes Erfahrung, kontinuierlicher Produktentwicklung und der engen Zusammenarbeit mit den Kunden.<\/p>\n\t\t<\/div>\n\t<\/div>\n\n\t\n<\/div>\n<div class=\"row align-center\"  id=\"row-803793912\">\n\n\t<div class=\"col medium-5 small-12 large-5\"  data-animate=\"bounceIn\">\n\t\t<div class=\"col-inner text-center\"  >\n\t\t\t\n\t\t\t\n\t<div class=\"img has-hover x md-x lg-x y md-y lg-y\" id=\"image_619407595\">\n\t\t\t\t\t\t\t\t<div class=\"img-inner dark\" >\n\t\t\t<img loading=\"lazy\" decoding=\"async\" width=\"1020\" height=\"356\" src=\"https:\/\/www.ajv-machine.com\/de\/wp-content\/uploads\/sites\/4\/2023\/10\/AJV_Machine_35v_tunnus_RGB-1024x357.png\" class=\"attachment-large size-large\" alt=\"\" srcset=\"https:\/\/www.ajv-machine.com\/de\/wp-content\/uploads\/sites\/4\/2023\/10\/AJV_Machine_35v_tunnus_RGB-1024x357.png 1024w, https:\/\/www.ajv-machine.com\/de\/wp-content\/uploads\/sites\/4\/2023\/10\/AJV_Machine_35v_tunnus_RGB-300x105.png 300w, https:\/\/www.ajv-machine.com\/de\/wp-content\/uploads\/sites\/4\/2023\/10\/AJV_Machine_35v_tunnus_RGB-768x268.png 768w, https:\/\/www.ajv-machine.com\/de\/wp-content\/uploads\/sites\/4\/2023\/10\/AJV_Machine_35v_tunnus_RGB-1536x536.png 1536w, https:\/\/www.ajv-machine.com\/de\/wp-content\/uploads\/sites\/4\/2023\/10\/AJV_Machine_35v_tunnus_RGB-2048x715.png 2048w\" sizes=\"auto, (max-width: 1020px) 100vw, 1020px\" \/>\t\t\t\t\t\t\n\t\t\t\t\t<\/div>\n\t\t\t\t\t\t\t\t\n<style scope=\"scope\">\n\n#image_619407595 {\n  width: 100%;\n}\n<\/style>\n\t<\/div>\n\t\n\t\t<\/div>\n\t<\/div>\n\n\t\n\n<style scope=\"scope\">\n\n<\/style>\n<\/div>\n\t<section class=\"section dark has-parallax\" id=\"section_1489534876\">\n\t\t<div class=\"bg section-bg fill bg-fill  \" data-parallax-container=\".section\" data-parallax-background data-parallax=\"-4\">\n\n\t\t\t\n\t\t\t\n\t\t\t\n\n\t\t<\/div>\n\n\t\t<div class=\"section-content relative\">\n\t\t\t\n\t<div id=\"gap-1968161772\" class=\"gap-element clearfix\" style=\"display:block; height:auto;\">\n\t\t\n<style scope=\"scope\">\n\n#gap-1968161772 {\n  padding-top: 30px;\n}\n<\/style>\n\t<\/div>\n\t\n<h2 class=\"h1 orange prewrap\" style=\"text-align: center\">FORSCHUNG &amp; ENTWICKLUNG<br \/>\nNACH KUNDENVORGABEN<\/h2>\n<h3 class=\"orange\" style=\"text-align: center\">UNSERE LEISTUNGEN SPRECHEN F\u00dcR SICH<\/h3>\n\t<div id=\"gap-1359857881\" class=\"gap-element clearfix\" style=\"display:block; height:auto;\">\n\t\t\n<style scope=\"scope\">\n\n#gap-1359857881 {\n  padding-top: 30px;\n}\n<\/style>\n\t<\/div>\n\t\n<div class=\"row\"  id=\"row-1374075271\">\n\n\t<div class=\"col small-12 large-12\"  >\n\t\t<div class=\"col-inner\"  >\n\t\t\t\n\t\t\t\n<p class=\"lead\" style=\"text-align: center\">Unsere Produktentwicklung ist niemals Selbstzweck. Forschung und Entwicklung basieren bei uns immer auf den Anforderungen unserer Kunden und von deren M\u00e4rkten. Je schwieriger eine Herausforderung, umso freudiger stellen wir uns ihr. Unsere Produktentwicklung findet stets in enger Kooperation mit dem Kunden statt, um unsere L\u00f6sungen optimal auf dessen Produktion abstimmen zu k\u00f6nnen. Wir w\u00fcrden nie eine halbfertige L\u00f6sung liefern. Zusammen mit dem Kunden pr\u00fcfen und simulieren wir jede L\u00f6sung vor deren Auslieferung.<\/p>\n\t\t<\/div>\n\t<\/div>\n\n\t\n<\/div>\n\t\t<\/div>\n\n\t\t\n<style scope=\"scope\">\n\n#section_1489534876 {\n  padding-top: 30px;\n  padding-bottom: 30px;\n}\n#section_1489534876 .section-bg.bg-loaded {\n  background-image: url(https:\/\/www.ajv-machine.com\/de\/wp-content\/uploads\/sites\/4\/2017\/09\/AJV-company-03.jpg);\n}\n<\/style>\n\t<\/section>\n\t\n\t<div id=\"gap-770391798\" class=\"gap-element clearfix\" style=\"display:block; height:auto;\">\n\t\t\n<style scope=\"scope\">\n\n#gap-770391798 {\n  padding-top: 59px;\n}\n<\/style>\n\t<\/div>\n\t\n<div class=\"row align-center\"  id=\"row-1000300261\">\n\n\t<div class=\"col medium-8 small-12 large-8\"  >\n\t\t<div class=\"col-inner text-center\"  >\n\t\t\t\n\t\t\t\n<div class=\"video video-fit mb\" style=\"padding-top:52%;\"><p><iframe loading=\"lazy\" width=\"1020\" height=\"574\" src=\"https:\/\/www.youtube.com\/embed\/64-NoLk-KRc?feature=oembed\" frameborder=\"0\" allowfullscreen><\/iframe><\/p>\n<\/div>\n\t\t<\/div>\n\t<\/div>\n\n\t\n\n<style scope=\"scope\">\n\n<\/style>\n<\/div>\n\t<div id=\"gap-1328315030\" class=\"gap-element clearfix\" style=\"display:block; height:auto;\">\n\t\t\n<style scope=\"scope\">\n\n#gap-1328315030 {\n  padding-top: 59px;\n}\n<\/style>\n\t<\/div>\n\t\n","protected":false},"excerpt":{"rendered":"","protected":false},"author":1,"featured_media":0,"parent":0,"menu_order":0,"comment_status":"closed","ping_status":"closed","template":"page-blank.php","meta":{"footnotes":""},"class_list":["post-379","page","type-page","status-publish","hentry"],"yoast_head":"<!-- This site is optimized with the Yoast SEO plugin v24.2 - https:\/\/yoast.com\/wordpress\/plugins\/seo\/ -->\n<title>Firma - AJV-Machine DE<\/title>\n<meta name=\"description\" content=\"Willkommen bei den Profis der Rollformtechnik. Unser au\u00dferordentliches Know-how ist das Ergebnis vieler Jahrzehnte der Entwicklung erstklassiger L\u00f6sungen f\u00fcr die Blechprofiltechnik.\" \/>\n<meta name=\"robots\" content=\"index, follow, max-snippet:-1, max-image-preview:large, max-video-preview:-1\" \/>\n<link rel=\"canonical\" href=\"https:\/\/www.ajv-machine.com\/de\/company\/\" \/>\n<meta property=\"og:locale\" content=\"de_DE\" \/>\n<meta property=\"og:type\" content=\"article\" \/>\n<meta property=\"og:title\" content=\"Firma - AJV-Machine DE\" \/>\n<meta property=\"og:description\" content=\"Willkommen bei den Profis der Rollformtechnik. Unser au\u00dferordentliches Know-how ist das Ergebnis vieler Jahrzehnte der Entwicklung erstklassiger L\u00f6sungen f\u00fcr die Blechprofiltechnik.\" \/>\n<meta property=\"og:url\" content=\"https:\/\/www.ajv-machine.com\/de\/company\/\" \/>\n<meta property=\"og:site_name\" content=\"AJV-Machine DE\" \/>\n<meta property=\"article:modified_time\" content=\"2025-02-12T09:12:57+00:00\" \/>\n<meta name=\"twitter:card\" content=\"summary_large_image\" \/>\n<meta name=\"twitter:label1\" content=\"Gesch\u00e4tzte Lesezeit\" \/>\n\t<meta name=\"twitter:data1\" content=\"3\u00a0Minuten\" \/>\n<script type=\"application\/ld+json\" class=\"yoast-schema-graph\">{\"@context\":\"https:\/\/schema.org\",\"@graph\":[{\"@type\":\"WebPage\",\"@id\":\"https:\/\/www.ajv-machine.com\/de\/company\/\",\"url\":\"https:\/\/www.ajv-machine.com\/de\/company\/\",\"name\":\"Firma - AJV-Machine DE\",\"isPartOf\":{\"@id\":\"https:\/\/www.ajv-machine.com\/de\/#website\"},\"datePublished\":\"2017-09-11T09:39:27+00:00\",\"dateModified\":\"2025-02-12T09:12:57+00:00\",\"description\":\"Willkommen bei den Profis der Rollformtechnik. Unser au\u00dferordentliches Know-how ist das Ergebnis vieler Jahrzehnte der Entwicklung erstklassiger L\u00f6sungen f\u00fcr die Blechprofiltechnik.\",\"breadcrumb\":{\"@id\":\"https:\/\/www.ajv-machine.com\/de\/company\/#breadcrumb\"},\"inLanguage\":\"de\",\"potentialAction\":[{\"@type\":\"ReadAction\",\"target\":[\"https:\/\/www.ajv-machine.com\/de\/company\/\"]}]},{\"@type\":\"BreadcrumbList\",\"@id\":\"https:\/\/www.ajv-machine.com\/de\/company\/#breadcrumb\",\"itemListElement\":[{\"@type\":\"ListItem\",\"position\":1,\"name\":\"Startseite\",\"item\":\"https:\/\/www.ajv-machine.com\/de\/\"},{\"@type\":\"ListItem\",\"position\":2,\"name\":\"Firma\"}]},{\"@type\":\"WebSite\",\"@id\":\"https:\/\/www.ajv-machine.com\/de\/#website\",\"url\":\"https:\/\/www.ajv-machine.com\/de\/\",\"name\":\"AJV-Machine DE\",\"description\":\"Your profiling technology partner\",\"potentialAction\":[{\"@type\":\"SearchAction\",\"target\":{\"@type\":\"EntryPoint\",\"urlTemplate\":\"https:\/\/www.ajv-machine.com\/de\/?s={search_term_string}\"},\"query-input\":{\"@type\":\"PropertyValueSpecification\",\"valueRequired\":true,\"valueName\":\"search_term_string\"}}],\"inLanguage\":\"de\"}]}<\/script>\n<!-- \/ Yoast SEO plugin. -->","yoast_head_json":{"title":"Firma - AJV-Machine DE","description":"Willkommen bei den Profis der Rollformtechnik. Unser au\u00dferordentliches Know-how ist das Ergebnis vieler Jahrzehnte der Entwicklung erstklassiger L\u00f6sungen f\u00fcr die Blechprofiltechnik.","robots":{"index":"index","follow":"follow","max-snippet":"max-snippet:-1","max-image-preview":"max-image-preview:large","max-video-preview":"max-video-preview:-1"},"canonical":"https:\/\/www.ajv-machine.com\/de\/company\/","og_locale":"de_DE","og_type":"article","og_title":"Firma - AJV-Machine DE","og_description":"Willkommen bei den Profis der Rollformtechnik. Unser au\u00dferordentliches Know-how ist das Ergebnis vieler Jahrzehnte der Entwicklung erstklassiger L\u00f6sungen f\u00fcr die Blechprofiltechnik.","og_url":"https:\/\/www.ajv-machine.com\/de\/company\/","og_site_name":"AJV-Machine DE","article_modified_time":"2025-02-12T09:12:57+00:00","twitter_card":"summary_large_image","twitter_misc":{"Gesch\u00e4tzte Lesezeit":"3\u00a0Minuten"},"schema":{"@context":"https:\/\/schema.org","@graph":[{"@type":"WebPage","@id":"https:\/\/www.ajv-machine.com\/de\/company\/","url":"https:\/\/www.ajv-machine.com\/de\/company\/","name":"Firma - AJV-Machine DE","isPartOf":{"@id":"https:\/\/www.ajv-machine.com\/de\/#website"},"datePublished":"2017-09-11T09:39:27+00:00","dateModified":"2025-02-12T09:12:57+00:00","description":"Willkommen bei den Profis der Rollformtechnik. Unser au\u00dferordentliches Know-how ist das Ergebnis vieler Jahrzehnte der Entwicklung erstklassiger L\u00f6sungen f\u00fcr die Blechprofiltechnik.","breadcrumb":{"@id":"https:\/\/www.ajv-machine.com\/de\/company\/#breadcrumb"},"inLanguage":"de","potentialAction":[{"@type":"ReadAction","target":["https:\/\/www.ajv-machine.com\/de\/company\/"]}]},{"@type":"BreadcrumbList","@id":"https:\/\/www.ajv-machine.com\/de\/company\/#breadcrumb","itemListElement":[{"@type":"ListItem","position":1,"name":"Startseite","item":"https:\/\/www.ajv-machine.com\/de\/"},{"@type":"ListItem","position":2,"name":"Firma"}]},{"@type":"WebSite","@id":"https:\/\/www.ajv-machine.com\/de\/#website","url":"https:\/\/www.ajv-machine.com\/de\/","name":"AJV-Machine DE","description":"Your profiling technology partner","potentialAction":[{"@type":"SearchAction","target":{"@type":"EntryPoint","urlTemplate":"https:\/\/www.ajv-machine.com\/de\/?s={search_term_string}"},"query-input":{"@type":"PropertyValueSpecification","valueRequired":true,"valueName":"search_term_string"}}],"inLanguage":"de"}]}},"_links":{"self":[{"href":"https:\/\/www.ajv-machine.com\/de\/wp-json\/wp\/v2\/pages\/379","targetHints":{"allow":["GET"]}}],"collection":[{"href":"https:\/\/www.ajv-machine.com\/de\/wp-json\/wp\/v2\/pages"}],"about":[{"href":"https:\/\/www.ajv-machine.com\/de\/wp-json\/wp\/v2\/types\/page"}],"author":[{"embeddable":true,"href":"https:\/\/www.ajv-machine.com\/de\/wp-json\/wp\/v2\/users\/1"}],"replies":[{"embeddable":true,"href":"https:\/\/www.ajv-machine.com\/de\/wp-json\/wp\/v2\/comments?post=379"}],"version-history":[{"count":103,"href":"https:\/\/www.ajv-machine.com\/de\/wp-json\/wp\/v2\/pages\/379\/revisions"}],"predecessor-version":[{"id":2048,"href":"https:\/\/www.ajv-machine.com\/de\/wp-json\/wp\/v2\/pages\/379\/revisions\/2048"}],"wp:attachment":[{"href":"https:\/\/www.ajv-machine.com\/de\/wp-json\/wp\/v2\/media?parent=379"}],"curies":[{"name":"wp","href":"https:\/\/api.w.org\/{rel}","templated":true}]}}