{"id":410,"date":"2017-09-11T09:55:16","date_gmt":"2017-09-11T09:55:16","guid":{"rendered":"http:\/\/www.ajv-machine.com\/de\/?page_id=410"},"modified":"2017-11-27T16:56:58","modified_gmt":"2017-11-27T16:56:58","slug":"fertigunglayouts","status":"publish","type":"page","link":"https:\/\/www.ajv-machine.com\/de\/fertigunglayouts\/","title":{"rendered":"AJV Fertigunglayouts"},"content":{"rendered":"\t<section class=\"section dark\" id=\"section_1886835660\">\n\t\t<div class=\"bg section-bg fill bg-fill  \" >\n\n\t\t\t\n\t\t\t\n\t\t\t\n\n\t\t<\/div>\n\n\t\t<div class=\"section-content relative\">\n\t\t\t\n<h1 class=\"uppercase\" style=\"text-align: center;\">AJV<br \/>\nFERTIGUNGSLAYOUTS<\/h1>\n\t<div id=\"gap-693515627\" class=\"gap-element clearfix\" style=\"display:block; height:auto;\">\n\t\t\n<style scope=\"scope\">\n\n#gap-693515627 {\n  padding-top: 30px;\n}\n<\/style>\n\t<\/div>\n\t\n<div class=\"row align-middle align-center\"  id=\"row-1792962957\">\n\n\t<div class=\"col medium-4 small-12 large-4\"  >\n\t\t<div class=\"col-inner text-center\"  >\n\t\t\t\n\t\t\t\n\t<div class=\"img has-hover x md-x lg-x y md-y lg-y\" id=\"image_1041647527\">\n\t\t\t\t\t\t\t\t<div class=\"img-inner dark\" >\n\t\t\t<img loading=\"lazy\" decoding=\"async\" width=\"295\" height=\"260\" src=\"https:\/\/www.ajv-machine.com\/de\/wp-content\/uploads\/sites\/4\/2017\/09\/AJV-factorylayouts-symbol-01.png\" class=\"attachment-large size-large\" alt=\"\" \/>\t\t\t\t\t\t\n\t\t\t\t\t<\/div>\n\t\t\t\t\t\t\t\t\n<style scope=\"scope\">\n\n#image_1041647527 {\n  width: 39%;\n}\n<\/style>\n\t<\/div>\n\t\n\t\t<\/div>\n\t<\/div>\n\n\t\n\n<style scope=\"scope\">\n\n<\/style>\n<\/div>\n\t\t<\/div>\n\n\t\t\n<style scope=\"scope\">\n\n#section_1886835660 {\n  padding-top: 60px;\n  padding-bottom: 60px;\n  min-height: 500px;\n  background-color: rgb(40, 40, 40);\n}\n#section_1886835660 .section-bg.bg-loaded {\n  background-image: url(https:\/\/www.ajv-machine.com\/de\/wp-content\/uploads\/sites\/4\/2017\/10\/AJV-factory-layouts-main.jpg);\n}\n<\/style>\n\t<\/section>\n\t\n\t<div id=\"gap-1709341269\" class=\"gap-element clearfix\" style=\"display:block; height:auto;\">\n\t\t\n<style scope=\"scope\">\n\n#gap-1709341269 {\n  padding-top: 60px;\n}\n<\/style>\n\t<\/div>\n\t\n<div class=\"row\"  id=\"row-2078183795\">\n\n\t<div class=\"col medium-6 small-12 large-6\"  >\n\t\t<div class=\"col-inner\"  >\n\t\t\t\n\t\t\t\n<h2 class=\"h1\">AJV FERTIGUNGS&shy;LAYOUTS<\/h2>\n<h3 class=\"h5 uppercase\">UNSERE SPEZIALIT\u00c4T IST DAS DESIGN EFFIZIENTER UND HOCH AUTOMATISIERTER FERTIGUNGSLAYOUTS<\/h3>\n<p>Sie ziehen in ein neues Werk um, \u00e4ndern das Layout eines bestehenden Standorts oder f\u00fcgen neue Ger\u00e4te hinzu? In jedem Fall kann unser schlankes Fertigungsdesign entscheidend sein, um die Rollformanlage optimal zu nutzen. Durch ein flexibles Fertigungsdesign nach den Lean-Prinzipien k\u00f6nnen zahlreiche Vorteile erreicht werden. Das bedeutet eine effizientere Produktionsumgebung, weniger zeitraubende Vorg\u00e4nge und eine insgesamt bessere Steuerung Ihrer Produktion.<\/p>\n<p>Erleben Sie unsere Kompetenz. Rufen Sie uns an und finden Sie heraus, welches Layout am besten zu ihrem Betrieb passt?<\/p>\n<h4>\u25a0 FERTIGUNGSLAYOUTS<\/h4>\n<div class=\"is-divider divider clearfix\" style=\"max-width:509px;height:2px;background-color:rgb(0, 148, 216);\"><\/div>\n<p><span class=\"orange\">\u25a0<\/span> Ablauf optimieren<br \/>\n<span class=\"orange\">\u25a0<\/span> Effizienz erh\u00f6hen<br \/>\n<span class=\"orange\"> \u25a0<\/span> Produktivit\u00e4t steigern<\/p>\n<p>Die AJV-Services zum Fertigungslayout umfassen sowohl neue Rollformanlagen als auch Aufr\u00fcstungen bestehender Anlagen.<\/p>\n\t\t<\/div>\n\t<\/div>\n\n\t\n\n\t<div class=\"col medium-6 small-12 large-6\"  >\n\t\t<div class=\"col-inner\"  >\n\t\t\t\n\t\t\t\n<div class=\"slider-wrapper relative hide-for-small\" id=\"slider-1585438744\" >\n    <div class=\"slider slider-nav-dots-simple slider-nav-circle slider-nav-normal slider-nav-light slider-style-normal slider-show-nav\"\n        data-flickity-options='{\n            \"cellAlign\": \"center\",\n            \"imagesLoaded\": true,\n            \"lazyLoad\": 1,\n            \"freeScroll\": false,\n            \"wrapAround\": false,\n            \"autoPlay\": 6000,\n            \"pauseAutoPlayOnHover\" : true,\n            \"prevNextButtons\": true,\n            \"contain\" : true,\n            \"adaptiveHeight\" : true,\n            \"dragThreshold\" : 10,\n            \"percentPosition\": true,\n            \"pageDots\": true,\n            \"rightToLeft\": false,\n            \"draggable\": true,\n            \"selectedAttraction\": 0.1,\n            \"parallax\" : 0,\n            \"friction\": 0.6        }'\n        >\n        \n\t<div class=\"img has-hover x md-x lg-x y md-y lg-y\" id=\"image_1853895701\">\n\t\t\t\t\t\t\t\t<div class=\"img-inner dark\" >\n\t\t\t<img loading=\"lazy\" decoding=\"async\" width=\"525\" height=\"268\" src=\"https:\/\/www.ajv-machine.com\/de\/wp-content\/uploads\/sites\/4\/2017\/10\/AJV-Factory-layout-03.jpg\" class=\"attachment-large size-large\" alt=\"\" srcset=\"https:\/\/www.ajv-machine.com\/de\/wp-content\/uploads\/sites\/4\/2017\/10\/AJV-Factory-layout-03.jpg 525w, https:\/\/www.ajv-machine.com\/de\/wp-content\/uploads\/sites\/4\/2017\/10\/AJV-Factory-layout-03-300x153.jpg 300w\" sizes=\"auto, (max-width: 525px) 100vw, 525px\" \/>\t\t\t\t\t\t\n\t\t\t\t\t<\/div>\n\t\t\t\t\t\t\t\t\n<style scope=\"scope\">\n\n#image_1853895701 {\n  width: 100%;\n}\n<\/style>\n\t<\/div>\n\t\n\t<div class=\"img has-hover x md-x lg-x y md-y lg-y\" id=\"image_24867258\">\n\t\t\t\t\t\t\t\t<div class=\"img-inner dark\" >\n\t\t\t<img loading=\"lazy\" decoding=\"async\" width=\"525\" height=\"268\" src=\"https:\/\/www.ajv-machine.com\/de\/wp-content\/uploads\/sites\/4\/2017\/10\/AJV-Factory-layout-05.jpg\" class=\"attachment-large size-large\" alt=\"\" srcset=\"https:\/\/www.ajv-machine.com\/de\/wp-content\/uploads\/sites\/4\/2017\/10\/AJV-Factory-layout-05.jpg 525w, https:\/\/www.ajv-machine.com\/de\/wp-content\/uploads\/sites\/4\/2017\/10\/AJV-Factory-layout-05-300x153.jpg 300w\" sizes=\"auto, (max-width: 525px) 100vw, 525px\" \/>\t\t\t\t\t\t\n\t\t\t\t\t<\/div>\n\t\t\t\t\t\t\t\t\n<style scope=\"scope\">\n\n#image_24867258 {\n  width: 100%;\n}\n<\/style>\n\t<\/div>\n\t\n\t<div class=\"img has-hover x md-x lg-x y md-y lg-y\" id=\"image_1790788870\">\n\t\t\t\t\t\t\t\t<div class=\"img-inner dark\" >\n\t\t\t<img loading=\"lazy\" decoding=\"async\" width=\"525\" height=\"268\" src=\"https:\/\/www.ajv-machine.com\/de\/wp-content\/uploads\/sites\/4\/2017\/10\/AJV-Factory-layout-04.jpg\" class=\"attachment-large size-large\" alt=\"\" srcset=\"https:\/\/www.ajv-machine.com\/de\/wp-content\/uploads\/sites\/4\/2017\/10\/AJV-Factory-layout-04.jpg 525w, https:\/\/www.ajv-machine.com\/de\/wp-content\/uploads\/sites\/4\/2017\/10\/AJV-Factory-layout-04-300x153.jpg 300w\" sizes=\"auto, (max-width: 525px) 100vw, 525px\" \/>\t\t\t\t\t\t\n\t\t\t\t\t<\/div>\n\t\t\t\t\t\t\t\t\n<style scope=\"scope\">\n\n#image_1790788870 {\n  width: 100%;\n}\n<\/style>\n\t<\/div>\n\t\n\t<div class=\"img has-hover x md-x lg-x y md-y lg-y\" id=\"image_1980104814\">\n\t\t\t\t\t\t\t\t<div class=\"img-inner dark\" >\n\t\t\t<img loading=\"lazy\" decoding=\"async\" width=\"525\" height=\"268\" src=\"https:\/\/www.ajv-machine.com\/de\/wp-content\/uploads\/sites\/4\/2017\/10\/AJV-Factory-layout-08-1.jpg\" class=\"attachment-large size-large\" alt=\"\" srcset=\"https:\/\/www.ajv-machine.com\/de\/wp-content\/uploads\/sites\/4\/2017\/10\/AJV-Factory-layout-08-1.jpg 525w, https:\/\/www.ajv-machine.com\/de\/wp-content\/uploads\/sites\/4\/2017\/10\/AJV-Factory-layout-08-1-300x153.jpg 300w\" sizes=\"auto, (max-width: 525px) 100vw, 525px\" \/>\t\t\t\t\t\t\n\t\t\t\t\t<\/div>\n\t\t\t\t\t\t\t\t\n<style scope=\"scope\">\n\n#image_1980104814 {\n  width: 100%;\n}\n<\/style>\n\t<\/div>\n\t\n\t<div class=\"img has-hover x md-x lg-x y md-y lg-y\" id=\"image_1342875052\">\n\t\t\t\t\t\t\t\t<div class=\"img-inner dark\" >\n\t\t\t<img loading=\"lazy\" decoding=\"async\" width=\"525\" height=\"268\" src=\"https:\/\/www.ajv-machine.com\/de\/wp-content\/uploads\/sites\/4\/2017\/10\/AJV-Factory-layout-07-1.jpg\" class=\"attachment-large size-large\" alt=\"\" srcset=\"https:\/\/www.ajv-machine.com\/de\/wp-content\/uploads\/sites\/4\/2017\/10\/AJV-Factory-layout-07-1.jpg 525w, https:\/\/www.ajv-machine.com\/de\/wp-content\/uploads\/sites\/4\/2017\/10\/AJV-Factory-layout-07-1-300x153.jpg 300w\" sizes=\"auto, (max-width: 525px) 100vw, 525px\" \/>\t\t\t\t\t\t\n\t\t\t\t\t<\/div>\n\t\t\t\t\t\t\t\t\n<style scope=\"scope\">\n\n#image_1342875052 {\n  width: 100%;\n}\n<\/style>\n\t<\/div>\n\t\n     <\/div>\n\n     <div class=\"loading-spin dark large centered\"><\/div>\n\n     <style scope=\"scope\">\n             <\/style>\n<\/div>\n\n\n\t<div id=\"gap-624203344\" class=\"gap-element clearfix\" style=\"display:block; height:auto;\">\n\t\t\n<style scope=\"scope\">\n\n#gap-624203344 {\n  padding-top: 30px;\n}\n<\/style>\n\t<\/div>\n\t\n\t<div class=\"img has-hover x md-x lg-x y md-y lg-y\" id=\"image_387410580\">\n\t\t\t\t\t\t\t\t<div class=\"img-inner dark\" >\n\t\t\t<img loading=\"lazy\" decoding=\"async\" width=\"525\" height=\"268\" src=\"https:\/\/www.ajv-machine.com\/de\/wp-content\/uploads\/sites\/4\/2017\/10\/AJV-Factory-layout-06.jpg\" class=\"attachment-original size-original\" alt=\"\" srcset=\"https:\/\/www.ajv-machine.com\/de\/wp-content\/uploads\/sites\/4\/2017\/10\/AJV-Factory-layout-06.jpg 525w, https:\/\/www.ajv-machine.com\/de\/wp-content\/uploads\/sites\/4\/2017\/10\/AJV-Factory-layout-06-300x153.jpg 300w\" sizes=\"auto, (max-width: 525px) 100vw, 525px\" \/>\t\t\t\t\t\t\n\t\t\t\t\t<\/div>\n\t\t\t\t\t\t\t\t\n<style scope=\"scope\">\n\n#image_387410580 {\n  width: 100%;\n}\n<\/style>\n\t<\/div>\n\t\n\t\t<\/div>\n\t<\/div>\n\n\t\n<\/div>\n<div class=\"row\"  id=\"row-345497940\">\n\n\t<div class=\"col medium-6 small-12 large-6\"  >\n\t\t<div class=\"col-inner\"  >\n\t\t\t\n\t\t\t\n<div class=\"video video-fit mb\" style=\"padding-top:52%;\"><p><iframe loading=\"lazy\" width=\"1020\" height=\"574\" src=\"https:\/\/www.youtube.com\/embed\/u1UN45aSBvo?feature=oembed\" frameborder=\"0\" allowfullscreen><\/iframe><\/p>\n<\/div>\n\t\t<\/div>\n\t<\/div>\n\n\t\n\n\t<div class=\"col medium-6 small-12 large-6\"  >\n\t\t<div class=\"col-inner\"  >\n\t\t\t\n\t\t\t\n<div class=\"video video-fit mb\" style=\"padding-top:52%;\"><p><iframe loading=\"lazy\" width=\"1020\" height=\"574\" src=\"https:\/\/www.youtube.com\/embed\/_9BY3nMiDyk?feature=oembed\" frameborder=\"0\" allowfullscreen><\/iframe><\/p>\n<\/div>\n\t\t<\/div>\n\t<\/div>\n\n\t\n<\/div>\n\t<div id=\"gap-259836237\" class=\"gap-element clearfix\" style=\"display:block; height:auto;\">\n\t\t\n<style scope=\"scope\">\n\n#gap-259836237 {\n  padding-top: 60px;\n}\n<\/style>\n\t<\/div>\n\t\n\t<section class=\"section has-parallax\" id=\"section_223269055\">\n\t\t<div class=\"bg section-bg fill bg-fill  \" data-parallax-container=\".section\" data-parallax-background data-parallax=\"-5\">\n\n\t\t\t\n\t\t\t<div class=\"section-bg-overlay absolute fill\"><\/div>\n\t\t\t\n\n\t\t<\/div>\n\n\t\t<div class=\"section-content relative\">\n\t\t\t\n<div class=\"row align-middle align-center\"  id=\"row-151476895\">\n\n\t<div class=\"col medium-5 small-12 large-5\"  >\n\t\t<div class=\"col-inner text-right\" style=\"padding:35px 19px 0px 0px;\" >\n\t\t\t\n\t\t\t\n\t<div class=\"img has-hover x md-x lg-x y md-y lg-y\" id=\"image_1072487336\">\n\t\t\t\t\t\t\t\t<div class=\"img-inner dark\" >\n\t\t\t<img loading=\"lazy\" decoding=\"async\" width=\"300\" height=\"300\" src=\"https:\/\/www.ajv-machine.com\/de\/wp-content\/uploads\/sites\/4\/2017\/09\/AJV-Alyyan-Nabeel-300x300.png\" class=\"attachment-medium size-medium\" alt=\"\" srcset=\"https:\/\/www.ajv-machine.com\/de\/wp-content\/uploads\/sites\/4\/2017\/09\/AJV-Alyyan-Nabeel-300x300.png 300w, https:\/\/www.ajv-machine.com\/de\/wp-content\/uploads\/sites\/4\/2017\/09\/AJV-Alyyan-Nabeel-150x150.png 150w, https:\/\/www.ajv-machine.com\/de\/wp-content\/uploads\/sites\/4\/2017\/09\/AJV-Alyyan-Nabeel.png 471w\" sizes=\"auto, (max-width: 300px) 100vw, 300px\" \/>\t\t\t\t\t\t\n\t\t\t\t\t<\/div>\n\t\t\t\t\t\t\t\t\n<style scope=\"scope\">\n\n#image_1072487336 {\n  width: 63%;\n}\n<\/style>\n\t<\/div>\n\t\n\t\t<\/div>\n\t<\/div>\n\n\t\n\n\t<div class=\"col medium-7 small-12 large-7\"  >\n\t\t<div class=\"col-inner text-shadow-2 dark\"  >\n\t\t\t\n\t\t\t\n<p><span id=\"u10983-6\">\u201eWir haben uns f\u00fcr AJV-Machine entschieden, weil wir ihre Kompetenz und hochwertige Technologie kannten. Sie waren in der Lage, uns die modernste Komplettl\u00f6sung ma\u00dfzuschneidern, und haben dieses schwierige und gro\u00dfformatige Projekt fristgerecht und unseren Anforderungen entsprechend auf die Beine gestellt.\u201c<\/span><\/p>\n<p>Swedsteel-Metecno, Generaldirektor Alyyan Nabeel.<\/p>\n\t\t<\/div>\n\t<\/div>\n\n\t\n\n<style scope=\"scope\">\n\n<\/style>\n<\/div>\n\t\t<\/div>\n\n\t\t\n<style scope=\"scope\">\n\n#section_223269055 {\n  padding-top: 30px;\n  padding-bottom: 30px;\n  min-height: 300px;\n  background-color: rgb(40, 40, 40);\n}\n#section_223269055 .section-bg-overlay {\n  background-color: rgba(0,0,0,.5);\n}\n#section_223269055 .section-bg.bg-loaded {\n  background-image: url(https:\/\/www.ajv-machine.com\/de\/wp-content\/uploads\/sites\/4\/2017\/09\/AJV-fastfix-04.jpg);\n}\n#section_223269055 .section-bg {\n  background-position: 1% 27%;\n}\n<\/style>\n\t<\/section>\n\t\n","protected":false},"excerpt":{"rendered":"","protected":false},"author":1,"featured_media":0,"parent":0,"menu_order":0,"comment_status":"closed","ping_status":"closed","template":"page-blank.php","meta":{"footnotes":""},"class_list":["post-410","page","type-page","status-publish","hentry"],"yoast_head":"<!-- This site is optimized with the Yoast SEO plugin v24.2 - https:\/\/yoast.com\/wordpress\/plugins\/seo\/ -->\n<title>AJV Fertigunglayouts - AJV-Machine DE<\/title>\n<meta name=\"description\" content=\"Willkommen bei den Profis der Rollformtechnik. Unser au\u00dferordentliches Know-how ist das Ergebnis vieler Jahrzehnte der Entwicklung erstklassiger L\u00f6sungen f\u00fcr die Blechprofiltechnik.\" \/>\n<meta name=\"robots\" content=\"index, follow, max-snippet:-1, max-image-preview:large, max-video-preview:-1\" \/>\n<link rel=\"canonical\" href=\"https:\/\/www.ajv-machine.com\/de\/fertigunglayouts\/\" \/>\n<meta property=\"og:locale\" content=\"de_DE\" \/>\n<meta property=\"og:type\" content=\"article\" \/>\n<meta property=\"og:title\" content=\"AJV Fertigunglayouts - AJV-Machine DE\" \/>\n<meta property=\"og:description\" content=\"Willkommen bei den Profis der Rollformtechnik. Unser au\u00dferordentliches Know-how ist das Ergebnis vieler Jahrzehnte der Entwicklung erstklassiger L\u00f6sungen f\u00fcr die Blechprofiltechnik.\" \/>\n<meta property=\"og:url\" content=\"https:\/\/www.ajv-machine.com\/de\/fertigunglayouts\/\" \/>\n<meta property=\"og:site_name\" content=\"AJV-Machine DE\" \/>\n<meta property=\"article:modified_time\" content=\"2017-11-27T16:56:58+00:00\" \/>\n<meta name=\"twitter:card\" content=\"summary_large_image\" \/>\n<meta name=\"twitter:label1\" content=\"Gesch\u00e4tzte Lesezeit\" \/>\n\t<meta name=\"twitter:data1\" content=\"2\u00a0Minuten\" \/>\n<script type=\"application\/ld+json\" class=\"yoast-schema-graph\">{\"@context\":\"https:\/\/schema.org\",\"@graph\":[{\"@type\":\"WebPage\",\"@id\":\"https:\/\/www.ajv-machine.com\/de\/fertigunglayouts\/\",\"url\":\"https:\/\/www.ajv-machine.com\/de\/fertigunglayouts\/\",\"name\":\"AJV Fertigunglayouts - AJV-Machine DE\",\"isPartOf\":{\"@id\":\"https:\/\/www.ajv-machine.com\/de\/#website\"},\"datePublished\":\"2017-09-11T09:55:16+00:00\",\"dateModified\":\"2017-11-27T16:56:58+00:00\",\"description\":\"Willkommen bei den Profis der Rollformtechnik. Unser au\u00dferordentliches Know-how ist das Ergebnis vieler Jahrzehnte der Entwicklung erstklassiger L\u00f6sungen f\u00fcr die Blechprofiltechnik.\",\"breadcrumb\":{\"@id\":\"https:\/\/www.ajv-machine.com\/de\/fertigunglayouts\/#breadcrumb\"},\"inLanguage\":\"de\",\"potentialAction\":[{\"@type\":\"ReadAction\",\"target\":[\"https:\/\/www.ajv-machine.com\/de\/fertigunglayouts\/\"]}]},{\"@type\":\"BreadcrumbList\",\"@id\":\"https:\/\/www.ajv-machine.com\/de\/fertigunglayouts\/#breadcrumb\",\"itemListElement\":[{\"@type\":\"ListItem\",\"position\":1,\"name\":\"Startseite\",\"item\":\"https:\/\/www.ajv-machine.com\/de\/\"},{\"@type\":\"ListItem\",\"position\":2,\"name\":\"AJV Fertigunglayouts\"}]},{\"@type\":\"WebSite\",\"@id\":\"https:\/\/www.ajv-machine.com\/de\/#website\",\"url\":\"https:\/\/www.ajv-machine.com\/de\/\",\"name\":\"AJV-Machine DE\",\"description\":\"Your profiling technology partner\",\"potentialAction\":[{\"@type\":\"SearchAction\",\"target\":{\"@type\":\"EntryPoint\",\"urlTemplate\":\"https:\/\/www.ajv-machine.com\/de\/?s={search_term_string}\"},\"query-input\":{\"@type\":\"PropertyValueSpecification\",\"valueRequired\":true,\"valueName\":\"search_term_string\"}}],\"inLanguage\":\"de\"}]}<\/script>\n<!-- \/ Yoast SEO plugin. -->","yoast_head_json":{"title":"AJV Fertigunglayouts - AJV-Machine DE","description":"Willkommen bei den Profis der Rollformtechnik. Unser au\u00dferordentliches Know-how ist das Ergebnis vieler Jahrzehnte der Entwicklung erstklassiger L\u00f6sungen f\u00fcr die Blechprofiltechnik.","robots":{"index":"index","follow":"follow","max-snippet":"max-snippet:-1","max-image-preview":"max-image-preview:large","max-video-preview":"max-video-preview:-1"},"canonical":"https:\/\/www.ajv-machine.com\/de\/fertigunglayouts\/","og_locale":"de_DE","og_type":"article","og_title":"AJV Fertigunglayouts - AJV-Machine DE","og_description":"Willkommen bei den Profis der Rollformtechnik. Unser au\u00dferordentliches Know-how ist das Ergebnis vieler Jahrzehnte der Entwicklung erstklassiger L\u00f6sungen f\u00fcr die Blechprofiltechnik.","og_url":"https:\/\/www.ajv-machine.com\/de\/fertigunglayouts\/","og_site_name":"AJV-Machine DE","article_modified_time":"2017-11-27T16:56:58+00:00","twitter_card":"summary_large_image","twitter_misc":{"Gesch\u00e4tzte Lesezeit":"2\u00a0Minuten"},"schema":{"@context":"https:\/\/schema.org","@graph":[{"@type":"WebPage","@id":"https:\/\/www.ajv-machine.com\/de\/fertigunglayouts\/","url":"https:\/\/www.ajv-machine.com\/de\/fertigunglayouts\/","name":"AJV Fertigunglayouts - AJV-Machine DE","isPartOf":{"@id":"https:\/\/www.ajv-machine.com\/de\/#website"},"datePublished":"2017-09-11T09:55:16+00:00","dateModified":"2017-11-27T16:56:58+00:00","description":"Willkommen bei den Profis der Rollformtechnik. Unser au\u00dferordentliches Know-how ist das Ergebnis vieler Jahrzehnte der Entwicklung erstklassiger L\u00f6sungen f\u00fcr die Blechprofiltechnik.","breadcrumb":{"@id":"https:\/\/www.ajv-machine.com\/de\/fertigunglayouts\/#breadcrumb"},"inLanguage":"de","potentialAction":[{"@type":"ReadAction","target":["https:\/\/www.ajv-machine.com\/de\/fertigunglayouts\/"]}]},{"@type":"BreadcrumbList","@id":"https:\/\/www.ajv-machine.com\/de\/fertigunglayouts\/#breadcrumb","itemListElement":[{"@type":"ListItem","position":1,"name":"Startseite","item":"https:\/\/www.ajv-machine.com\/de\/"},{"@type":"ListItem","position":2,"name":"AJV Fertigunglayouts"}]},{"@type":"WebSite","@id":"https:\/\/www.ajv-machine.com\/de\/#website","url":"https:\/\/www.ajv-machine.com\/de\/","name":"AJV-Machine DE","description":"Your profiling technology partner","potentialAction":[{"@type":"SearchAction","target":{"@type":"EntryPoint","urlTemplate":"https:\/\/www.ajv-machine.com\/de\/?s={search_term_string}"},"query-input":{"@type":"PropertyValueSpecification","valueRequired":true,"valueName":"search_term_string"}}],"inLanguage":"de"}]}},"_links":{"self":[{"href":"https:\/\/www.ajv-machine.com\/de\/wp-json\/wp\/v2\/pages\/410","targetHints":{"allow":["GET"]}}],"collection":[{"href":"https:\/\/www.ajv-machine.com\/de\/wp-json\/wp\/v2\/pages"}],"about":[{"href":"https:\/\/www.ajv-machine.com\/de\/wp-json\/wp\/v2\/types\/page"}],"author":[{"embeddable":true,"href":"https:\/\/www.ajv-machine.com\/de\/wp-json\/wp\/v2\/users\/1"}],"replies":[{"embeddable":true,"href":"https:\/\/www.ajv-machine.com\/de\/wp-json\/wp\/v2\/comments?post=410"}],"version-history":[{"count":112,"href":"https:\/\/www.ajv-machine.com\/de\/wp-json\/wp\/v2\/pages\/410\/revisions"}],"predecessor-version":[{"id":1913,"href":"https:\/\/www.ajv-machine.com\/de\/wp-json\/wp\/v2\/pages\/410\/revisions\/1913"}],"wp:attachment":[{"href":"https:\/\/www.ajv-machine.com\/de\/wp-json\/wp\/v2\/media?parent=410"}],"curies":[{"name":"wp","href":"https:\/\/api.w.org\/{rel}","templated":true}]}}