{"id":697,"date":"2017-09-12T12:16:21","date_gmt":"2017-09-12T12:16:21","guid":{"rendered":"http:\/\/www.ajv-machine.com\/de\/?page_id=697"},"modified":"2017-11-27T17:02:47","modified_gmt":"2017-11-27T17:02:47","slug":"ajv-maschinen-fur-tragende-strukturen","status":"publish","type":"page","link":"https:\/\/www.ajv-machine.com\/de\/ajv-maschinen-fur-tragende-strukturen\/","title":{"rendered":"AJV Maschinen f\u00fcr tragende strukturen"},"content":{"rendered":"\t<section class=\"section dark\" id=\"section_1948761768\">\n\t\t<div class=\"bg section-bg fill bg-fill  \" >\n\n\t\t\t\n\t\t\t\n\t\t\t\n\n\t\t<\/div>\n\n\t\t<div class=\"section-content relative\">\n\t\t\t\n<h1 class=\"uppercase\" style=\"text-align: center;\">AJV<br \/>\nMASCHINEN F\u00dcR<br \/>\nTRAGENDE STRUKTUREN<\/h1>\n\t<div id=\"gap-1477822189\" class=\"gap-element clearfix\" style=\"display:block; height:auto;\">\n\t\t\n<style scope=\"scope\">\n\n#gap-1477822189 {\n  padding-top: 30px;\n}\n<\/style>\n\t<\/div>\n\t\n<div class=\"row row-small align-middle align-center\"  id=\"row-551717689\">\n\n\t<div class=\"col medium-4 small-12 large-4\"  >\n\t\t<div class=\"col-inner text-center\"  >\n\t\t\t\n\t\t\t\n\t<div class=\"img has-hover x md-x lg-x y md-y lg-y\" id=\"image_1989273751\">\n\t\t\t\t\t\t\t\t<div class=\"img-inner dark\" >\n\t\t\t<img loading=\"lazy\" decoding=\"async\" width=\"527\" height=\"611\" src=\"https:\/\/www.ajv-machine.com\/de\/wp-content\/uploads\/sites\/4\/2017\/09\/AJV-machinery-symbol-02.png\" class=\"attachment-large size-large\" alt=\"\" srcset=\"https:\/\/www.ajv-machine.com\/de\/wp-content\/uploads\/sites\/4\/2017\/09\/AJV-machinery-symbol-02.png 527w, https:\/\/www.ajv-machine.com\/de\/wp-content\/uploads\/sites\/4\/2017\/09\/AJV-machinery-symbol-02-259x300.png 259w\" sizes=\"auto, (max-width: 527px) 100vw, 527px\" \/>\t\t\t\t\t\t\n\t\t\t\t\t<\/div>\n\t\t\t\t\t\t\t\t\n<style scope=\"scope\">\n\n#image_1989273751 {\n  width: 66%;\n}\n<\/style>\n\t<\/div>\n\t\n\t\t<\/div>\n\t<\/div>\n\n\t\n\n<style scope=\"scope\">\n\n<\/style>\n<\/div>\n\t\t<\/div>\n\n\t\t\n<style scope=\"scope\">\n\n#section_1948761768 {\n  padding-top: 60px;\n  padding-bottom: 60px;\n  min-height: 500px;\n  background-color: rgb(40, 40, 40);\n}\n#section_1948761768 .section-bg.bg-loaded {\n  background-image: url(https:\/\/www.ajv-machine.com\/de\/wp-content\/uploads\/sites\/4\/2017\/10\/AJV-load-bearing-structures-01.jpg);\n}\n<\/style>\n\t<\/section>\n\t\n\t<div id=\"gap-953552180\" class=\"gap-element clearfix\" style=\"display:block; height:auto;\">\n\t\t\n<style scope=\"scope\">\n\n#gap-953552180 {\n  padding-top: 60px;\n}\n<\/style>\n\t<\/div>\n\t\n<div class=\"row\"  id=\"row-152447837\">\n\n\t<div class=\"col medium-6 small-12 large-6\"  >\n\t\t<div class=\"col-inner\"  >\n\t\t\t\n\t\t\t\n<h2 class=\"h1\">AJV MASCHINEN F\u00dcR TRAGENDE STRUKTUREN<\/h2>\n<h3 class=\"h2 uppercase\">HERAUSRAGEND DURCH QUALIT\u00c4T<\/h3>\n<p>Wir liefern Fabrikanlagen und Einzelmaschinen zur Herstellung anspruchsvoller Profile jeder Art, einschlie\u00dflich Leichtbau-Pfetten. Sowohl kleine und mittelst\u00e4ndische als auch f\u00fchrende Profilierunternehmen in aller Welt setzen ihr Vertrauen in unser Know-how, unsere Dienstleistungen und unsere Rollform-L\u00f6sungen.<\/p>\n<p>Unser Alleinstellungsmerkmal ist die Qualit\u00e4t. Dies bedeutet nicht nur \u00e4u\u00dferst pr\u00e4zises Rollformen, sondern auch gro\u00dfe Sorgfalt bei allen Technik- und Verfahrensaspekten. Unser Ziel ist es, unseren Kunden die beste Rollformtechnik und das beste Kundenerlebnis der Branche zu bieten.<\/p>\n\t\t<\/div>\n\t<\/div>\n\n\t\n\n\t<div class=\"col medium-6 small-12 large-6\"  >\n\t\t<div class=\"col-inner\"  >\n\t\t\t\n\t\t\t\n<div class=\"slider-wrapper relative hide-for-small\" id=\"slider-1485837895\" >\n    <div class=\"slider slider-nav-dots-simple slider-nav-circle slider-nav-normal slider-nav-light slider-style-normal slider-show-nav\"\n        data-flickity-options='{\n            \"cellAlign\": \"center\",\n            \"imagesLoaded\": true,\n            \"lazyLoad\": 1,\n            \"freeScroll\": false,\n            \"wrapAround\": false,\n            \"autoPlay\": 6000,\n            \"pauseAutoPlayOnHover\" : true,\n            \"prevNextButtons\": true,\n            \"contain\" : true,\n            \"adaptiveHeight\" : true,\n            \"dragThreshold\" : 10,\n            \"percentPosition\": true,\n            \"pageDots\": true,\n            \"rightToLeft\": false,\n            \"draggable\": true,\n            \"selectedAttraction\": 0.1,\n            \"parallax\" : 0,\n            \"friction\": 0.6        }'\n        >\n        \n\t<div class=\"img has-hover x md-x lg-x y md-y lg-y\" id=\"image_1809849001\">\n\t\t\t\t\t\t\t\t<div class=\"img-inner dark\" >\n\t\t\t<img loading=\"lazy\" decoding=\"async\" width=\"525\" height=\"268\" src=\"https:\/\/www.ajv-machine.com\/de\/wp-content\/uploads\/sites\/4\/2017\/10\/AJV-Lightweight-purlins-01-2.jpg\" class=\"attachment-large size-large\" alt=\"\" srcset=\"https:\/\/www.ajv-machine.com\/de\/wp-content\/uploads\/sites\/4\/2017\/10\/AJV-Lightweight-purlins-01-2.jpg 525w, https:\/\/www.ajv-machine.com\/de\/wp-content\/uploads\/sites\/4\/2017\/10\/AJV-Lightweight-purlins-01-2-300x153.jpg 300w\" sizes=\"auto, (max-width: 525px) 100vw, 525px\" \/>\t\t\t\t\t\t\n\t\t\t\t\t<\/div>\n\t\t\t\t\t\t\t\t\n<style scope=\"scope\">\n\n#image_1809849001 {\n  width: 100%;\n}\n<\/style>\n\t<\/div>\n\t\n\t<div class=\"img has-hover x md-x lg-x y md-y lg-y\" id=\"image_104799057\">\n\t\t\t\t\t\t\t\t<div class=\"img-inner dark\" >\n\t\t\t<img loading=\"lazy\" decoding=\"async\" width=\"525\" height=\"268\" src=\"https:\/\/www.ajv-machine.com\/de\/wp-content\/uploads\/sites\/4\/2017\/10\/AJV-load-bearing-structures-06.jpg\" class=\"attachment-large size-large\" alt=\"\" srcset=\"https:\/\/www.ajv-machine.com\/de\/wp-content\/uploads\/sites\/4\/2017\/10\/AJV-load-bearing-structures-06.jpg 525w, https:\/\/www.ajv-machine.com\/de\/wp-content\/uploads\/sites\/4\/2017\/10\/AJV-load-bearing-structures-06-300x153.jpg 300w\" sizes=\"auto, (max-width: 525px) 100vw, 525px\" \/>\t\t\t\t\t\t\n\t\t\t\t\t<\/div>\n\t\t\t\t\t\t\t\t\n<style scope=\"scope\">\n\n#image_104799057 {\n  width: 100%;\n}\n<\/style>\n\t<\/div>\n\t\n\t<div class=\"img has-hover x md-x lg-x y md-y lg-y\" id=\"image_1729032291\">\n\t\t\t\t\t\t\t\t<div class=\"img-inner dark\" >\n\t\t\t<img loading=\"lazy\" decoding=\"async\" width=\"525\" height=\"268\" src=\"https:\/\/www.ajv-machine.com\/de\/wp-content\/uploads\/sites\/4\/2017\/10\/AJV-load-bearing-structures-07-1.jpg\" class=\"attachment-large size-large\" alt=\"\" srcset=\"https:\/\/www.ajv-machine.com\/de\/wp-content\/uploads\/sites\/4\/2017\/10\/AJV-load-bearing-structures-07-1.jpg 525w, https:\/\/www.ajv-machine.com\/de\/wp-content\/uploads\/sites\/4\/2017\/10\/AJV-load-bearing-structures-07-1-300x153.jpg 300w\" sizes=\"auto, (max-width: 525px) 100vw, 525px\" \/>\t\t\t\t\t\t\n\t\t\t\t\t<\/div>\n\t\t\t\t\t\t\t\t\n<style scope=\"scope\">\n\n#image_1729032291 {\n  width: 100%;\n}\n<\/style>\n\t<\/div>\n\t\n\t<div class=\"img has-hover x md-x lg-x y md-y lg-y\" id=\"image_31991473\">\n\t\t\t\t\t\t\t\t<div class=\"img-inner dark\" >\n\t\t\t<img loading=\"lazy\" decoding=\"async\" width=\"525\" height=\"268\" src=\"https:\/\/www.ajv-machine.com\/de\/wp-content\/uploads\/sites\/4\/2017\/10\/AJV-high-06.jpg\" class=\"attachment-large size-large\" alt=\"\" srcset=\"https:\/\/www.ajv-machine.com\/de\/wp-content\/uploads\/sites\/4\/2017\/10\/AJV-high-06.jpg 525w, https:\/\/www.ajv-machine.com\/de\/wp-content\/uploads\/sites\/4\/2017\/10\/AJV-high-06-300x153.jpg 300w\" sizes=\"auto, (max-width: 525px) 100vw, 525px\" \/>\t\t\t\t\t\t\n\t\t\t\t\t<\/div>\n\t\t\t\t\t\t\t\t\n<style scope=\"scope\">\n\n#image_31991473 {\n  width: 100%;\n}\n<\/style>\n\t<\/div>\n\t\n\t<div class=\"img has-hover x md-x lg-x y md-y lg-y\" id=\"image_1127879691\">\n\t\t\t\t\t\t\t\t<div class=\"img-inner dark\" >\n\t\t\t<img loading=\"lazy\" decoding=\"async\" width=\"525\" height=\"268\" src=\"https:\/\/www.ajv-machine.com\/de\/wp-content\/uploads\/sites\/4\/2017\/10\/AJV-load-bearing-structures-08-1.jpg\" class=\"attachment-large size-large\" alt=\"\" srcset=\"https:\/\/www.ajv-machine.com\/de\/wp-content\/uploads\/sites\/4\/2017\/10\/AJV-load-bearing-structures-08-1.jpg 525w, https:\/\/www.ajv-machine.com\/de\/wp-content\/uploads\/sites\/4\/2017\/10\/AJV-load-bearing-structures-08-1-300x153.jpg 300w\" sizes=\"auto, (max-width: 525px) 100vw, 525px\" \/>\t\t\t\t\t\t\n\t\t\t\t\t<\/div>\n\t\t\t\t\t\t\t\t\n<style scope=\"scope\">\n\n#image_1127879691 {\n  width: 100%;\n}\n<\/style>\n\t<\/div>\n\t\n\t<div class=\"img has-hover x md-x lg-x y md-y lg-y\" id=\"image_2123717127\">\n\t\t\t\t\t\t\t\t<div class=\"img-inner dark\" >\n\t\t\t<img loading=\"lazy\" decoding=\"async\" width=\"525\" height=\"268\" src=\"https:\/\/www.ajv-machine.com\/de\/wp-content\/uploads\/sites\/4\/2017\/10\/AJV-load-bearing-structures-09-1.jpg\" class=\"attachment-large size-large\" alt=\"\" srcset=\"https:\/\/www.ajv-machine.com\/de\/wp-content\/uploads\/sites\/4\/2017\/10\/AJV-load-bearing-structures-09-1.jpg 525w, https:\/\/www.ajv-machine.com\/de\/wp-content\/uploads\/sites\/4\/2017\/10\/AJV-load-bearing-structures-09-1-300x153.jpg 300w\" sizes=\"auto, (max-width: 525px) 100vw, 525px\" \/>\t\t\t\t\t\t\n\t\t\t\t\t<\/div>\n\t\t\t\t\t\t\t\t\n<style scope=\"scope\">\n\n#image_2123717127 {\n  width: 100%;\n}\n<\/style>\n\t<\/div>\n\t\n\t<div class=\"img has-hover x md-x lg-x y md-y lg-y\" id=\"image_917964636\">\n\t\t\t\t\t\t\t\t<div class=\"img-inner dark\" >\n\t\t\t<img loading=\"lazy\" decoding=\"async\" width=\"525\" height=\"268\" src=\"https:\/\/www.ajv-machine.com\/de\/wp-content\/uploads\/sites\/4\/2017\/10\/AJV-load-bearing-structures-10-2.jpg\" class=\"attachment-large size-large\" alt=\"\" srcset=\"https:\/\/www.ajv-machine.com\/de\/wp-content\/uploads\/sites\/4\/2017\/10\/AJV-load-bearing-structures-10-2.jpg 525w, https:\/\/www.ajv-machine.com\/de\/wp-content\/uploads\/sites\/4\/2017\/10\/AJV-load-bearing-structures-10-2-300x153.jpg 300w\" sizes=\"auto, (max-width: 525px) 100vw, 525px\" \/>\t\t\t\t\t\t\n\t\t\t\t\t<\/div>\n\t\t\t\t\t\t\t\t\n<style scope=\"scope\">\n\n#image_917964636 {\n  width: 100%;\n}\n<\/style>\n\t<\/div>\n\t\n     <\/div>\n\n     <div class=\"loading-spin dark large centered\"><\/div>\n\n     <style scope=\"scope\">\n             <\/style>\n<\/div>\n\n\n\t<div id=\"gap-232546345\" class=\"gap-element clearfix\" style=\"display:block; height:auto;\">\n\t\t\n<style scope=\"scope\">\n\n#gap-232546345 {\n  padding-top: 30px;\n}\n<\/style>\n\t<\/div>\n\t\n\t<div class=\"img has-hover x md-x lg-x y md-y lg-y\" id=\"image_1007064294\">\n\t\t\t\t\t\t\t\t<div class=\"img-inner dark\" >\n\t\t\t<img loading=\"lazy\" decoding=\"async\" width=\"525\" height=\"268\" src=\"https:\/\/www.ajv-machine.com\/de\/wp-content\/uploads\/sites\/4\/2017\/10\/AJV-Lightweight-purlins-02-1-1.jpg\" class=\"attachment-large size-large\" alt=\"\" srcset=\"https:\/\/www.ajv-machine.com\/de\/wp-content\/uploads\/sites\/4\/2017\/10\/AJV-Lightweight-purlins-02-1-1.jpg 525w, https:\/\/www.ajv-machine.com\/de\/wp-content\/uploads\/sites\/4\/2017\/10\/AJV-Lightweight-purlins-02-1-1-300x153.jpg 300w\" sizes=\"auto, (max-width: 525px) 100vw, 525px\" \/>\t\t\t\t\t\t\n\t\t\t\t\t<\/div>\n\t\t\t\t\t\t\t\t\n<style scope=\"scope\">\n\n#image_1007064294 {\n  width: 100%;\n}\n<\/style>\n\t<\/div>\n\t\n\t\t<\/div>\n\t<\/div>\n\n\t\n<\/div>\n\t<section class=\"section dark\" id=\"section_129218063\">\n\t\t<div class=\"bg section-bg fill bg-fill  \" >\n\n\t\t\t\n\t\t\t\n\t\t\t\n\n\t\t<\/div>\n\n\t\t<div class=\"section-content relative\">\n\t\t\t\n<h2 class=\"h1 uppercase\" style=\"text-align: center;\">AJV HiGH\u2122<br \/>\nANLAGENL\u00d6SUNGEN F\u00dcR TRAGENDE PROFILE<\/h2>\n\t<div id=\"gap-1506424991\" class=\"gap-element clearfix\" style=\"display:block; height:auto;\">\n\t\t\n<style scope=\"scope\">\n\n#gap-1506424991 {\n  padding-top: 30px;\n}\n<\/style>\n\t<\/div>\n\t\n\t\t<\/div>\n\n\t\t\n<style scope=\"scope\">\n\n#section_129218063 {\n  padding-top: 60px;\n  padding-bottom: 60px;\n  min-height: 500px;\n  background-color: rgb(40, 40, 40);\n}\n#section_129218063 .section-bg.bg-loaded {\n  background-image: url(https:\/\/www.ajv-machine.com\/de\/wp-content\/uploads\/sites\/4\/2017\/09\/AJV-high-02-1.jpg);\n}\n<\/style>\n\t<\/section>\n\t\n\t<div id=\"gap-2015017647\" class=\"gap-element clearfix\" style=\"display:block; height:auto;\">\n\t\t\n<style scope=\"scope\">\n\n#gap-2015017647 {\n  padding-top: 60px;\n}\n<\/style>\n\t<\/div>\n\t\n<div class=\"row\"  id=\"row-392284054\">\n\n\t<div class=\"col medium-6 small-12 large-6\"  >\n\t\t<div class=\"col-inner\"  >\n\t\t\t\n\t\t\t\n<h2 class=\"h1\">AJV HIGH\u2122<\/h2>\n<h3 class=\"h5 uppercase\">ROBUSTE UND ZUVERL\u00c4SSIGE QUALIT\u00c4T<\/h3>\n<p>AJV bietet Anlagenl\u00f6sungen f\u00fcr die Herstellung von tragenden Profilen und anderen Profilen voller Coilbreite mit gr\u00f6\u00dferer Dicke, wie etwa leichte Dachpfetten. AJV High\u2122 wurde als Spitzenmodell dieser Produktkategorie entworfen, um Ihr Gesch\u00e4ft mit au\u00dfergew\u00f6hnlicher Profilqualit\u00e4t nach vorn zu bringen.<\/p>\n<a href=\"http:\/\/www.ajv-machine.com\/de\/ajv-high\/\" target=\"_self\" class=\"button secondary is-large\"  style=\"border-radius:2px;\">\n    <span>LESEN SIE MEHR<\/span>\n  <\/a>\n\n\t\t<\/div>\n\t<\/div>\n\n\t\n\n\t<div class=\"col medium-6 small-12 large-6\"  >\n\t\t<div class=\"col-inner\"  >\n\t\t\t\n\t\t\t\n<div class=\"slider-wrapper relative\" id=\"slider-980622112\" >\n    <div class=\"slider slider-nav-dots-simple slider-nav-circle slider-nav-normal slider-nav-light slider-style-normal slider-show-nav\"\n        data-flickity-options='{\n            \"cellAlign\": \"center\",\n            \"imagesLoaded\": true,\n            \"lazyLoad\": 1,\n            \"freeScroll\": true,\n            \"wrapAround\": false,\n            \"autoPlay\": 3000,\n            \"pauseAutoPlayOnHover\" : false,\n            \"prevNextButtons\": true,\n            \"contain\" : true,\n            \"adaptiveHeight\" : true,\n            \"dragThreshold\" : 10,\n            \"percentPosition\": true,\n            \"pageDots\": true,\n            \"rightToLeft\": false,\n            \"draggable\": true,\n            \"selectedAttraction\": 0.1,\n            \"parallax\" : 0,\n            \"friction\": 0.6        }'\n        >\n        \n\t<div class=\"img has-hover x md-x lg-x y md-y lg-y\" id=\"image_538322256\">\n\t\t\t\t\t\t\t\t<div class=\"img-inner dark\" >\n\t\t\t<img loading=\"lazy\" decoding=\"async\" width=\"1020\" height=\"553\" src=\"https:\/\/www.ajv-machine.com\/de\/wp-content\/uploads\/sites\/4\/2017\/09\/AJV-high-04-1-1024x555.png\" class=\"attachment-large size-large\" alt=\"\" srcset=\"https:\/\/www.ajv-machine.com\/de\/wp-content\/uploads\/sites\/4\/2017\/09\/AJV-high-04-1-1024x555.png 1024w, https:\/\/www.ajv-machine.com\/de\/wp-content\/uploads\/sites\/4\/2017\/09\/AJV-high-04-1-300x162.png 300w, https:\/\/www.ajv-machine.com\/de\/wp-content\/uploads\/sites\/4\/2017\/09\/AJV-high-04-1-768x416.png 768w\" sizes=\"auto, (max-width: 1020px) 100vw, 1020px\" \/>\t\t\t\t\t\t\n\t\t\t\t\t<\/div>\n\t\t\t\t\t\t\t\t\n<style scope=\"scope\">\n\n#image_538322256 {\n  width: 100%;\n}\n<\/style>\n\t<\/div>\n\t\n\t<div class=\"img has-hover x md-x lg-x y md-y lg-y\" id=\"image_1049852788\">\n\t\t\t\t\t\t\t\t<div class=\"img-inner dark\" >\n\t\t\t<img loading=\"lazy\" decoding=\"async\" width=\"525\" height=\"268\" src=\"https:\/\/www.ajv-machine.com\/de\/wp-content\/uploads\/sites\/4\/2017\/10\/AJV-high-05.jpg\" class=\"attachment-large size-large\" alt=\"\" srcset=\"https:\/\/www.ajv-machine.com\/de\/wp-content\/uploads\/sites\/4\/2017\/10\/AJV-high-05.jpg 525w, https:\/\/www.ajv-machine.com\/de\/wp-content\/uploads\/sites\/4\/2017\/10\/AJV-high-05-300x153.jpg 300w\" sizes=\"auto, (max-width: 525px) 100vw, 525px\" \/>\t\t\t\t\t\t\n\t\t\t\t\t<\/div>\n\t\t\t\t\t\t\t\t\n<style scope=\"scope\">\n\n#image_1049852788 {\n  width: 100%;\n}\n<\/style>\n\t<\/div>\n\t\n\t<div class=\"img has-hover x md-x lg-x y md-y lg-y\" id=\"image_1836000631\">\n\t\t\t\t\t\t\t\t<div class=\"img-inner dark\" >\n\t\t\t<img loading=\"lazy\" decoding=\"async\" width=\"525\" height=\"268\" src=\"https:\/\/www.ajv-machine.com\/de\/wp-content\/uploads\/sites\/4\/2017\/10\/AJV-high-03.jpg\" class=\"attachment-large size-large\" alt=\"\" srcset=\"https:\/\/www.ajv-machine.com\/de\/wp-content\/uploads\/sites\/4\/2017\/10\/AJV-high-03.jpg 525w, https:\/\/www.ajv-machine.com\/de\/wp-content\/uploads\/sites\/4\/2017\/10\/AJV-high-03-300x153.jpg 300w\" sizes=\"auto, (max-width: 525px) 100vw, 525px\" \/>\t\t\t\t\t\t\n\t\t\t\t\t<\/div>\n\t\t\t\t\t\t\t\t\n<style scope=\"scope\">\n\n#image_1836000631 {\n  width: 100%;\n}\n<\/style>\n\t<\/div>\n\t\n     <\/div>\n\n     <div class=\"loading-spin dark large centered\"><\/div>\n\n     <style scope=\"scope\">\n             <\/style>\n<\/div>\n\n\n\t<div id=\"gap-1742164185\" class=\"gap-element clearfix\" style=\"display:block; height:auto;\">\n\t\t\n<style scope=\"scope\">\n\n#gap-1742164185 {\n  padding-top: 30px;\n}\n<\/style>\n\t<\/div>\n\t\n\t\t<\/div>\n\t<\/div>\n\n\t\n<\/div>\n","protected":false},"excerpt":{"rendered":"","protected":false},"author":1,"featured_media":0,"parent":0,"menu_order":0,"comment_status":"closed","ping_status":"closed","template":"page-blank.php","meta":{"footnotes":""},"class_list":["post-697","page","type-page","status-publish","hentry"],"yoast_head":"<!-- This site is optimized with the Yoast SEO plugin v24.2 - https:\/\/yoast.com\/wordpress\/plugins\/seo\/ -->\n<title>AJV Maschinen f\u00fcr tragende strukturen - AJV-Machine DE<\/title>\n<meta name=\"description\" content=\"Willkommen bei den Profis der Rollformtechnik. Unser au\u00dferordentliches Know-how ist das Ergebnis vieler Jahrzehnte der Entwicklung erstklassiger L\u00f6sungen f\u00fcr die Blechprofiltechnik.\" \/>\n<meta name=\"robots\" content=\"index, follow, max-snippet:-1, max-image-preview:large, max-video-preview:-1\" \/>\n<link rel=\"canonical\" href=\"https:\/\/www.ajv-machine.com\/de\/ajv-maschinen-fur-tragende-strukturen\/\" \/>\n<meta property=\"og:locale\" content=\"de_DE\" \/>\n<meta property=\"og:type\" content=\"article\" \/>\n<meta property=\"og:title\" content=\"AJV Maschinen f\u00fcr tragende strukturen - AJV-Machine DE\" \/>\n<meta property=\"og:description\" content=\"Willkommen bei den Profis der Rollformtechnik. Unser au\u00dferordentliches Know-how ist das Ergebnis vieler Jahrzehnte der Entwicklung erstklassiger L\u00f6sungen f\u00fcr die Blechprofiltechnik.\" \/>\n<meta property=\"og:url\" content=\"https:\/\/www.ajv-machine.com\/de\/ajv-maschinen-fur-tragende-strukturen\/\" \/>\n<meta property=\"og:site_name\" content=\"AJV-Machine DE\" \/>\n<meta property=\"article:modified_time\" content=\"2017-11-27T17:02:47+00:00\" \/>\n<meta name=\"twitter:card\" content=\"summary_large_image\" \/>\n<meta name=\"twitter:label1\" content=\"Gesch\u00e4tzte Lesezeit\" \/>\n\t<meta name=\"twitter:data1\" content=\"2\u00a0Minuten\" \/>\n<script type=\"application\/ld+json\" class=\"yoast-schema-graph\">{\"@context\":\"https:\/\/schema.org\",\"@graph\":[{\"@type\":\"WebPage\",\"@id\":\"https:\/\/www.ajv-machine.com\/de\/ajv-maschinen-fur-tragende-strukturen\/\",\"url\":\"https:\/\/www.ajv-machine.com\/de\/ajv-maschinen-fur-tragende-strukturen\/\",\"name\":\"AJV Maschinen f\u00fcr tragende strukturen - AJV-Machine DE\",\"isPartOf\":{\"@id\":\"https:\/\/www.ajv-machine.com\/de\/#website\"},\"datePublished\":\"2017-09-12T12:16:21+00:00\",\"dateModified\":\"2017-11-27T17:02:47+00:00\",\"description\":\"Willkommen bei den Profis der Rollformtechnik. Unser au\u00dferordentliches Know-how ist das Ergebnis vieler Jahrzehnte der Entwicklung erstklassiger L\u00f6sungen f\u00fcr die Blechprofiltechnik.\",\"breadcrumb\":{\"@id\":\"https:\/\/www.ajv-machine.com\/de\/ajv-maschinen-fur-tragende-strukturen\/#breadcrumb\"},\"inLanguage\":\"de\",\"potentialAction\":[{\"@type\":\"ReadAction\",\"target\":[\"https:\/\/www.ajv-machine.com\/de\/ajv-maschinen-fur-tragende-strukturen\/\"]}]},{\"@type\":\"BreadcrumbList\",\"@id\":\"https:\/\/www.ajv-machine.com\/de\/ajv-maschinen-fur-tragende-strukturen\/#breadcrumb\",\"itemListElement\":[{\"@type\":\"ListItem\",\"position\":1,\"name\":\"Startseite\",\"item\":\"https:\/\/www.ajv-machine.com\/de\/\"},{\"@type\":\"ListItem\",\"position\":2,\"name\":\"AJV Maschinen f\u00fcr tragende strukturen\"}]},{\"@type\":\"WebSite\",\"@id\":\"https:\/\/www.ajv-machine.com\/de\/#website\",\"url\":\"https:\/\/www.ajv-machine.com\/de\/\",\"name\":\"AJV-Machine DE\",\"description\":\"Your profiling technology partner\",\"potentialAction\":[{\"@type\":\"SearchAction\",\"target\":{\"@type\":\"EntryPoint\",\"urlTemplate\":\"https:\/\/www.ajv-machine.com\/de\/?s={search_term_string}\"},\"query-input\":{\"@type\":\"PropertyValueSpecification\",\"valueRequired\":true,\"valueName\":\"search_term_string\"}}],\"inLanguage\":\"de\"}]}<\/script>\n<!-- \/ Yoast SEO plugin. -->","yoast_head_json":{"title":"AJV Maschinen f\u00fcr tragende strukturen - AJV-Machine DE","description":"Willkommen bei den Profis der Rollformtechnik. Unser au\u00dferordentliches Know-how ist das Ergebnis vieler Jahrzehnte der Entwicklung erstklassiger L\u00f6sungen f\u00fcr die Blechprofiltechnik.","robots":{"index":"index","follow":"follow","max-snippet":"max-snippet:-1","max-image-preview":"max-image-preview:large","max-video-preview":"max-video-preview:-1"},"canonical":"https:\/\/www.ajv-machine.com\/de\/ajv-maschinen-fur-tragende-strukturen\/","og_locale":"de_DE","og_type":"article","og_title":"AJV Maschinen f\u00fcr tragende strukturen - AJV-Machine DE","og_description":"Willkommen bei den Profis der Rollformtechnik. Unser au\u00dferordentliches Know-how ist das Ergebnis vieler Jahrzehnte der Entwicklung erstklassiger L\u00f6sungen f\u00fcr die Blechprofiltechnik.","og_url":"https:\/\/www.ajv-machine.com\/de\/ajv-maschinen-fur-tragende-strukturen\/","og_site_name":"AJV-Machine DE","article_modified_time":"2017-11-27T17:02:47+00:00","twitter_card":"summary_large_image","twitter_misc":{"Gesch\u00e4tzte Lesezeit":"2\u00a0Minuten"},"schema":{"@context":"https:\/\/schema.org","@graph":[{"@type":"WebPage","@id":"https:\/\/www.ajv-machine.com\/de\/ajv-maschinen-fur-tragende-strukturen\/","url":"https:\/\/www.ajv-machine.com\/de\/ajv-maschinen-fur-tragende-strukturen\/","name":"AJV Maschinen f\u00fcr tragende strukturen - AJV-Machine DE","isPartOf":{"@id":"https:\/\/www.ajv-machine.com\/de\/#website"},"datePublished":"2017-09-12T12:16:21+00:00","dateModified":"2017-11-27T17:02:47+00:00","description":"Willkommen bei den Profis der Rollformtechnik. Unser au\u00dferordentliches Know-how ist das Ergebnis vieler Jahrzehnte der Entwicklung erstklassiger L\u00f6sungen f\u00fcr die Blechprofiltechnik.","breadcrumb":{"@id":"https:\/\/www.ajv-machine.com\/de\/ajv-maschinen-fur-tragende-strukturen\/#breadcrumb"},"inLanguage":"de","potentialAction":[{"@type":"ReadAction","target":["https:\/\/www.ajv-machine.com\/de\/ajv-maschinen-fur-tragende-strukturen\/"]}]},{"@type":"BreadcrumbList","@id":"https:\/\/www.ajv-machine.com\/de\/ajv-maschinen-fur-tragende-strukturen\/#breadcrumb","itemListElement":[{"@type":"ListItem","position":1,"name":"Startseite","item":"https:\/\/www.ajv-machine.com\/de\/"},{"@type":"ListItem","position":2,"name":"AJV Maschinen f\u00fcr tragende strukturen"}]},{"@type":"WebSite","@id":"https:\/\/www.ajv-machine.com\/de\/#website","url":"https:\/\/www.ajv-machine.com\/de\/","name":"AJV-Machine DE","description":"Your profiling technology partner","potentialAction":[{"@type":"SearchAction","target":{"@type":"EntryPoint","urlTemplate":"https:\/\/www.ajv-machine.com\/de\/?s={search_term_string}"},"query-input":{"@type":"PropertyValueSpecification","valueRequired":true,"valueName":"search_term_string"}}],"inLanguage":"de"}]}},"_links":{"self":[{"href":"https:\/\/www.ajv-machine.com\/de\/wp-json\/wp\/v2\/pages\/697","targetHints":{"allow":["GET"]}}],"collection":[{"href":"https:\/\/www.ajv-machine.com\/de\/wp-json\/wp\/v2\/pages"}],"about":[{"href":"https:\/\/www.ajv-machine.com\/de\/wp-json\/wp\/v2\/types\/page"}],"author":[{"embeddable":true,"href":"https:\/\/www.ajv-machine.com\/de\/wp-json\/wp\/v2\/users\/1"}],"replies":[{"embeddable":true,"href":"https:\/\/www.ajv-machine.com\/de\/wp-json\/wp\/v2\/comments?post=697"}],"version-history":[{"count":80,"href":"https:\/\/www.ajv-machine.com\/de\/wp-json\/wp\/v2\/pages\/697\/revisions"}],"predecessor-version":[{"id":1916,"href":"https:\/\/www.ajv-machine.com\/de\/wp-json\/wp\/v2\/pages\/697\/revisions\/1916"}],"wp:attachment":[{"href":"https:\/\/www.ajv-machine.com\/de\/wp-json\/wp\/v2\/media?parent=697"}],"curies":[{"name":"wp","href":"https:\/\/api.w.org\/{rel}","templated":true}]}}