{"id":777,"date":"2017-09-13T08:20:29","date_gmt":"2017-09-13T08:20:29","guid":{"rendered":"http:\/\/www.ajv-machine.com\/de\/?page_id=777"},"modified":"2017-11-27T17:05:32","modified_gmt":"2017-11-27T17:05:32","slug":"ajv-maschinen-fur-dichtungsbleche-und-spezialmaschinen","status":"publish","type":"page","link":"https:\/\/www.ajv-machine.com\/de\/ajv-maschinen-fur-dichtungsbleche-und-spezialmaschinen\/","title":{"rendered":"AJV Maschinen f\u00fcr Dichtungsbleche und Spezialmaschinen"},"content":{"rendered":"\t<section class=\"section dark\" id=\"section_1519087585\">\n\t\t<div class=\"bg section-bg fill bg-fill  \" >\n\n\t\t\t\n\t\t\t\n\t\t\t\n\n\t\t<\/div>\n\n\t\t<div class=\"section-content relative\">\n\t\t\t\n<h1 class=\"uppercase\" style=\"text-align: center;\">AJV<br \/>\nMASCHINEN F\u00dcR DICHTUNGSBLECHE<br \/>\nUND SPEZIALMASCHINEN<\/h1>\n\t<div id=\"gap-1861548227\" class=\"gap-element clearfix\" style=\"display:block; height:auto;\">\n\t\t\n<style scope=\"scope\">\n\n#gap-1861548227 {\n  padding-top: 30px;\n}\n<\/style>\n\t<\/div>\n\t\n\t\t<\/div>\n\n\t\t\n<style scope=\"scope\">\n\n#section_1519087585 {\n  padding-top: 60px;\n  padding-bottom: 60px;\n  min-height: 500px;\n  background-color: rgb(40, 40, 40);\n}\n#section_1519087585 .section-bg.bg-loaded {\n  background-image: url(https:\/\/www.ajv-machine.com\/de\/wp-content\/uploads\/sites\/4\/2017\/10\/AJV-flashings-01.jpg);\n}\n<\/style>\n\t<\/section>\n\t\n\t<div id=\"gap-1595355668\" class=\"gap-element clearfix\" style=\"display:block; height:auto;\">\n\t\t\n<style scope=\"scope\">\n\n#gap-1595355668 {\n  padding-top: 60px;\n}\n<\/style>\n\t<\/div>\n\t\n<div class=\"row\"  id=\"row-186973290\">\n\n\t<div class=\"col medium-6 small-12 large-6\"  >\n\t\t<div class=\"col-inner\"  >\n\t\t\t\n\t\t\t\n<h2 class=\"h1\">NEUES GESCH\u00c4FTS&shy;POTENZIAL<\/h2>\n<h3 class=\"h5 uppercase\">Abdeckungen und Spezialmaschinen<\/h3>\n<p>Bei AJV-Machine streben wir kontinuierlich danach, die Erwartungen unserer Kunden mehr als zu erf\u00fcllen. Jedem Detail unserer Konstruktion widmen wir uns mit \u00e4u\u00dferster Sorgfalt. Auf diese Weise k\u00f6nnen wir die besten L\u00f6sungen und Anlagen f\u00fcr das Rollformen von Abdeckungen anbieten.<\/p>\n<p>Die Produktionseffizienz unserer Anlagen wird von unseren Kunden hoch gesch\u00e4tzt und die garantierte Produktionskapazit\u00e4t in vielen F\u00e4llen \u00fcberschritten. Die mit unseren L\u00f6sungen m\u00f6gliche Ma\u00dfhaltigkeit erstaunt Kunden immer wieder. Wir h\u00fcten das Geheimnis dieser Pr\u00e4zision, sodass unsere Kunden in ihrem Markt gl\u00e4nzen k\u00f6nnen.<\/p>\n\t\t<\/div>\n\t<\/div>\n\n\t\n\n\t<div class=\"col medium-6 small-12 large-6\"  >\n\t\t<div class=\"col-inner\"  >\n\t\t\t\n\t\t\t\n<div class=\"slider-wrapper relative hide-for-small\" id=\"slider-669618307\" >\n    <div class=\"slider slider-nav-dots-simple slider-nav-circle slider-nav-normal slider-nav-light slider-style-normal slider-show-nav\"\n        data-flickity-options='{\n            \"cellAlign\": \"center\",\n            \"imagesLoaded\": true,\n            \"lazyLoad\": 1,\n            \"freeScroll\": false,\n            \"wrapAround\": false,\n            \"autoPlay\": 6000,\n            \"pauseAutoPlayOnHover\" : true,\n            \"prevNextButtons\": true,\n            \"contain\" : true,\n            \"adaptiveHeight\" : true,\n            \"dragThreshold\" : 10,\n            \"percentPosition\": true,\n            \"pageDots\": true,\n            \"rightToLeft\": false,\n            \"draggable\": true,\n            \"selectedAttraction\": 0.1,\n            \"parallax\" : 0,\n            \"friction\": 0.6        }'\n        >\n        \n\t<div class=\"img has-hover x md-x lg-x y md-y lg-y\" id=\"image_2094040763\">\n\t\t\t\t\t\t\t\t<div class=\"img-inner dark\" >\n\t\t\t<img loading=\"lazy\" decoding=\"async\" width=\"525\" height=\"268\" src=\"https:\/\/www.ajv-machine.com\/de\/wp-content\/uploads\/sites\/4\/2017\/10\/AJV-flashings-02.jpg\" class=\"attachment-large size-large\" alt=\"\" srcset=\"https:\/\/www.ajv-machine.com\/de\/wp-content\/uploads\/sites\/4\/2017\/10\/AJV-flashings-02.jpg 525w, https:\/\/www.ajv-machine.com\/de\/wp-content\/uploads\/sites\/4\/2017\/10\/AJV-flashings-02-300x153.jpg 300w\" sizes=\"auto, (max-width: 525px) 100vw, 525px\" \/>\t\t\t\t\t\t\n\t\t\t\t\t<\/div>\n\t\t\t\t\t\t\t\t\n<style scope=\"scope\">\n\n#image_2094040763 {\n  width: 100%;\n}\n<\/style>\n\t<\/div>\n\t\n\t<div class=\"img has-hover x md-x lg-x y md-y lg-y\" id=\"image_1673085200\">\n\t\t\t\t\t\t\t\t<div class=\"img-inner dark\" >\n\t\t\t<img loading=\"lazy\" decoding=\"async\" width=\"525\" height=\"268\" src=\"https:\/\/www.ajv-machine.com\/de\/wp-content\/uploads\/sites\/4\/2017\/10\/AJV-flashings-03.jpg\" class=\"attachment-large size-large\" alt=\"\" srcset=\"https:\/\/www.ajv-machine.com\/de\/wp-content\/uploads\/sites\/4\/2017\/10\/AJV-flashings-03.jpg 525w, https:\/\/www.ajv-machine.com\/de\/wp-content\/uploads\/sites\/4\/2017\/10\/AJV-flashings-03-300x153.jpg 300w\" sizes=\"auto, (max-width: 525px) 100vw, 525px\" \/>\t\t\t\t\t\t\n\t\t\t\t\t<\/div>\n\t\t\t\t\t\t\t\t\n<style scope=\"scope\">\n\n#image_1673085200 {\n  width: 100%;\n}\n<\/style>\n\t<\/div>\n\t\n\t<div class=\"img has-hover x md-x lg-x y md-y lg-y\" id=\"image_939003771\">\n\t\t\t\t\t\t\t\t<div class=\"img-inner dark\" >\n\t\t\t<img loading=\"lazy\" decoding=\"async\" width=\"525\" height=\"268\" src=\"https:\/\/www.ajv-machine.com\/de\/wp-content\/uploads\/sites\/4\/2017\/10\/kommentit-www-9.10-1.jpg\" class=\"attachment-large size-large\" alt=\"\" srcset=\"https:\/\/www.ajv-machine.com\/de\/wp-content\/uploads\/sites\/4\/2017\/10\/kommentit-www-9.10-1.jpg 525w, https:\/\/www.ajv-machine.com\/de\/wp-content\/uploads\/sites\/4\/2017\/10\/kommentit-www-9.10-1-300x153.jpg 300w\" sizes=\"auto, (max-width: 525px) 100vw, 525px\" \/>\t\t\t\t\t\t\n\t\t\t\t\t<\/div>\n\t\t\t\t\t\t\t\t\n<style scope=\"scope\">\n\n#image_939003771 {\n  width: 100%;\n}\n<\/style>\n\t<\/div>\n\t\n\t<div class=\"img has-hover x md-x lg-x y md-y lg-y\" id=\"image_1338061242\">\n\t\t\t\t\t\t\t\t<div class=\"img-inner dark\" >\n\t\t\t<img loading=\"lazy\" decoding=\"async\" width=\"525\" height=\"268\" src=\"https:\/\/www.ajv-machine.com\/de\/wp-content\/uploads\/sites\/4\/2017\/10\/kommentit-www-9.10_02-1.jpg\" class=\"attachment-large size-large\" alt=\"\" srcset=\"https:\/\/www.ajv-machine.com\/de\/wp-content\/uploads\/sites\/4\/2017\/10\/kommentit-www-9.10_02-1.jpg 525w, https:\/\/www.ajv-machine.com\/de\/wp-content\/uploads\/sites\/4\/2017\/10\/kommentit-www-9.10_02-1-300x153.jpg 300w\" sizes=\"auto, (max-width: 525px) 100vw, 525px\" \/>\t\t\t\t\t\t\n\t\t\t\t\t<\/div>\n\t\t\t\t\t\t\t\t\n<style scope=\"scope\">\n\n#image_1338061242 {\n  width: 100%;\n}\n<\/style>\n\t<\/div>\n\t\n\t<div class=\"img has-hover x md-x lg-x y md-y lg-y\" id=\"image_2026527556\">\n\t\t\t\t\t\t\t\t<div class=\"img-inner dark\" >\n\t\t\t<img loading=\"lazy\" decoding=\"async\" width=\"525\" height=\"268\" src=\"https:\/\/www.ajv-machine.com\/de\/wp-content\/uploads\/sites\/4\/2017\/10\/kommentit-www-9.10_03-1.jpg\" class=\"attachment-large size-large\" alt=\"\" srcset=\"https:\/\/www.ajv-machine.com\/de\/wp-content\/uploads\/sites\/4\/2017\/10\/kommentit-www-9.10_03-1.jpg 525w, https:\/\/www.ajv-machine.com\/de\/wp-content\/uploads\/sites\/4\/2017\/10\/kommentit-www-9.10_03-1-300x153.jpg 300w\" sizes=\"auto, (max-width: 525px) 100vw, 525px\" \/>\t\t\t\t\t\t\n\t\t\t\t\t<\/div>\n\t\t\t\t\t\t\t\t\n<style scope=\"scope\">\n\n#image_2026527556 {\n  width: 100%;\n}\n<\/style>\n\t<\/div>\n\t\n\t<div class=\"img has-hover x md-x lg-x y md-y lg-y\" id=\"image_830733684\">\n\t\t\t\t\t\t\t\t<div class=\"img-inner dark\" >\n\t\t\t<img loading=\"lazy\" decoding=\"async\" width=\"525\" height=\"268\" src=\"https:\/\/www.ajv-machine.com\/de\/wp-content\/uploads\/sites\/4\/2017\/10\/kommentit-www-9.10_04-1.jpg\" class=\"attachment-large size-large\" alt=\"\" srcset=\"https:\/\/www.ajv-machine.com\/de\/wp-content\/uploads\/sites\/4\/2017\/10\/kommentit-www-9.10_04-1.jpg 525w, https:\/\/www.ajv-machine.com\/de\/wp-content\/uploads\/sites\/4\/2017\/10\/kommentit-www-9.10_04-1-300x153.jpg 300w\" sizes=\"auto, (max-width: 525px) 100vw, 525px\" \/>\t\t\t\t\t\t\n\t\t\t\t\t<\/div>\n\t\t\t\t\t\t\t\t\n<style scope=\"scope\">\n\n#image_830733684 {\n  width: 100%;\n}\n<\/style>\n\t<\/div>\n\t\n     <\/div>\n\n     <div class=\"loading-spin dark large centered\"><\/div>\n\n     <style scope=\"scope\">\n             <\/style>\n<\/div>\n\n\n\t<div id=\"gap-563561931\" class=\"gap-element clearfix\" style=\"display:block; height:auto;\">\n\t\t\n<style scope=\"scope\">\n\n#gap-563561931 {\n  padding-top: 30px;\n}\n<\/style>\n\t<\/div>\n\t\n\t<div class=\"img has-hover x md-x lg-x y md-y lg-y\" id=\"image_1473423606\">\n\t\t\t\t\t\t\t\t<div class=\"img-inner dark\" >\n\t\t\t<img loading=\"lazy\" decoding=\"async\" width=\"525\" height=\"268\" src=\"https:\/\/www.ajv-machine.com\/de\/wp-content\/uploads\/sites\/4\/2017\/10\/AJV-load-bearing-structures-03-1.jpg\" class=\"attachment-large size-large\" alt=\"\" srcset=\"https:\/\/www.ajv-machine.com\/de\/wp-content\/uploads\/sites\/4\/2017\/10\/AJV-load-bearing-structures-03-1.jpg 525w, https:\/\/www.ajv-machine.com\/de\/wp-content\/uploads\/sites\/4\/2017\/10\/AJV-load-bearing-structures-03-1-300x153.jpg 300w\" sizes=\"auto, (max-width: 525px) 100vw, 525px\" \/>\t\t\t\t\t\t\n\t\t\t\t\t<\/div>\n\t\t\t\t\t\t\t\t\n<style scope=\"scope\">\n\n#image_1473423606 {\n  width: 100%;\n}\n<\/style>\n\t<\/div>\n\t\n\t\t<\/div>\n\t<\/div>\n\n\t\n<\/div>\n\t<div id=\"gap-350928914\" class=\"gap-element clearfix\" style=\"display:block; height:auto;\">\n\t\t\n<style scope=\"scope\">\n\n#gap-350928914 {\n  padding-top: 60px;\n}\n<\/style>\n\t<\/div>\n\t\n","protected":false},"excerpt":{"rendered":"","protected":false},"author":1,"featured_media":0,"parent":0,"menu_order":0,"comment_status":"closed","ping_status":"closed","template":"page-blank.php","meta":{"footnotes":""},"class_list":["post-777","page","type-page","status-publish","hentry"],"yoast_head":"<!-- This site is optimized with the Yoast SEO plugin v24.2 - https:\/\/yoast.com\/wordpress\/plugins\/seo\/ -->\n<title>AJV Maschinen f\u00fcr Dichtungsbleche und Spezialmaschinen - AJV-Machine DE<\/title>\n<meta name=\"description\" content=\"Willkommen bei den Profis der Rollformtechnik. Unser au\u00dferordentliches Know-how ist das Ergebnis vieler Jahrzehnte der Entwicklung erstklassiger L\u00f6sungen f\u00fcr die Blechprofiltechnik.\" \/>\n<meta name=\"robots\" content=\"index, follow, max-snippet:-1, max-image-preview:large, max-video-preview:-1\" \/>\n<link rel=\"canonical\" href=\"https:\/\/www.ajv-machine.com\/de\/ajv-maschinen-fur-dichtungsbleche-und-spezialmaschinen\/\" \/>\n<meta property=\"og:locale\" content=\"de_DE\" \/>\n<meta property=\"og:type\" content=\"article\" \/>\n<meta property=\"og:title\" content=\"AJV Maschinen f\u00fcr Dichtungsbleche und Spezialmaschinen - AJV-Machine DE\" \/>\n<meta property=\"og:description\" content=\"Willkommen bei den Profis der Rollformtechnik. Unser au\u00dferordentliches Know-how ist das Ergebnis vieler Jahrzehnte der Entwicklung erstklassiger L\u00f6sungen f\u00fcr die Blechprofiltechnik.\" \/>\n<meta property=\"og:url\" content=\"https:\/\/www.ajv-machine.com\/de\/ajv-maschinen-fur-dichtungsbleche-und-spezialmaschinen\/\" \/>\n<meta property=\"og:site_name\" content=\"AJV-Machine DE\" \/>\n<meta property=\"article:modified_time\" content=\"2017-11-27T17:05:32+00:00\" \/>\n<meta name=\"twitter:card\" content=\"summary_large_image\" \/>\n<meta name=\"twitter:label1\" content=\"Gesch\u00e4tzte Lesezeit\" \/>\n\t<meta name=\"twitter:data1\" content=\"1\u00a0Minute\" \/>\n<script type=\"application\/ld+json\" class=\"yoast-schema-graph\">{\"@context\":\"https:\/\/schema.org\",\"@graph\":[{\"@type\":\"WebPage\",\"@id\":\"https:\/\/www.ajv-machine.com\/de\/ajv-maschinen-fur-dichtungsbleche-und-spezialmaschinen\/\",\"url\":\"https:\/\/www.ajv-machine.com\/de\/ajv-maschinen-fur-dichtungsbleche-und-spezialmaschinen\/\",\"name\":\"AJV Maschinen f\u00fcr Dichtungsbleche und Spezialmaschinen - AJV-Machine DE\",\"isPartOf\":{\"@id\":\"https:\/\/www.ajv-machine.com\/de\/#website\"},\"datePublished\":\"2017-09-13T08:20:29+00:00\",\"dateModified\":\"2017-11-27T17:05:32+00:00\",\"description\":\"Willkommen bei den Profis der Rollformtechnik. Unser au\u00dferordentliches Know-how ist das Ergebnis vieler Jahrzehnte der Entwicklung erstklassiger L\u00f6sungen f\u00fcr die Blechprofiltechnik.\",\"breadcrumb\":{\"@id\":\"https:\/\/www.ajv-machine.com\/de\/ajv-maschinen-fur-dichtungsbleche-und-spezialmaschinen\/#breadcrumb\"},\"inLanguage\":\"de\",\"potentialAction\":[{\"@type\":\"ReadAction\",\"target\":[\"https:\/\/www.ajv-machine.com\/de\/ajv-maschinen-fur-dichtungsbleche-und-spezialmaschinen\/\"]}]},{\"@type\":\"BreadcrumbList\",\"@id\":\"https:\/\/www.ajv-machine.com\/de\/ajv-maschinen-fur-dichtungsbleche-und-spezialmaschinen\/#breadcrumb\",\"itemListElement\":[{\"@type\":\"ListItem\",\"position\":1,\"name\":\"Startseite\",\"item\":\"https:\/\/www.ajv-machine.com\/de\/\"},{\"@type\":\"ListItem\",\"position\":2,\"name\":\"AJV Maschinen f\u00fcr Dichtungsbleche und Spezialmaschinen\"}]},{\"@type\":\"WebSite\",\"@id\":\"https:\/\/www.ajv-machine.com\/de\/#website\",\"url\":\"https:\/\/www.ajv-machine.com\/de\/\",\"name\":\"AJV-Machine DE\",\"description\":\"Your profiling technology partner\",\"potentialAction\":[{\"@type\":\"SearchAction\",\"target\":{\"@type\":\"EntryPoint\",\"urlTemplate\":\"https:\/\/www.ajv-machine.com\/de\/?s={search_term_string}\"},\"query-input\":{\"@type\":\"PropertyValueSpecification\",\"valueRequired\":true,\"valueName\":\"search_term_string\"}}],\"inLanguage\":\"de\"}]}<\/script>\n<!-- \/ Yoast SEO plugin. -->","yoast_head_json":{"title":"AJV Maschinen f\u00fcr Dichtungsbleche und Spezialmaschinen - AJV-Machine DE","description":"Willkommen bei den Profis der Rollformtechnik. Unser au\u00dferordentliches Know-how ist das Ergebnis vieler Jahrzehnte der Entwicklung erstklassiger L\u00f6sungen f\u00fcr die Blechprofiltechnik.","robots":{"index":"index","follow":"follow","max-snippet":"max-snippet:-1","max-image-preview":"max-image-preview:large","max-video-preview":"max-video-preview:-1"},"canonical":"https:\/\/www.ajv-machine.com\/de\/ajv-maschinen-fur-dichtungsbleche-und-spezialmaschinen\/","og_locale":"de_DE","og_type":"article","og_title":"AJV Maschinen f\u00fcr Dichtungsbleche und Spezialmaschinen - AJV-Machine DE","og_description":"Willkommen bei den Profis der Rollformtechnik. Unser au\u00dferordentliches Know-how ist das Ergebnis vieler Jahrzehnte der Entwicklung erstklassiger L\u00f6sungen f\u00fcr die Blechprofiltechnik.","og_url":"https:\/\/www.ajv-machine.com\/de\/ajv-maschinen-fur-dichtungsbleche-und-spezialmaschinen\/","og_site_name":"AJV-Machine DE","article_modified_time":"2017-11-27T17:05:32+00:00","twitter_card":"summary_large_image","twitter_misc":{"Gesch\u00e4tzte Lesezeit":"1\u00a0Minute"},"schema":{"@context":"https:\/\/schema.org","@graph":[{"@type":"WebPage","@id":"https:\/\/www.ajv-machine.com\/de\/ajv-maschinen-fur-dichtungsbleche-und-spezialmaschinen\/","url":"https:\/\/www.ajv-machine.com\/de\/ajv-maschinen-fur-dichtungsbleche-und-spezialmaschinen\/","name":"AJV Maschinen f\u00fcr Dichtungsbleche und Spezialmaschinen - AJV-Machine DE","isPartOf":{"@id":"https:\/\/www.ajv-machine.com\/de\/#website"},"datePublished":"2017-09-13T08:20:29+00:00","dateModified":"2017-11-27T17:05:32+00:00","description":"Willkommen bei den Profis der Rollformtechnik. Unser au\u00dferordentliches Know-how ist das Ergebnis vieler Jahrzehnte der Entwicklung erstklassiger L\u00f6sungen f\u00fcr die Blechprofiltechnik.","breadcrumb":{"@id":"https:\/\/www.ajv-machine.com\/de\/ajv-maschinen-fur-dichtungsbleche-und-spezialmaschinen\/#breadcrumb"},"inLanguage":"de","potentialAction":[{"@type":"ReadAction","target":["https:\/\/www.ajv-machine.com\/de\/ajv-maschinen-fur-dichtungsbleche-und-spezialmaschinen\/"]}]},{"@type":"BreadcrumbList","@id":"https:\/\/www.ajv-machine.com\/de\/ajv-maschinen-fur-dichtungsbleche-und-spezialmaschinen\/#breadcrumb","itemListElement":[{"@type":"ListItem","position":1,"name":"Startseite","item":"https:\/\/www.ajv-machine.com\/de\/"},{"@type":"ListItem","position":2,"name":"AJV Maschinen f\u00fcr Dichtungsbleche und Spezialmaschinen"}]},{"@type":"WebSite","@id":"https:\/\/www.ajv-machine.com\/de\/#website","url":"https:\/\/www.ajv-machine.com\/de\/","name":"AJV-Machine DE","description":"Your profiling technology partner","potentialAction":[{"@type":"SearchAction","target":{"@type":"EntryPoint","urlTemplate":"https:\/\/www.ajv-machine.com\/de\/?s={search_term_string}"},"query-input":{"@type":"PropertyValueSpecification","valueRequired":true,"valueName":"search_term_string"}}],"inLanguage":"de"}]}},"_links":{"self":[{"href":"https:\/\/www.ajv-machine.com\/de\/wp-json\/wp\/v2\/pages\/777","targetHints":{"allow":["GET"]}}],"collection":[{"href":"https:\/\/www.ajv-machine.com\/de\/wp-json\/wp\/v2\/pages"}],"about":[{"href":"https:\/\/www.ajv-machine.com\/de\/wp-json\/wp\/v2\/types\/page"}],"author":[{"embeddable":true,"href":"https:\/\/www.ajv-machine.com\/de\/wp-json\/wp\/v2\/users\/1"}],"replies":[{"embeddable":true,"href":"https:\/\/www.ajv-machine.com\/de\/wp-json\/wp\/v2\/comments?post=777"}],"version-history":[{"count":31,"href":"https:\/\/www.ajv-machine.com\/de\/wp-json\/wp\/v2\/pages\/777\/revisions"}],"predecessor-version":[{"id":1918,"href":"https:\/\/www.ajv-machine.com\/de\/wp-json\/wp\/v2\/pages\/777\/revisions\/1918"}],"wp:attachment":[{"href":"https:\/\/www.ajv-machine.com\/de\/wp-json\/wp\/v2\/media?parent=777"}],"curies":[{"name":"wp","href":"https:\/\/api.w.org\/{rel}","templated":true}]}}