{"id":957,"date":"2017-09-14T05:39:32","date_gmt":"2017-09-14T05:39:32","guid":{"rendered":"http:\/\/www.ajv-machine.com\/de\/?page_id=957"},"modified":"2017-12-07T11:51:13","modified_gmt":"2017-12-07T11:51:13","slug":"ajv-high","status":"publish","type":"page","link":"https:\/\/www.ajv-machine.com\/de\/ajv-high\/","title":{"rendered":"AJV High\u2122"},"content":{"rendered":"\t<section class=\"section dark\" id=\"section_2128240513\">\n\t\t<div class=\"bg section-bg fill bg-fill  \" >\n\n\t\t\t\n\t\t\t\n\t\t\t\n\n\t\t<\/div>\n\n\t\t<div class=\"section-content relative\">\n\t\t\t\n\t\t<\/div>\n\n\t\t\n<style scope=\"scope\">\n\n#section_2128240513 {\n  padding-top: 60px;\n  padding-bottom: 60px;\n  min-height: 500px;\n  background-color: rgb(40, 40, 40);\n}\n#section_2128240513 .section-bg.bg-loaded {\n  background-image: url(https:\/\/www.ajv-machine.com\/de\/wp-content\/uploads\/sites\/4\/2017\/10\/AJV-high-02.jpg);\n}\n<\/style>\n\t<\/section>\n\t\n\t<section class=\"section\" id=\"section_1362725613\">\n\t\t<div class=\"bg section-bg fill bg-fill  bg-loaded\" >\n\n\t\t\t\n\t\t\t\n\t\t\t\n\n\t\t<\/div>\n\n\t\t<div class=\"section-content relative\">\n\t\t\t\n<div class=\"row align-center\"  id=\"row-738171720\">\n\n\t<div class=\"col small-12 large-12\"  >\n\t\t<div class=\"col-inner\"  >\n\t\t\t\n\t\t\t\n<h1 class=\"h2 blue\" style=\"text-align: center;\">ANLAGENL\u00d6SUNGEN F\u00dcR TRAGENDE PROFILE<\/h1>\n\t\t<\/div>\n\t<\/div>\n\n\t\n\n\t<div class=\"col medium-6 small-12 large-6\"  >\n\t\t<div class=\"col-inner text-center\"  >\n\t\t\t\n\t\t\t\n<p>AJV bietet Anlagenl\u00f6sungen f\u00fcr die Herstellung von tragenden Profilen und anderen Profilen voller Coilbreite mit gr\u00f6\u00dferer Dicke, wie etwa leichte Dachpfetten.<\/p>\n\t\t<\/div>\n\t<\/div>\n\n\t\n\n\t<div class=\"col medium-6 small-12 large-6\"  >\n\t\t<div class=\"col-inner\"  >\n\t\t\t\n\t\t\t\n<p style=\"text-align: center;\">AJV HIGH\u2122 wurde als Spitzenmodell dieser Produktkategorie entworfen, um Ihr Gesch\u00e4ft mit au\u00dfergew\u00f6hnlicher Profilqualit\u00e4t nach vorn zu bringen.<\/p>\n\t\t<\/div>\n\t<\/div>\n\n\t\n\n<style scope=\"scope\">\n\n<\/style>\n<\/div>\n\t\t<\/div>\n\n\t\t\n<style scope=\"scope\">\n\n#section_1362725613 {\n  padding-top: 60px;\n  padding-bottom: 60px;\n  min-height: 300px;\n  background-color: rgb(245, 245, 245);\n}\n<\/style>\n\t<\/section>\n\t\n<div class=\"row align-middle align-center\"  id=\"row-1178212131\">\n\n\t<div class=\"col medium-10 small-12 large-10\"  >\n\t\t<div class=\"col-inner text-center\"  >\n\t\t\t\n\t\t\t\n<h2 class=\"h1\">ROBUSTE UND ZUVERL\u00c4SSIGE QUALIT\u00c4T<\/h2>\n<p>Das brandneue AJV HIGH\u2122 l\u00f6st die entscheidenden Herausforderungen bei der Produktion von tragenden Profilen. Die Profile werden mit h\u00f6chster Formgenauigkeit hergestellt, die viele Jahre halten wird.<\/p>\n\t<div class=\"img has-hover x md-x lg-x y md-y lg-y\" id=\"image_414785862\">\n\t\t\t\t\t\t\t\t<div class=\"img-inner dark\" >\n\t\t\t<img loading=\"lazy\" decoding=\"async\" width=\"1020\" height=\"666\" src=\"https:\/\/www.ajv-machine.com\/de\/wp-content\/uploads\/sites\/4\/2017\/09\/AJV-high-03-1024x669.png\" class=\"attachment-large size-large\" alt=\"\" srcset=\"https:\/\/www.ajv-machine.com\/de\/wp-content\/uploads\/sites\/4\/2017\/09\/AJV-high-03-1024x669.png 1024w, https:\/\/www.ajv-machine.com\/de\/wp-content\/uploads\/sites\/4\/2017\/09\/AJV-high-03-300x196.png 300w, https:\/\/www.ajv-machine.com\/de\/wp-content\/uploads\/sites\/4\/2017\/09\/AJV-high-03-768x502.png 768w, https:\/\/www.ajv-machine.com\/de\/wp-content\/uploads\/sites\/4\/2017\/09\/AJV-high-03.png 1587w\" sizes=\"auto, (max-width: 1020px) 100vw, 1020px\" \/>\t\t\t\t\t\t\n\t\t\t\t\t<\/div>\n\t\t\t\t\t\t\t\t\n<style scope=\"scope\">\n\n#image_414785862 {\n  width: 100%;\n}\n<\/style>\n\t<\/div>\n\t\n\t\t<\/div>\n\t<\/div>\n\n\t\n\n<style scope=\"scope\">\n\n<\/style>\n<\/div>\n\t<div id=\"gap-1510436371\" class=\"gap-element clearfix\" style=\"display:block; height:auto;\">\n\t\t\n<style scope=\"scope\">\n\n#gap-1510436371 {\n  padding-top: 60px;\n}\n<\/style>\n\t<\/div>\n\t\n\t<section class=\"section dark\" id=\"section_1558869276\">\n\t\t<div class=\"bg section-bg fill bg-fill  \" >\n\n\t\t\t\n\t\t\t\n\t\t\t\n\n\t\t<\/div>\n\n\t\t<div class=\"section-content relative\">\n\t\t\t\n\t\t<\/div>\n\n\t\t\n<style scope=\"scope\">\n\n#section_1558869276 {\n  padding-top: 60px;\n  padding-bottom: 60px;\n  min-height: 500px;\n  background-color: rgb(40, 40, 40);\n}\n#section_1558869276 .section-bg.bg-loaded {\n  background-image: url(https:\/\/www.ajv-machine.com\/de\/wp-content\/uploads\/sites\/4\/2017\/09\/AJV-high-04.png);\n}\n<\/style>\n\t<\/section>\n\t\n<div class=\"row align-middle align-center\"  id=\"row-106155908\">\n\n\t<div class=\"col medium-10 small-12 large-10\"  >\n\t\t<div class=\"col-inner text-center\"  >\n\t\t\t\n\t\t\t\n<h2 class=\"h1\">HERGESTELLT MIT PROFILIERTEN KENNTNISSEN<\/h2>\n<p>Die Herausforderungen bei der Herstellung tragender Profile liegen meist im schlechten Gesamtdesign der Profilieranlagen. Dank unserer umfassenden Erfahrung im Bereich der Profiltechnik, jahrelanger Forschung und Entwicklung sowie harter Arbeit haben wir einen Weg gefunden, all diese Herausforderungen zu meistern. AJV HIGH\u2122 ist unzweifelhaft die weltbeste Maschine zur Herstellung hochwertiger tragender Profile mit besonderem Schwerpunkt auf dauerhafter Formgenauigkeit.<\/p>\n<h3 class=\"h5 uppercase\">ENTWORFEN MIT WAHREM SACHVERSTAND<\/h3>\n\t\t<\/div>\n\t<\/div>\n\n\t\n\n\t<div class=\"col medium-10 small-12 large-10\"  >\n\t\t<div class=\"col-inner\"  >\n\t\t\t\n\t\t\t\n<div class=\"slider-wrapper relative\" id=\"slider-324826176\" >\n    <div class=\"slider slider-nav-circle slider-nav-large slider-nav-light slider-style-normal slider-show-nav\"\n        data-flickity-options='{\n            \"cellAlign\": \"center\",\n            \"imagesLoaded\": true,\n            \"lazyLoad\": 1,\n            \"freeScroll\": true,\n            \"wrapAround\": true,\n            \"autoPlay\": 6000,\n            \"pauseAutoPlayOnHover\" : true,\n            \"prevNextButtons\": true,\n            \"contain\" : true,\n            \"adaptiveHeight\" : true,\n            \"dragThreshold\" : 10,\n            \"percentPosition\": true,\n            \"pageDots\": true,\n            \"rightToLeft\": false,\n            \"draggable\": true,\n            \"selectedAttraction\": 0.1,\n            \"parallax\" : 0,\n            \"friction\": 0.6        }'\n        >\n        \n\t<div class=\"img has-hover x md-x lg-x y md-y lg-y\" id=\"image_1930846580\">\n\t\t\t\t\t\t\t\t<div class=\"img-inner dark\" >\n\t\t\t<img loading=\"lazy\" decoding=\"async\" width=\"1020\" height=\"585\" src=\"https:\/\/www.ajv-machine.com\/de\/wp-content\/uploads\/sites\/4\/2017\/09\/AJV-high-06-1024x587.png\" class=\"attachment-large size-large\" alt=\"\" srcset=\"https:\/\/www.ajv-machine.com\/de\/wp-content\/uploads\/sites\/4\/2017\/09\/AJV-high-06-1024x587.png 1024w, https:\/\/www.ajv-machine.com\/de\/wp-content\/uploads\/sites\/4\/2017\/09\/AJV-high-06-300x172.png 300w, https:\/\/www.ajv-machine.com\/de\/wp-content\/uploads\/sites\/4\/2017\/09\/AJV-high-06-768x440.png 768w, https:\/\/www.ajv-machine.com\/de\/wp-content\/uploads\/sites\/4\/2017\/09\/AJV-high-06.png 1063w\" sizes=\"auto, (max-width: 1020px) 100vw, 1020px\" \/>\t\t\t\t\t\t\n\t\t\t\t\t<\/div>\n\t\t\t\t\t\t\t\t\n<style scope=\"scope\">\n\n#image_1930846580 {\n  width: 100%;\n}\n<\/style>\n\t<\/div>\n\t\n\t<div class=\"img has-hover x md-x lg-x y md-y lg-y\" id=\"image_849857200\">\n\t\t\t\t\t\t\t\t<div class=\"img-inner dark\" >\n\t\t\t<img loading=\"lazy\" decoding=\"async\" width=\"828\" height=\"550\" src=\"https:\/\/www.ajv-machine.com\/de\/wp-content\/uploads\/sites\/4\/2017\/09\/AJV-high-09.png\" class=\"attachment-large size-large\" alt=\"\" srcset=\"https:\/\/www.ajv-machine.com\/de\/wp-content\/uploads\/sites\/4\/2017\/09\/AJV-high-09.png 828w, https:\/\/www.ajv-machine.com\/de\/wp-content\/uploads\/sites\/4\/2017\/09\/AJV-high-09-300x199.png 300w, https:\/\/www.ajv-machine.com\/de\/wp-content\/uploads\/sites\/4\/2017\/09\/AJV-high-09-768x510.png 768w\" sizes=\"auto, (max-width: 828px) 100vw, 828px\" \/>\t\t\t\t\t\t\n\t\t\t\t\t<\/div>\n\t\t\t\t\t\t\t\t\n<style scope=\"scope\">\n\n#image_849857200 {\n  width: 100%;\n}\n<\/style>\n\t<\/div>\n\t\n\t<div class=\"img has-hover x md-x lg-x y md-y lg-y\" id=\"image_915449378\">\n\t\t\t\t\t\t\t\t<div class=\"img-inner dark\" >\n\t\t\t<img loading=\"lazy\" decoding=\"async\" width=\"525\" height=\"268\" src=\"https:\/\/www.ajv-machine.com\/de\/wp-content\/uploads\/sites\/4\/2017\/10\/AJV-high-06-1.jpg\" class=\"attachment-original size-original\" alt=\"\" srcset=\"https:\/\/www.ajv-machine.com\/de\/wp-content\/uploads\/sites\/4\/2017\/10\/AJV-high-06-1.jpg 525w, https:\/\/www.ajv-machine.com\/de\/wp-content\/uploads\/sites\/4\/2017\/10\/AJV-high-06-1-300x153.jpg 300w\" sizes=\"auto, (max-width: 525px) 100vw, 525px\" \/>\t\t\t\t\t\t\n\t\t\t\t\t<\/div>\n\t\t\t\t\t\t\t\t\n<style scope=\"scope\">\n\n#image_915449378 {\n  width: 100%;\n}\n<\/style>\n\t<\/div>\n\t\n     <\/div>\n\n     <div class=\"loading-spin dark large centered\"><\/div>\n\n     <style scope=\"scope\">\n             <\/style>\n<\/div>\n\n\n\t\t<\/div>\n\t<\/div>\n\n\t\n\n<style scope=\"scope\">\n\n<\/style>\n<\/div>\n\t<div id=\"gap-1115922321\" class=\"gap-element clearfix\" style=\"display:block; height:auto;\">\n\t\t\n<style scope=\"scope\">\n\n#gap-1115922321 {\n  padding-top: 60px;\n}\n<\/style>\n\t<\/div>\n\t\n<div class=\"row align-middle align-center\"  id=\"row-1081331104\">\n\n\t<div class=\"col medium-10 small-12 large-10\"  >\n\t\t<div class=\"col-inner text-center\"  >\n\t\t\t\n\t\t\t\n<h2 class=\"h1\">BRINGEN SIE IHR GESCH\u00c4FT VORAN MIT AUSSERGEW\u00d6HNLICHER PROFILQUALIT\u00c4T<\/h2>\n<p>Die mechanischen L\u00f6sungen von AJV HIGH\u2122 beseitigen alle typischen Defekte beim Profilieren von hohen Profilen. TKurz gesagt stellt AJV HIGH\u2122 Profile her, die exakt dem Originaldesign entsprechen \u2013 und nicht nur ungef\u00e4hr. Dank unserer einzigartigen Designkompetenz kann AJV HIGH\u2122 so ausgelegt werden, dass Profile mit einer H\u00f6he von mehr als 200 mm ohne Qualit\u00e4tsverlust hergestellt werden.<\/p>\n\t\t<\/div>\n\t<\/div>\n\n\t\n\n\t<div class=\"col small-12 large-12\"  >\n\t\t<div class=\"col-inner\"  >\n\t\t\t\n\t\t\t\n<div class=\"row align-middle align-center\"  id=\"row-1733746035\">\n\n\t<div class=\"col small-12 large-12\"  >\n\t\t<div class=\"col-inner text-center\"  >\n\t\t\t\n\t\t\t\n\t<div class=\"img has-hover x md-x lg-x y md-y lg-y\" id=\"image_440383248\">\n\t\t\t\t\t\t\t\t<div class=\"img-inner dark\" >\n\t\t\t<img loading=\"lazy\" decoding=\"async\" width=\"1020\" height=\"553\" src=\"https:\/\/www.ajv-machine.com\/de\/wp-content\/uploads\/sites\/4\/2017\/09\/AJV-high-07-1024x555.png\" class=\"attachment-large size-large\" alt=\"\" srcset=\"https:\/\/www.ajv-machine.com\/de\/wp-content\/uploads\/sites\/4\/2017\/09\/AJV-high-07-1024x555.png 1024w, https:\/\/www.ajv-machine.com\/de\/wp-content\/uploads\/sites\/4\/2017\/09\/AJV-high-07-300x162.png 300w, https:\/\/www.ajv-machine.com\/de\/wp-content\/uploads\/sites\/4\/2017\/09\/AJV-high-07-768x416.png 768w, https:\/\/www.ajv-machine.com\/de\/wp-content\/uploads\/sites\/4\/2017\/09\/AJV-high-07.png 1396w\" sizes=\"auto, (max-width: 1020px) 100vw, 1020px\" \/>\t\t\t\t\t\t\n\t\t\t\t\t<\/div>\n\t\t\t\t\t\t\t\t\n<style scope=\"scope\">\n\n#image_440383248 {\n  width: 100%;\n}\n<\/style>\n\t<\/div>\n\t\n\t\t<\/div>\n\t<\/div>\n\n\t\n\n<style scope=\"scope\">\n\n<\/style>\n<\/div>\n\t\t<\/div>\n\t<\/div>\n\n\t\n\n<style scope=\"scope\">\n\n<\/style>\n<\/div>\n\t<section class=\"section dark\" id=\"section_2032345562\">\n\t\t<div class=\"bg section-bg fill bg-fill  \" >\n\n\t\t\t\n\t\t\t\n\t\t\t\n\n\t\t<\/div>\n\n\t\t<div class=\"section-content relative\">\n\t\t\t\n\t\t<\/div>\n\n\t\t\n<style scope=\"scope\">\n\n#section_2032345562 {\n  padding-top: 60px;\n  padding-bottom: 60px;\n  min-height: 500px;\n  background-color: rgb(40, 40, 40);\n}\n#section_2032345562 .section-bg.bg-loaded {\n  background-image: url(https:\/\/www.ajv-machine.com\/de\/wp-content\/uploads\/sites\/4\/2017\/09\/AJV-high-09.jpg);\n}\n<\/style>\n\t<\/section>\n\t\n<div class=\"row align-middle align-center\"  id=\"row-2055471664\">\n\n\t<div class=\"col medium-10 small-12 large-10\"  >\n\t\t<div class=\"col-inner text-center\"  >\n\t\t\t\n\t\t\t\n<h2 class=\"h1\">EINE L\u00d6SUNG F\u00dcR DIE H\u00d6CHSTEN ERWARTUNGEN<\/h2>\n<h3 class=\"h5 uppercase\">WIR WISSEN, WIE ES GEHT.<\/h3>\n<p>Die Technologie hinter AJV High\u2122 ist eines unserer bestgeh\u00fcteten Geheimnisse. Kontaktieren Sie uns, um das Geheimnis Ihrer zuk\u00fcnftigen Erfolge kennenzulernen.<\/p>\n\t\t<\/div>\n\t<\/div>\n\n\t\n\n<style scope=\"scope\">\n\n<\/style>\n<\/div>\n\t<div id=\"gap-753158693\" class=\"gap-element clearfix\" style=\"display:block; height:auto;\">\n\t\t\n<style scope=\"scope\">\n\n#gap-753158693 {\n  padding-top: 60px;\n}\n<\/style>\n\t<\/div>\n\t\n","protected":false},"excerpt":{"rendered":"","protected":false},"author":1,"featured_media":0,"parent":0,"menu_order":0,"comment_status":"closed","ping_status":"closed","template":"page-blank.php","meta":{"footnotes":""},"class_list":["post-957","page","type-page","status-publish","hentry"],"yoast_head":"<!-- This site is optimized with the Yoast SEO plugin v24.2 - https:\/\/yoast.com\/wordpress\/plugins\/seo\/ -->\n<title>AJV High\u2122 - AJV-Machine DE<\/title>\n<meta name=\"description\" content=\"Willkommen bei den Profis der Rollformtechnik. Unser au\u00dferordentliches Know-how ist das Ergebnis vieler Jahrzehnte der Entwicklung erstklassiger L\u00f6sungen f\u00fcr die Blechprofiltechnik.\" \/>\n<meta name=\"robots\" content=\"index, follow, max-snippet:-1, max-image-preview:large, max-video-preview:-1\" \/>\n<link rel=\"canonical\" href=\"https:\/\/www.ajv-machine.com\/de\/ajv-high\/\" \/>\n<meta property=\"og:locale\" content=\"de_DE\" \/>\n<meta property=\"og:type\" content=\"article\" \/>\n<meta property=\"og:title\" content=\"AJV High\u2122 - AJV-Machine DE\" \/>\n<meta property=\"og:description\" content=\"Willkommen bei den Profis der Rollformtechnik. Unser au\u00dferordentliches Know-how ist das Ergebnis vieler Jahrzehnte der Entwicklung erstklassiger L\u00f6sungen f\u00fcr die Blechprofiltechnik.\" \/>\n<meta property=\"og:url\" content=\"https:\/\/www.ajv-machine.com\/de\/ajv-high\/\" \/>\n<meta property=\"og:site_name\" content=\"AJV-Machine DE\" \/>\n<meta property=\"article:modified_time\" content=\"2017-12-07T11:51:13+00:00\" \/>\n<meta name=\"twitter:card\" content=\"summary_large_image\" \/>\n<meta name=\"twitter:label1\" content=\"Gesch\u00e4tzte Lesezeit\" \/>\n\t<meta name=\"twitter:data1\" content=\"2\u00a0Minuten\" \/>\n<script type=\"application\/ld+json\" class=\"yoast-schema-graph\">{\"@context\":\"https:\/\/schema.org\",\"@graph\":[{\"@type\":\"WebPage\",\"@id\":\"https:\/\/www.ajv-machine.com\/de\/ajv-high\/\",\"url\":\"https:\/\/www.ajv-machine.com\/de\/ajv-high\/\",\"name\":\"AJV High\u2122 - AJV-Machine DE\",\"isPartOf\":{\"@id\":\"https:\/\/www.ajv-machine.com\/de\/#website\"},\"datePublished\":\"2017-09-14T05:39:32+00:00\",\"dateModified\":\"2017-12-07T11:51:13+00:00\",\"description\":\"Willkommen bei den Profis der Rollformtechnik. Unser au\u00dferordentliches Know-how ist das Ergebnis vieler Jahrzehnte der Entwicklung erstklassiger L\u00f6sungen f\u00fcr die Blechprofiltechnik.\",\"breadcrumb\":{\"@id\":\"https:\/\/www.ajv-machine.com\/de\/ajv-high\/#breadcrumb\"},\"inLanguage\":\"de\",\"potentialAction\":[{\"@type\":\"ReadAction\",\"target\":[\"https:\/\/www.ajv-machine.com\/de\/ajv-high\/\"]}]},{\"@type\":\"BreadcrumbList\",\"@id\":\"https:\/\/www.ajv-machine.com\/de\/ajv-high\/#breadcrumb\",\"itemListElement\":[{\"@type\":\"ListItem\",\"position\":1,\"name\":\"Startseite\",\"item\":\"https:\/\/www.ajv-machine.com\/de\/\"},{\"@type\":\"ListItem\",\"position\":2,\"name\":\"AJV High\u2122\"}]},{\"@type\":\"WebSite\",\"@id\":\"https:\/\/www.ajv-machine.com\/de\/#website\",\"url\":\"https:\/\/www.ajv-machine.com\/de\/\",\"name\":\"AJV-Machine DE\",\"description\":\"Your profiling technology partner\",\"potentialAction\":[{\"@type\":\"SearchAction\",\"target\":{\"@type\":\"EntryPoint\",\"urlTemplate\":\"https:\/\/www.ajv-machine.com\/de\/?s={search_term_string}\"},\"query-input\":{\"@type\":\"PropertyValueSpecification\",\"valueRequired\":true,\"valueName\":\"search_term_string\"}}],\"inLanguage\":\"de\"}]}<\/script>\n<!-- \/ Yoast SEO plugin. -->","yoast_head_json":{"title":"AJV High\u2122 - AJV-Machine DE","description":"Willkommen bei den Profis der Rollformtechnik. Unser au\u00dferordentliches Know-how ist das Ergebnis vieler Jahrzehnte der Entwicklung erstklassiger L\u00f6sungen f\u00fcr die Blechprofiltechnik.","robots":{"index":"index","follow":"follow","max-snippet":"max-snippet:-1","max-image-preview":"max-image-preview:large","max-video-preview":"max-video-preview:-1"},"canonical":"https:\/\/www.ajv-machine.com\/de\/ajv-high\/","og_locale":"de_DE","og_type":"article","og_title":"AJV High\u2122 - AJV-Machine DE","og_description":"Willkommen bei den Profis der Rollformtechnik. Unser au\u00dferordentliches Know-how ist das Ergebnis vieler Jahrzehnte der Entwicklung erstklassiger L\u00f6sungen f\u00fcr die Blechprofiltechnik.","og_url":"https:\/\/www.ajv-machine.com\/de\/ajv-high\/","og_site_name":"AJV-Machine DE","article_modified_time":"2017-12-07T11:51:13+00:00","twitter_card":"summary_large_image","twitter_misc":{"Gesch\u00e4tzte Lesezeit":"2\u00a0Minuten"},"schema":{"@context":"https:\/\/schema.org","@graph":[{"@type":"WebPage","@id":"https:\/\/www.ajv-machine.com\/de\/ajv-high\/","url":"https:\/\/www.ajv-machine.com\/de\/ajv-high\/","name":"AJV High\u2122 - AJV-Machine DE","isPartOf":{"@id":"https:\/\/www.ajv-machine.com\/de\/#website"},"datePublished":"2017-09-14T05:39:32+00:00","dateModified":"2017-12-07T11:51:13+00:00","description":"Willkommen bei den Profis der Rollformtechnik. Unser au\u00dferordentliches Know-how ist das Ergebnis vieler Jahrzehnte der Entwicklung erstklassiger L\u00f6sungen f\u00fcr die Blechprofiltechnik.","breadcrumb":{"@id":"https:\/\/www.ajv-machine.com\/de\/ajv-high\/#breadcrumb"},"inLanguage":"de","potentialAction":[{"@type":"ReadAction","target":["https:\/\/www.ajv-machine.com\/de\/ajv-high\/"]}]},{"@type":"BreadcrumbList","@id":"https:\/\/www.ajv-machine.com\/de\/ajv-high\/#breadcrumb","itemListElement":[{"@type":"ListItem","position":1,"name":"Startseite","item":"https:\/\/www.ajv-machine.com\/de\/"},{"@type":"ListItem","position":2,"name":"AJV High\u2122"}]},{"@type":"WebSite","@id":"https:\/\/www.ajv-machine.com\/de\/#website","url":"https:\/\/www.ajv-machine.com\/de\/","name":"AJV-Machine DE","description":"Your profiling technology partner","potentialAction":[{"@type":"SearchAction","target":{"@type":"EntryPoint","urlTemplate":"https:\/\/www.ajv-machine.com\/de\/?s={search_term_string}"},"query-input":{"@type":"PropertyValueSpecification","valueRequired":true,"valueName":"search_term_string"}}],"inLanguage":"de"}]}},"_links":{"self":[{"href":"https:\/\/www.ajv-machine.com\/de\/wp-json\/wp\/v2\/pages\/957","targetHints":{"allow":["GET"]}}],"collection":[{"href":"https:\/\/www.ajv-machine.com\/de\/wp-json\/wp\/v2\/pages"}],"about":[{"href":"https:\/\/www.ajv-machine.com\/de\/wp-json\/wp\/v2\/types\/page"}],"author":[{"embeddable":true,"href":"https:\/\/www.ajv-machine.com\/de\/wp-json\/wp\/v2\/users\/1"}],"replies":[{"embeddable":true,"href":"https:\/\/www.ajv-machine.com\/de\/wp-json\/wp\/v2\/comments?post=957"}],"version-history":[{"count":43,"href":"https:\/\/www.ajv-machine.com\/de\/wp-json\/wp\/v2\/pages\/957\/revisions"}],"predecessor-version":[{"id":1935,"href":"https:\/\/www.ajv-machine.com\/de\/wp-json\/wp\/v2\/pages\/957\/revisions\/1935"}],"wp:attachment":[{"href":"https:\/\/www.ajv-machine.com\/de\/wp-json\/wp\/v2\/media?parent=957"}],"curies":[{"name":"wp","href":"https:\/\/api.w.org\/{rel}","templated":true}]}}