{"id":379,"date":"2017-09-11T09:39:27","date_gmt":"2017-09-11T09:39:27","guid":{"rendered":"http:\/\/www.ajv-machine.com\/fi\/?page_id=379"},"modified":"2025-03-06T07:28:41","modified_gmt":"2025-03-06T07:28:41","slug":"yritys","status":"publish","type":"page","link":"https:\/\/www.ajv-machine.com\/fi\/yritys\/","title":{"rendered":"Yritys"},"content":{"rendered":"\t<div class=\"img has-hover x md-x lg-x y md-y lg-y\" id=\"image_784792319\">\n\t\t\t\t\t\t\t\t<div class=\"img-inner image-cover dark\" style=\"padding-top:600px;\">\n\t\t\t<img loading=\"lazy\" decoding=\"async\" width=\"3648\" height=\"2269\" src=\"https:\/\/www.ajv-machine.com\/fi\/wp-content\/uploads\/sites\/2\/2017\/09\/AJV-Mika-02.jpg\" class=\"attachment-original size-original\" alt=\"\" srcset=\"https:\/\/www.ajv-machine.com\/fi\/wp-content\/uploads\/sites\/2\/2017\/09\/AJV-Mika-02.jpg 3648w, https:\/\/www.ajv-machine.com\/fi\/wp-content\/uploads\/sites\/2\/2017\/09\/AJV-Mika-02-300x187.jpg 300w, https:\/\/www.ajv-machine.com\/fi\/wp-content\/uploads\/sites\/2\/2017\/09\/AJV-Mika-02-768x478.jpg 768w, https:\/\/www.ajv-machine.com\/fi\/wp-content\/uploads\/sites\/2\/2017\/09\/AJV-Mika-02-1024x637.jpg 1024w\" sizes=\"auto, (max-width: 3648px) 100vw, 3648px\" \/>\t\t\t\t\t\t\n\t\t\t\t\t<\/div>\n\t\t\t\t\t\t\t\t\n<style scope=\"scope\">\n\n#image_784792319 {\n  width: 100%;\n}\n<\/style>\n\t<\/div>\n\t\n<div class=\"row align-middle align-center\"  id=\"row-2087789303\">\n\n\t<div class=\"col small-12 large-12\"  >\n\t\t<div class=\"col-inner\" style=\"padding:32px 0px 0px 0px;\" >\n\t\t\t\n\t\t\t\n<h1 class=\"blue\" style=\"text-align: center\">AJV-TIIMI ON OMISTAUTUNUT<br \/>RULLAMUOVAUKSELLE<\/h1>\n<h2 class=\"h4 blue\" style=\"text-align: center\">KATAMME KAIKKI TARPEESI<\/h2>\n<p class=\"lead\" style=\"text-align: center\">\u201cRullamuovausratkaisumme edustavat alan vahvinta teknologiaa ja ovat asiakkaiden keskuudessa korkealle arvostettuja. On el\u00e4m\u00e4ntapamme innovoida teknologisesti ensiluokkaisia rullamuovausratkaisuja. T\u00e4st\u00e4 syntyy alan paras asiakaskokemus. L\u00e4hestymistapamme tutkia asioita kokonaisvaltaisesti mahdollistaa asiakkaillemme kaiken kattavat ratkaisut ja palvelut samasta paikasta. T\u00e4m\u00e4n ansiosta kykenemme luomaan tuottavia ja pitk\u00e4aikaisia kumppanuuksia. Olemme ylpeit\u00e4 edustaessamme maailmankuulua suomalaista insin\u00f6\u00f6ritaitoa. Vahva osaamisemme perustuu 40 vuoden kokemukseen, jatkuvaan tuotekehitykseen sek\u00e4 tiiviiseen yhteisty\u00f6h\u00f6n asiakkaidemme kanssa. Min\u00e4 ja kaikki muut AJV:n ammattilaiset olemme aina sataprosenttisen sitoutuneita palvelemaan sinua.\u201d<\/p>\n<p class=\"lead\" style=\"text-align: center\">Mika Virtanen \u2013 Toimitusjohtaja, Omistaja<\/p>\n\t\t<\/div>\n\t<\/div>\n\n\t\n\n\n\t<div class=\"col medium-4 small-12 large-4\"  >\n\t\t<div class=\"col-inner text-center\"  >\n\t\t\t\n\t\t\t\n\t<div class=\"img has-hover x md-x lg-x y md-y lg-y\" id=\"image_1374528355\">\n\t\t\t\t\t\t\t\t<div class=\"img-inner dark\" >\n\t\t\t<img loading=\"lazy\" decoding=\"async\" width=\"1020\" height=\"899\" src=\"https:\/\/www.ajv-machine.com\/fi\/wp-content\/uploads\/sites\/2\/2025\/02\/STANDING_BLACK_1080x952-1024x903.png\" class=\"attachment-large size-large\" alt=\"\" srcset=\"https:\/\/www.ajv-machine.com\/fi\/wp-content\/uploads\/sites\/2\/2025\/02\/STANDING_BLACK_1080x952-1024x903.png 1024w, https:\/\/www.ajv-machine.com\/fi\/wp-content\/uploads\/sites\/2\/2025\/02\/STANDING_BLACK_1080x952-300x264.png 300w, https:\/\/www.ajv-machine.com\/fi\/wp-content\/uploads\/sites\/2\/2025\/02\/STANDING_BLACK_1080x952-768x677.png 768w, https:\/\/www.ajv-machine.com\/fi\/wp-content\/uploads\/sites\/2\/2025\/02\/STANDING_BLACK_1080x952.png 1080w\" sizes=\"auto, (max-width: 1020px) 100vw, 1020px\" \/>\t\t\t\t\t\t\n\t\t\t\t\t<\/div>\n\t\t\t\t\t\t\t\t\n<style scope=\"scope\">\n\n#image_1374528355 {\n  width: 75%;\n}\n<\/style>\n\t<\/div>\n\t\n\t\t<\/div>\n\t<\/div>\n\n\t\n\n<style scope=\"scope\">\n\n<\/style>\n<\/div>\n<div class=\"row\"  id=\"row-485870859\">\n\n\t<div class=\"col medium-4 small-12 large-4\"  data-animate=\"flipInX\">\n\t\t<div class=\"col-inner\" style=\"padding:32px 0px 0px 0px;\" >\n\t\t\t\n\t\t\t\n<h2 class=\"uppercase\" style=\"text-align: center\"><span class=\"orange\">\u25a0<\/span> MISSIOMME<\/h2>\n<p class=\"lead\" style=\"text-align: center\">on valmistaa asiakkaillemme innovatiivisia ja korkealaatuisia rullamuovauskoneita maailmanlaajuisesti.<\/p>\n\t\t<\/div>\n\t<\/div>\n\n\t\n\n\t<div class=\"col medium-4 small-12 large-4\"  data-animate=\"flipInX\">\n\t\t<div class=\"col-inner\" style=\"padding:32px 0px 0px 0px;\" >\n\t\t\t\n\t\t\t\n<h2 class=\"uppercase\" style=\"text-align: center\"><span class=\"orange\">\u25a0<\/span> VISIOMME<\/h2>\n<p class=\"lead\" style=\"text-align: center\">on olla rullamuovauskoneiden sek\u00e4 niiden oheistuotteiden toimittajana luotetuin ja halutuin yhteisty\u00f6kumppani.<\/p>\n\t\t<\/div>\n\t<\/div>\n\n\t\n\n\t<div class=\"col medium-4 small-12 large-4\"  data-animate=\"flipInX\">\n\t\t<div class=\"col-inner\" style=\"padding:32px 0px 0px 0px;\" >\n\t\t\t\n\t\t\t\n<h2 class=\"uppercase\" style=\"text-align: center\"><span class=\"orange\">\u25a0<\/span> TOIMINTAMME<\/h2>\n<p class=\"lead\" style=\"text-align: center\">perustuu avoimuuteen, rehellisyyteen ja luotettavuuteen niin asiakkaittemme, ty\u00f6ntekij\u00f6ittemme kuin kumppaneittemme kanssa.<\/p>\n\t\t<\/div>\n\t<\/div>\n\n\t\n<\/div>\n\t<div id=\"gap-1370587695\" class=\"gap-element clearfix\" style=\"display:block; height:auto;\">\n\t\t\n<style scope=\"scope\">\n\n#gap-1370587695 {\n  padding-top: 30px;\n}\n<\/style>\n\t<\/div>\n\t\n\t<section class=\"section dark has-parallax\" id=\"section_1196505365\">\n\t\t<div class=\"bg section-bg fill bg-fill  \" data-parallax-container=\".section\" data-parallax-background data-parallax=\"-4\">\n\n\t\t\t\n\t\t\t\n\t\t\t\n\n\t\t<\/div>\n\n\t\t<div class=\"section-content relative\">\n\t\t\t\n\t<div id=\"gap-224821870\" class=\"gap-element clearfix\" style=\"display:block; height:auto;\">\n\t\t\n<style scope=\"scope\">\n\n#gap-224821870 {\n  padding-top: 30px;\n}\n<\/style>\n\t<\/div>\n\t\n<h2 class=\"uppercase\" style=\"text-align: center\">SYV\u00c4\u00c4N JUURTUNUTTA OMISTAUTUMISTA<\/h2>\n<h3 class=\"thin-font\" style=\"text-align: center\">YHDEN MIEHEN YRITYKSEST\u00c4 GLOBAALIKSI EDELL\u00c4K\u00c4VIJ\u00c4KSI<\/h3>\n\t<div id=\"gap-518025066\" class=\"gap-element clearfix\" style=\"display:block; height:auto;\">\n\t\t\n<style scope=\"scope\">\n\n#gap-518025066 {\n  padding-top: 30px;\n}\n<\/style>\n\t<\/div>\n\t\n<div class=\"row\"  id=\"row-289109805\">\n\n\t<div class=\"col small-12 large-12\"  >\n\t\t<div class=\"col-inner\"  >\n\t\t\t\n\t\t\t\n<p class=\"lead\" style=\"text-align: center\">AJV-Machinen tarina juontuu 1970-luvulle, jolloin yrityksen perustaja Asko Virtanen ryhtyi toteuttamaan rullamuovauslinjojen kehitt\u00e4mishaluaan. H\u00e4nen unelmansa toteutui, kun AJV:n ensimm\u00e4iset rullamuovauskoneet toimitettiin Ruotsiin 1980-luvulla.<\/p>\n<p class=\"lead\" style=\"text-align: center\">Tuolloin laskettiin perustukset AJV:n toimintaperiaatteille, jotka ohjaavat jokaista AJV-ammattilaista yh\u00e4 t\u00e4n\u00e4\u00e4n. Ilman t\u00e4t\u00e4 syv\u00e4\u00e4n juurtunutta omistautumista AJV ei olisi kyennyt nousemaan rullamuovausteknologian kansainv\u00e4liseksi tienn\u00e4ytt\u00e4j\u00e4ksi.<\/p>\n\t\t<\/div>\n\t<\/div>\n\n\t\n<\/div>\n\t\t<\/div>\n\n\t\t\n<style scope=\"scope\">\n\n#section_1196505365 {\n  padding-top: 30px;\n  padding-bottom: 30px;\n}\n#section_1196505365 .section-bg.bg-loaded {\n  background-image: url(https:\/\/www.ajv-machine.com\/fi\/wp-content\/uploads\/sites\/2\/2017\/09\/AJV-company-02-1.jpg);\n}\n<\/style>\n\t<\/section>\n\t\n<div class=\"row\"  id=\"row-1910366985\">\n\n\t<div class=\"col small-12 large-12\"  >\n\t\t<div class=\"col-inner\" style=\"padding:32px 0px 0px 0px;\" >\n\t\t\t\n\t\t\t\n<h2 class=\"h1 blue\" style=\"text-align: center\">HISTORIA<\/h2>\n<p class=\"lead\" style=\"text-align: center\">AJV-Machine on suomalainen perheyritys, joka tunnetaan maailmanlaajuisesti teknologisesti ensiluokkaisista rullamuovausratkaisuistaan. Vahva osaamisemme perustuu vuosikymmenten kokemukseen, jatkuvaan tuotekehitykseen sek\u00e4 tiiviiseen yhteisty\u00f6h\u00f6n asiakkaidemme kanssa.<\/p>\n\t\t<\/div>\n\t<\/div>\n\n\t\n<\/div>\n<div class=\"row align-center\"  id=\"row-234855463\">\n\n\t<div class=\"col medium-5 small-12 large-5\"  data-animate=\"bounceIn\">\n\t\t<div class=\"col-inner text-center\"  >\n\t\t\t\n\t\t\t\n\t<div class=\"img has-hover x md-x lg-x y md-y lg-y\" id=\"image_1020738575\">\n\t\t\t\t\t\t\t\t<div class=\"img-inner dark\" >\n\t\t\t<img loading=\"lazy\" decoding=\"async\" width=\"1020\" height=\"356\" src=\"https:\/\/www.ajv-machine.com\/fi\/wp-content\/uploads\/sites\/2\/2023\/10\/AJV_Machine_35v_tunnus_RGB-1024x357.png\" class=\"attachment-large size-large\" alt=\"\" srcset=\"https:\/\/www.ajv-machine.com\/fi\/wp-content\/uploads\/sites\/2\/2023\/10\/AJV_Machine_35v_tunnus_RGB-1024x357.png 1024w, https:\/\/www.ajv-machine.com\/fi\/wp-content\/uploads\/sites\/2\/2023\/10\/AJV_Machine_35v_tunnus_RGB-300x105.png 300w, https:\/\/www.ajv-machine.com\/fi\/wp-content\/uploads\/sites\/2\/2023\/10\/AJV_Machine_35v_tunnus_RGB-768x268.png 768w, https:\/\/www.ajv-machine.com\/fi\/wp-content\/uploads\/sites\/2\/2023\/10\/AJV_Machine_35v_tunnus_RGB-1536x536.png 1536w, https:\/\/www.ajv-machine.com\/fi\/wp-content\/uploads\/sites\/2\/2023\/10\/AJV_Machine_35v_tunnus_RGB-2048x715.png 2048w\" sizes=\"auto, (max-width: 1020px) 100vw, 1020px\" \/>\t\t\t\t\t\t\n\t\t\t\t\t<\/div>\n\t\t\t\t\t\t\t\t\n<style scope=\"scope\">\n\n#image_1020738575 {\n  width: 100%;\n}\n<\/style>\n\t<\/div>\n\t\n\t\t<\/div>\n\t<\/div>\n\n\t\n\n<style scope=\"scope\">\n\n<\/style>\n<\/div>\n\t<section class=\"section dark has-parallax\" id=\"section_1949168290\">\n\t\t<div class=\"bg section-bg fill bg-fill  \" data-parallax-container=\".section\" data-parallax-background data-parallax=\"-4\">\n\n\t\t\t\n\t\t\t\n\t\t\t\n\n\t\t<\/div>\n\n\t\t<div class=\"section-content relative\">\n\t\t\t\n\t<div id=\"gap-1809656725\" class=\"gap-element clearfix\" style=\"display:block; height:auto;\">\n\t\t\n<style scope=\"scope\">\n\n#gap-1809656725 {\n  padding-top: 30px;\n}\n<\/style>\n\t<\/div>\n\t\n<h2 class=\"h1 orange prewrap\" style=\"text-align: center\">ASIAKKAAN TARVE OHJAA TUOTEKEHITYST\u00c4MME<\/h2>\n<h3 class=\"orange\" style=\"text-align: center\">KANSSAMME HUOMAAT ERON<\/h3>\n\t<div id=\"gap-896880761\" class=\"gap-element clearfix\" style=\"display:block; height:auto;\">\n\t\t\n<style scope=\"scope\">\n\n#gap-896880761 {\n  padding-top: 30px;\n}\n<\/style>\n\t<\/div>\n\t\n<div class=\"row\"  id=\"row-470351035\">\n\n\t<div class=\"col small-12 large-12\"  >\n\t\t<div class=\"col-inner\"  >\n\t\t\t\n\t\t\t\n<p class=\"lead\" style=\"text-align: center\">Meill\u00e4 asiakkaan tarve ja h\u00e4nen markkinavaatimuksensa asettavat tuotekehityksemme tavoitteet. Mit\u00e4 haastavampi tarve, sit\u00e4 palavammin haluamme ratkaista sen.<\/p>\n<p class=\"lead\" style=\"text-align: center\">Teemme tuotekehityst\u00e4 asiakkaidemme kanssa tiiviiss\u00e4 yhteisty\u00f6ss\u00e4 heid\u00e4n tarpeisiinsa, tuotantoonsa ja tiloihinsa optimoituna.<\/p>\n<p class=\"lead\" style=\"text-align: center\">Suomalaiseen tapaan, emme koskaan toimita ratkaisujamme keskener\u00e4isen\u00e4. Testaamme ja simuloimme ratkaisumme tuotantotiloissamme yhdess\u00e4 asiakkaan kanssa ennen toimitusta.\u00a0<\/p>\n\t\t<\/div>\n\t<\/div>\n\n\t\n<\/div>\n\t\t<\/div>\n\n\t\t\n<style scope=\"scope\">\n\n#section_1949168290 {\n  padding-top: 30px;\n  padding-bottom: 30px;\n}\n#section_1949168290 .section-bg.bg-loaded {\n  background-image: url(https:\/\/www.ajv-machine.com\/fi\/wp-content\/uploads\/sites\/2\/2017\/09\/AJV-company-03.jpg);\n}\n<\/style>\n\t<\/section>\n\t\n\t<div id=\"gap-829242018\" class=\"gap-element clearfix\" style=\"display:block; height:auto;\">\n\t\t\n<style scope=\"scope\">\n\n#gap-829242018 {\n  padding-top: 59px;\n}\n<\/style>\n\t<\/div>\n\t\n<div class=\"row align-center\"  id=\"row-1701830245\">\n\n\t<div class=\"col medium-8 small-12 large-8\"  >\n\t\t<div class=\"col-inner text-center\"  >\n\t\t\t\n\t\t\t\n<div class=\"video video-fit mb\" style=\"padding-top:52%;\"><p><iframe loading=\"lazy\" width=\"1020\" height=\"574\" src=\"https:\/\/www.youtube.com\/embed\/64-NoLk-KRc?feature=oembed\" frameborder=\"0\" allowfullscreen><\/iframe><\/p>\n<\/div>\n\t\t<\/div>\n\t<\/div>\n\n\t\n\n<style scope=\"scope\">\n\n<\/style>\n<\/div>\n\t<div id=\"gap-769084424\" class=\"gap-element clearfix\" style=\"display:block; height:auto;\">\n\t\t\n<style scope=\"scope\">\n\n#gap-769084424 {\n  padding-top: 59px;\n}\n<\/style>\n\t<\/div>\n\t\n","protected":false},"excerpt":{"rendered":"","protected":false},"author":1,"featured_media":0,"parent":0,"menu_order":0,"comment_status":"closed","ping_status":"closed","template":"page-blank.php","meta":{"footnotes":""},"class_list":["post-379","page","type-page","status-publish","hentry"],"yoast_head":"<!-- This site is optimized with the Yoast SEO plugin v24.2 - https:\/\/yoast.com\/wordpress\/plugins\/seo\/ -->\n<title>Yritys - AJV-Machine FI<\/title>\n<meta name=\"description\" content=\"Tervetuloa rullamuovausteknologian maailmaan. Tarjoamme sinulle ainutlaatuista osaamistamme, joka on syntynyt vuosikymmenten intohimosta kehitt\u00e4\u00e4 huippuluokan ratkaisuja ohutlevyjen profilointiin.\" \/>\n<meta name=\"robots\" content=\"index, follow, max-snippet:-1, max-image-preview:large, max-video-preview:-1\" \/>\n<link rel=\"canonical\" href=\"https:\/\/www.ajv-machine.com\/fi\/yritys\/\" \/>\n<meta property=\"og:locale\" content=\"fi_FI\" \/>\n<meta property=\"og:type\" content=\"article\" \/>\n<meta property=\"og:title\" content=\"Yritys - AJV-Machine FI\" \/>\n<meta property=\"og:description\" content=\"Tervetuloa rullamuovausteknologian maailmaan. Tarjoamme sinulle ainutlaatuista osaamistamme, joka on syntynyt vuosikymmenten intohimosta kehitt\u00e4\u00e4 huippuluokan ratkaisuja ohutlevyjen profilointiin.\" \/>\n<meta property=\"og:url\" content=\"https:\/\/www.ajv-machine.com\/fi\/yritys\/\" \/>\n<meta property=\"og:site_name\" content=\"AJV-Machine FI\" \/>\n<meta property=\"article:modified_time\" content=\"2025-03-06T07:28:41+00:00\" \/>\n<meta name=\"twitter:card\" content=\"summary_large_image\" \/>\n<meta name=\"twitter:label1\" content=\"Arvioitu lukuaika\" \/>\n\t<meta name=\"twitter:data1\" content=\"2 minuuttia\" \/>\n<script type=\"application\/ld+json\" class=\"yoast-schema-graph\">{\"@context\":\"https:\/\/schema.org\",\"@graph\":[{\"@type\":\"WebPage\",\"@id\":\"https:\/\/www.ajv-machine.com\/fi\/yritys\/\",\"url\":\"https:\/\/www.ajv-machine.com\/fi\/yritys\/\",\"name\":\"Yritys - AJV-Machine FI\",\"isPartOf\":{\"@id\":\"https:\/\/www.ajv-machine.com\/fi\/#website\"},\"datePublished\":\"2017-09-11T09:39:27+00:00\",\"dateModified\":\"2025-03-06T07:28:41+00:00\",\"description\":\"Tervetuloa rullamuovausteknologian maailmaan. Tarjoamme sinulle ainutlaatuista osaamistamme, joka on syntynyt vuosikymmenten intohimosta kehitt\u00e4\u00e4 huippuluokan ratkaisuja ohutlevyjen profilointiin.\",\"breadcrumb\":{\"@id\":\"https:\/\/www.ajv-machine.com\/fi\/yritys\/#breadcrumb\"},\"inLanguage\":\"fi\",\"potentialAction\":[{\"@type\":\"ReadAction\",\"target\":[\"https:\/\/www.ajv-machine.com\/fi\/yritys\/\"]}]},{\"@type\":\"BreadcrumbList\",\"@id\":\"https:\/\/www.ajv-machine.com\/fi\/yritys\/#breadcrumb\",\"itemListElement\":[{\"@type\":\"ListItem\",\"position\":1,\"name\":\"Home\",\"item\":\"https:\/\/www.ajv-machine.com\/fi\/\"},{\"@type\":\"ListItem\",\"position\":2,\"name\":\"Yritys\"}]},{\"@type\":\"WebSite\",\"@id\":\"https:\/\/www.ajv-machine.com\/fi\/#website\",\"url\":\"https:\/\/www.ajv-machine.com\/fi\/\",\"name\":\"AJV-Machine FI\",\"description\":\"Your profiling technology partner\",\"potentialAction\":[{\"@type\":\"SearchAction\",\"target\":{\"@type\":\"EntryPoint\",\"urlTemplate\":\"https:\/\/www.ajv-machine.com\/fi\/?s={search_term_string}\"},\"query-input\":{\"@type\":\"PropertyValueSpecification\",\"valueRequired\":true,\"valueName\":\"search_term_string\"}}],\"inLanguage\":\"fi\"}]}<\/script>\n<!-- \/ Yoast SEO plugin. -->","yoast_head_json":{"title":"Yritys - AJV-Machine FI","description":"Tervetuloa rullamuovausteknologian maailmaan. Tarjoamme sinulle ainutlaatuista osaamistamme, joka on syntynyt vuosikymmenten intohimosta kehitt\u00e4\u00e4 huippuluokan ratkaisuja ohutlevyjen profilointiin.","robots":{"index":"index","follow":"follow","max-snippet":"max-snippet:-1","max-image-preview":"max-image-preview:large","max-video-preview":"max-video-preview:-1"},"canonical":"https:\/\/www.ajv-machine.com\/fi\/yritys\/","og_locale":"fi_FI","og_type":"article","og_title":"Yritys - AJV-Machine FI","og_description":"Tervetuloa rullamuovausteknologian maailmaan. Tarjoamme sinulle ainutlaatuista osaamistamme, joka on syntynyt vuosikymmenten intohimosta kehitt\u00e4\u00e4 huippuluokan ratkaisuja ohutlevyjen profilointiin.","og_url":"https:\/\/www.ajv-machine.com\/fi\/yritys\/","og_site_name":"AJV-Machine FI","article_modified_time":"2025-03-06T07:28:41+00:00","twitter_card":"summary_large_image","twitter_misc":{"Arvioitu lukuaika":"2 minuuttia"},"schema":{"@context":"https:\/\/schema.org","@graph":[{"@type":"WebPage","@id":"https:\/\/www.ajv-machine.com\/fi\/yritys\/","url":"https:\/\/www.ajv-machine.com\/fi\/yritys\/","name":"Yritys - AJV-Machine FI","isPartOf":{"@id":"https:\/\/www.ajv-machine.com\/fi\/#website"},"datePublished":"2017-09-11T09:39:27+00:00","dateModified":"2025-03-06T07:28:41+00:00","description":"Tervetuloa rullamuovausteknologian maailmaan. Tarjoamme sinulle ainutlaatuista osaamistamme, joka on syntynyt vuosikymmenten intohimosta kehitt\u00e4\u00e4 huippuluokan ratkaisuja ohutlevyjen profilointiin.","breadcrumb":{"@id":"https:\/\/www.ajv-machine.com\/fi\/yritys\/#breadcrumb"},"inLanguage":"fi","potentialAction":[{"@type":"ReadAction","target":["https:\/\/www.ajv-machine.com\/fi\/yritys\/"]}]},{"@type":"BreadcrumbList","@id":"https:\/\/www.ajv-machine.com\/fi\/yritys\/#breadcrumb","itemListElement":[{"@type":"ListItem","position":1,"name":"Home","item":"https:\/\/www.ajv-machine.com\/fi\/"},{"@type":"ListItem","position":2,"name":"Yritys"}]},{"@type":"WebSite","@id":"https:\/\/www.ajv-machine.com\/fi\/#website","url":"https:\/\/www.ajv-machine.com\/fi\/","name":"AJV-Machine FI","description":"Your profiling technology partner","potentialAction":[{"@type":"SearchAction","target":{"@type":"EntryPoint","urlTemplate":"https:\/\/www.ajv-machine.com\/fi\/?s={search_term_string}"},"query-input":{"@type":"PropertyValueSpecification","valueRequired":true,"valueName":"search_term_string"}}],"inLanguage":"fi"}]}},"_links":{"self":[{"href":"https:\/\/www.ajv-machine.com\/fi\/wp-json\/wp\/v2\/pages\/379","targetHints":{"allow":["GET"]}}],"collection":[{"href":"https:\/\/www.ajv-machine.com\/fi\/wp-json\/wp\/v2\/pages"}],"about":[{"href":"https:\/\/www.ajv-machine.com\/fi\/wp-json\/wp\/v2\/types\/page"}],"author":[{"embeddable":true,"href":"https:\/\/www.ajv-machine.com\/fi\/wp-json\/wp\/v2\/users\/1"}],"replies":[{"embeddable":true,"href":"https:\/\/www.ajv-machine.com\/fi\/wp-json\/wp\/v2\/comments?post=379"}],"version-history":[{"count":110,"href":"https:\/\/www.ajv-machine.com\/fi\/wp-json\/wp\/v2\/pages\/379\/revisions"}],"predecessor-version":[{"id":2136,"href":"https:\/\/www.ajv-machine.com\/fi\/wp-json\/wp\/v2\/pages\/379\/revisions\/2136"}],"wp:attachment":[{"href":"https:\/\/www.ajv-machine.com\/fi\/wp-json\/wp\/v2\/media?parent=379"}],"curies":[{"name":"wp","href":"https:\/\/api.w.org\/{rel}","templated":true}]}}