{"id":410,"date":"2017-09-11T09:55:16","date_gmt":"2017-09-11T09:55:16","guid":{"rendered":"http:\/\/www.ajv-machine.com\/fi\/?page_id=410"},"modified":"2019-10-04T05:54:48","modified_gmt":"2019-10-04T05:54:48","slug":"tehdas-layoutit","status":"publish","type":"page","link":"https:\/\/www.ajv-machine.com\/fi\/tehdas-layoutit\/","title":{"rendered":"AJV Tehdas Layoutit"},"content":{"rendered":"\n\t<section class=\"section dark\" id=\"section_1856816032\">\n\t\t<div class=\"bg section-bg fill bg-fill  \" >\n\n\t\t\t\n\t\t\t\n\t\t\t\n\n\t\t<\/div>\n\n\t\t<div class=\"section-content relative\">\n\t\t\t\n<h1 class=\"uppercase\" style=\"text-align: center;\">AJV\nTEHDASLAYOUTIT<\/h1>\n\t<div id=\"gap-811078427\" class=\"gap-element clearfix\" style=\"display:block; height:auto;\">\n\t\t\n<style scope=\"scope\">\n\n#gap-811078427 {\n  padding-top: 30px;\n}\n<\/style>\n\t<\/div>\n\t\n\n<div class=\"row align-middle align-center\"  id=\"row-2047530106\">\n\n\n\t<div class=\"col medium-4 small-12 large-4\"  >\n\t\t<div class=\"col-inner text-center\"  >\n\t\t\t\n\t\t\t\n\n\t<div class=\"img has-hover x md-x lg-x y md-y lg-y\" id=\"image_1015392930\">\n\t\t\t\t\t\t\t\t<div class=\"img-inner dark\" >\n\t\t\t<img loading=\"lazy\" decoding=\"async\" width=\"295\" height=\"260\" src=\"https:\/\/www.ajv-machine.com\/fi\/wp-content\/uploads\/sites\/2\/2017\/09\/AJV-factorylayouts-symbol-01.png\" class=\"attachment-large size-large\" alt=\"\" \/>\t\t\t\t\t\t\n\t\t\t\t\t<\/div>\n\t\t\t\t\t\t\t\t\n<style scope=\"scope\">\n\n#image_1015392930 {\n  width: 39%;\n}\n<\/style>\n\t<\/div>\n\t\n\n\t\t<\/div>\n\t<\/div>\n\n\t\n\n\n<style scope=\"scope\">\n\n<\/style>\n<\/div>\n\n\t\t<\/div>\n\n\t\t\n<style scope=\"scope\">\n\n#section_1856816032 {\n  padding-top: 60px;\n  padding-bottom: 60px;\n  min-height: 500px;\n  background-color: rgb(40, 40, 40);\n}\n#section_1856816032 .section-bg.bg-loaded {\n  background-image: url(https:\/\/www.ajv-machine.com\/fi\/wp-content\/uploads\/sites\/2\/2017\/10\/AJV-factory-layouts-main.jpg);\n}\n<\/style>\n\t<\/section>\n\t\n\t<div id=\"gap-1694299776\" class=\"gap-element clearfix\" style=\"display:block; height:auto;\">\n\t\t\n<style scope=\"scope\">\n\n#gap-1694299776 {\n  padding-top: 60px;\n}\n<\/style>\n\t<\/div>\n\t\n\n<div class=\"row\"  id=\"row-1672133286\">\n\n\n\t<div class=\"col medium-6 small-12 large-6\"  >\n\t\t<div class=\"col-inner\"  >\n\t\t\t\n\t\t\t\n<h2 class=\"h1\">AJV TEHDASLAYOUTIT<\/h2>\n<h3 class=\"h5 uppercase\">OLEMME ERIKOISTUNEET SUUNNITTELEMAAN TEHOKKAITA, KORKEAN AUTOMAATIOASTEEN TEHDASLAYOUTEJA<\/h3>\nSuunnitteleeko yrityksesi muuttoa uuteen tehtaaseen, nykyisten tilojen layoutin muuttamista tai uuden laitteen k\u00e4ytt\u00f6\u00f6nottoa? Kaikissa n\u00e4iss\u00e4 tilanteissa lean-ajatteluun perustuva tehdassuunnittelumme voi olla avaintekij\u00e4, jonka avulla saat kaiken irti rullamuovauksesta. Lean-periaatteiden mukaan toteutettu joustava tehdassuunnittelu tarjoaa lukuisia etuja. Tuloksena on tehokkaampi tuotantoymp\u00e4rist\u00f6, v\u00e4hemm\u00e4n aikaa vievi\u00e4 toimintoja ja yleisesti parempi tuotannon hallinta.\n\nKoe vahva osaamisemme. Ota meihin yhteytt\u00e4, niin kerromme, mik\u00e4 layout sopii parhaiten toimintaasi?\n<h4>\u25a0 TEHDASLAYOUTIT<\/h4>\n<div class=\"is-divider divider clearfix\" style=\"max-width:509px;height:2px;background-color:rgb(0, 148, 216);\"><\/div>\n\n<span class=\"orange\">\u25a0<\/span> Optimoitua sujuvuutta\n<span class=\"orange\">\u25a0<\/span> Parempaa tehokkuutta\n<span class=\"orange\"> \u25a0&nbsp;<\/span>Tehokkaampaa tuottavuutta\n\nAJV:n tehdaslayout-palvelut kattavat sek\u00e4 uudet rullamuovauslinjat ett\u00e4 nykyisten linjojen p\u00e4ivitykset.\n\n\t\t<\/div>\n\t<\/div>\n\n\t\n\n\t<div class=\"col medium-6 small-12 large-6\"  >\n\t\t<div class=\"col-inner\"  >\n\t\t\t\n\t\t\t\n\n<div class=\"slider-wrapper relative hide-for-small\" id=\"slider-653723072\" >\n    <div class=\"slider slider-nav-dots-simple slider-nav-circle slider-nav-normal slider-nav-light slider-style-normal slider-show-nav\"\n        data-flickity-options='{\n            \"cellAlign\": \"center\",\n            \"imagesLoaded\": true,\n            \"lazyLoad\": 1,\n            \"freeScroll\": false,\n            \"wrapAround\": false,\n            \"autoPlay\": 6000,\n            \"pauseAutoPlayOnHover\" : true,\n            \"prevNextButtons\": true,\n            \"contain\" : true,\n            \"adaptiveHeight\" : true,\n            \"dragThreshold\" : 10,\n            \"percentPosition\": true,\n            \"pageDots\": true,\n            \"rightToLeft\": false,\n            \"draggable\": true,\n            \"selectedAttraction\": 0.1,\n            \"parallax\" : 0,\n            \"friction\": 0.6        }'\n        >\n        \n\n\t<div class=\"img has-hover x md-x lg-x y md-y lg-y\" id=\"image_1624135701\">\n\t\t\t\t\t\t\t\t<div class=\"img-inner dark\" >\n\t\t\t<img loading=\"lazy\" decoding=\"async\" width=\"525\" height=\"268\" src=\"https:\/\/www.ajv-machine.com\/fi\/wp-content\/uploads\/sites\/2\/2017\/10\/AJV-Factory-layout-03.jpg\" class=\"attachment-large size-large\" alt=\"\" srcset=\"https:\/\/www.ajv-machine.com\/fi\/wp-content\/uploads\/sites\/2\/2017\/10\/AJV-Factory-layout-03.jpg 525w, https:\/\/www.ajv-machine.com\/fi\/wp-content\/uploads\/sites\/2\/2017\/10\/AJV-Factory-layout-03-300x153.jpg 300w\" sizes=\"auto, (max-width: 525px) 100vw, 525px\" \/>\t\t\t\t\t\t\n\t\t\t\t\t<\/div>\n\t\t\t\t\t\t\t\t\n<style scope=\"scope\">\n\n#image_1624135701 {\n  width: 100%;\n}\n<\/style>\n\t<\/div>\n\t\n\n\t<div class=\"img has-hover x md-x lg-x y md-y lg-y\" id=\"image_1337960615\">\n\t\t\t\t\t\t\t\t<div class=\"img-inner dark\" >\n\t\t\t<img loading=\"lazy\" decoding=\"async\" width=\"525\" height=\"268\" src=\"https:\/\/www.ajv-machine.com\/fi\/wp-content\/uploads\/sites\/2\/2017\/10\/AJV-Factory-layout-05.jpg\" class=\"attachment-large size-large\" alt=\"\" srcset=\"https:\/\/www.ajv-machine.com\/fi\/wp-content\/uploads\/sites\/2\/2017\/10\/AJV-Factory-layout-05.jpg 525w, https:\/\/www.ajv-machine.com\/fi\/wp-content\/uploads\/sites\/2\/2017\/10\/AJV-Factory-layout-05-300x153.jpg 300w\" sizes=\"auto, (max-width: 525px) 100vw, 525px\" \/>\t\t\t\t\t\t\n\t\t\t\t\t<\/div>\n\t\t\t\t\t\t\t\t\n<style scope=\"scope\">\n\n#image_1337960615 {\n  width: 100%;\n}\n<\/style>\n\t<\/div>\n\t\n\n\t<div class=\"img has-hover x md-x lg-x y md-y lg-y\" id=\"image_681999874\">\n\t\t\t\t\t\t\t\t<div class=\"img-inner dark\" >\n\t\t\t<img loading=\"lazy\" decoding=\"async\" width=\"525\" height=\"268\" src=\"https:\/\/www.ajv-machine.com\/fi\/wp-content\/uploads\/sites\/2\/2017\/10\/AJV-Factory-layout-04.jpg\" class=\"attachment-large size-large\" alt=\"\" srcset=\"https:\/\/www.ajv-machine.com\/fi\/wp-content\/uploads\/sites\/2\/2017\/10\/AJV-Factory-layout-04.jpg 525w, https:\/\/www.ajv-machine.com\/fi\/wp-content\/uploads\/sites\/2\/2017\/10\/AJV-Factory-layout-04-300x153.jpg 300w\" sizes=\"auto, (max-width: 525px) 100vw, 525px\" \/>\t\t\t\t\t\t\n\t\t\t\t\t<\/div>\n\t\t\t\t\t\t\t\t\n<style scope=\"scope\">\n\n#image_681999874 {\n  width: 100%;\n}\n<\/style>\n\t<\/div>\n\t\n\n\t<div class=\"img has-hover x md-x lg-x y md-y lg-y\" id=\"image_1725857815\">\n\t\t\t\t\t\t\t\t<div class=\"img-inner dark\" >\n\t\t\t<img loading=\"lazy\" decoding=\"async\" width=\"525\" height=\"268\" src=\"https:\/\/www.ajv-machine.com\/fi\/wp-content\/uploads\/sites\/2\/2017\/10\/AJV-Factory-layout-08-1.jpg\" class=\"attachment-large size-large\" alt=\"\" srcset=\"https:\/\/www.ajv-machine.com\/fi\/wp-content\/uploads\/sites\/2\/2017\/10\/AJV-Factory-layout-08-1.jpg 525w, https:\/\/www.ajv-machine.com\/fi\/wp-content\/uploads\/sites\/2\/2017\/10\/AJV-Factory-layout-08-1-300x153.jpg 300w\" sizes=\"auto, (max-width: 525px) 100vw, 525px\" \/>\t\t\t\t\t\t\n\t\t\t\t\t<\/div>\n\t\t\t\t\t\t\t\t\n<style scope=\"scope\">\n\n#image_1725857815 {\n  width: 100%;\n}\n<\/style>\n\t<\/div>\n\t\n\n\t<div class=\"img has-hover x md-x lg-x y md-y lg-y\" id=\"image_1535927548\">\n\t\t\t\t\t\t\t\t<div class=\"img-inner dark\" >\n\t\t\t<img loading=\"lazy\" decoding=\"async\" width=\"525\" height=\"268\" src=\"https:\/\/www.ajv-machine.com\/fi\/wp-content\/uploads\/sites\/2\/2017\/10\/AJV-Factory-layout-07-1.jpg\" class=\"attachment-large size-large\" alt=\"\" srcset=\"https:\/\/www.ajv-machine.com\/fi\/wp-content\/uploads\/sites\/2\/2017\/10\/AJV-Factory-layout-07-1.jpg 525w, https:\/\/www.ajv-machine.com\/fi\/wp-content\/uploads\/sites\/2\/2017\/10\/AJV-Factory-layout-07-1-300x153.jpg 300w\" sizes=\"auto, (max-width: 525px) 100vw, 525px\" \/>\t\t\t\t\t\t\n\t\t\t\t\t<\/div>\n\t\t\t\t\t\t\t\t\n<style scope=\"scope\">\n\n#image_1535927548 {\n  width: 100%;\n}\n<\/style>\n\t<\/div>\n\t\n\n     <\/div>\n\n     <div class=\"loading-spin dark large centered\"><\/div>\n\n     <style scope=\"scope\">\n             <\/style>\n<\/div>\n\n\n\t<div id=\"gap-108374565\" class=\"gap-element clearfix\" style=\"display:block; height:auto;\">\n\t\t\n<style scope=\"scope\">\n\n#gap-108374565 {\n  padding-top: 30px;\n}\n<\/style>\n\t<\/div>\n\t\n\n\t<div class=\"img has-hover x md-x lg-x y md-y lg-y\" id=\"image_1912393030\">\n\t\t\t\t\t\t\t\t<div class=\"img-inner dark\" >\n\t\t\t<img loading=\"lazy\" decoding=\"async\" width=\"525\" height=\"268\" src=\"https:\/\/www.ajv-machine.com\/fi\/wp-content\/uploads\/sites\/2\/2017\/10\/AJV-Factory-layout-06.jpg\" class=\"attachment-original size-original\" alt=\"\" srcset=\"https:\/\/www.ajv-machine.com\/fi\/wp-content\/uploads\/sites\/2\/2017\/10\/AJV-Factory-layout-06.jpg 525w, https:\/\/www.ajv-machine.com\/fi\/wp-content\/uploads\/sites\/2\/2017\/10\/AJV-Factory-layout-06-300x153.jpg 300w\" sizes=\"auto, (max-width: 525px) 100vw, 525px\" \/>\t\t\t\t\t\t\n\t\t\t\t\t<\/div>\n\t\t\t\t\t\t\t\t\n<style scope=\"scope\">\n\n#image_1912393030 {\n  width: 100%;\n}\n<\/style>\n\t<\/div>\n\t\n\n\t\t<\/div>\n\t<\/div>\n\n\t\n\n<\/div>\n<div class=\"row\"  id=\"row-1692095604\">\n\n\n\t<div class=\"col medium-6 small-12 large-6\"  >\n\t\t<div class=\"col-inner\"  >\n\t\t\t\n\t\t\t\n\n<div class=\"video video-fit mb\" style=\"padding-top:52%;\"><iframe loading=\"lazy\" width=\"1020\" height=\"574\" src=\"https:\/\/www.youtube.com\/embed\/u1UN45aSBvo?feature=oembed\" frameborder=\"0\" allowfullscreen><\/iframe><\/div>\n\n\t\t<\/div>\n\t<\/div>\n\n\t\n\n\t<div class=\"col medium-6 small-12 large-6\"  >\n\t\t<div class=\"col-inner\"  >\n\t\t\t\n\t\t\t\n\n<div class=\"video video-fit mb\" style=\"padding-top:52%;\"><p><iframe loading=\"lazy\" width=\"1020\" height=\"574\" src=\"https:\/\/www.youtube.com\/embed\/_9BY3nMiDyk?feature=oembed\" frameborder=\"0\" allowfullscreen><\/iframe><\/p>\n<\/div>\n\n\t\t<\/div>\n\t<\/div>\n\n\t\n\n<\/div>\n\t<div id=\"gap-1461747590\" class=\"gap-element clearfix\" style=\"display:block; height:auto;\">\n\t\t\n<style scope=\"scope\">\n\n#gap-1461747590 {\n  padding-top: 60px;\n}\n<\/style>\n\t<\/div>\n\t\n\n\t<section class=\"section has-parallax\" id=\"section_94551719\">\n\t\t<div class=\"bg section-bg fill bg-fill  \" data-parallax-container=\".section\" data-parallax-background data-parallax=\"-5\">\n\n\t\t\t\n\t\t\t<div class=\"section-bg-overlay absolute fill\"><\/div>\n\t\t\t\n\n\t\t<\/div>\n\n\t\t<div class=\"section-content relative\">\n\t\t\t\n\n<div class=\"row align-middle align-center\"  id=\"row-1987184545\">\n\n\n\t<div class=\"col medium-5 small-12 large-5\"  >\n\t\t<div class=\"col-inner text-right\" style=\"padding:35px 19px 0px 0px;\" >\n\t\t\t\n\t\t\t\n\n\t<div class=\"img has-hover x md-x lg-x y md-y lg-y\" id=\"image_1700565589\">\n\t\t\t\t\t\t\t\t<div class=\"img-inner dark\" >\n\t\t\t<img loading=\"lazy\" decoding=\"async\" width=\"300\" height=\"300\" src=\"https:\/\/www.ajv-machine.com\/fi\/wp-content\/uploads\/sites\/2\/2017\/09\/AJV-Alyyan-Nabeel-300x300.png\" class=\"attachment-medium size-medium\" alt=\"\" srcset=\"https:\/\/www.ajv-machine.com\/fi\/wp-content\/uploads\/sites\/2\/2017\/09\/AJV-Alyyan-Nabeel-300x300.png 300w, https:\/\/www.ajv-machine.com\/fi\/wp-content\/uploads\/sites\/2\/2017\/09\/AJV-Alyyan-Nabeel-150x150.png 150w, https:\/\/www.ajv-machine.com\/fi\/wp-content\/uploads\/sites\/2\/2017\/09\/AJV-Alyyan-Nabeel.png 471w\" sizes=\"auto, (max-width: 300px) 100vw, 300px\" \/>\t\t\t\t\t\t\n\t\t\t\t\t<\/div>\n\t\t\t\t\t\t\t\t\n<style scope=\"scope\">\n\n#image_1700565589 {\n  width: 63%;\n}\n<\/style>\n\t<\/div>\n\t\n\n\t\t<\/div>\n\t<\/div>\n\n\t\n\n\t<div class=\"col medium-7 small-12 large-7\"  >\n\t\t<div class=\"col-inner text-shadow-2 dark\"  >\n\t\t\t\n\t\t\t\n\n<span id=\"u10983-6\">&#8221;Valitsimme AJV-Machinen, koska tunsimme heid\u00e4n osaamisensa ja korkealaatuisen teknologiansa. He r\u00e4\u00e4t\u00e4l\u00f6iv\u00e4t meille huippumodernin kokonaisratkaisun ja toteuttivat eritt\u00e4in haastavan ja laajan projektin ajallaan ja vaatimustemme mukaisesti.&#8221;<\/span>\n\n<em><span id=\"u10983-9\">Alyyan Nabeel, toimitusjohtaja, Swedsteel-Metecno<\/span><\/em>\n\n\t\t<\/div>\n\t<\/div>\n\n\t\n\n\n<style scope=\"scope\">\n\n<\/style>\n<\/div>\n\n\t\t<\/div>\n\n\t\t\n<style scope=\"scope\">\n\n#section_94551719 {\n  padding-top: 30px;\n  padding-bottom: 30px;\n  min-height: 300px;\n  background-color: rgb(40, 40, 40);\n}\n#section_94551719 .section-bg-overlay {\n  background-color: rgba(0,0,0,.5);\n}\n#section_94551719 .section-bg.bg-loaded {\n  background-image: url(https:\/\/www.ajv-machine.com\/fi\/wp-content\/uploads\/sites\/2\/2017\/09\/AJV-fastfix-04.jpg);\n}\n#section_94551719 .section-bg {\n  background-position: 1% 27%;\n}\n<\/style>\n\t<\/section>\n\t\n","protected":false},"excerpt":{"rendered":"","protected":false},"author":1,"featured_media":0,"parent":0,"menu_order":0,"comment_status":"closed","ping_status":"closed","template":"page-blank.php","meta":{"footnotes":""},"class_list":["post-410","page","type-page","status-publish","hentry"],"yoast_head":"<!-- This site is optimized with the Yoast SEO plugin v24.2 - https:\/\/yoast.com\/wordpress\/plugins\/seo\/ -->\n<title>AJV Tehdas Layoutit - AJV-Machine FI<\/title>\n<meta name=\"description\" content=\"Tervetuloa rullamuovausteknologian maailmaan. Tarjoamme sinulle ainutlaatuista osaamistamme, joka on syntynyt vuosikymmenten intohimosta kehitt\u00e4\u00e4 huippuluokan ratkaisuja ohutlevyjen profilointiin.\" \/>\n<meta name=\"robots\" content=\"index, follow, max-snippet:-1, max-image-preview:large, max-video-preview:-1\" \/>\n<link rel=\"canonical\" href=\"https:\/\/www.ajv-machine.com\/fi\/tehdas-layoutit\/\" \/>\n<meta property=\"og:locale\" content=\"fi_FI\" \/>\n<meta property=\"og:type\" content=\"article\" \/>\n<meta property=\"og:title\" content=\"AJV Tehdas Layoutit - AJV-Machine FI\" \/>\n<meta property=\"og:description\" content=\"Tervetuloa rullamuovausteknologian maailmaan. Tarjoamme sinulle ainutlaatuista osaamistamme, joka on syntynyt vuosikymmenten intohimosta kehitt\u00e4\u00e4 huippuluokan ratkaisuja ohutlevyjen profilointiin.\" \/>\n<meta property=\"og:url\" content=\"https:\/\/www.ajv-machine.com\/fi\/tehdas-layoutit\/\" \/>\n<meta property=\"og:site_name\" content=\"AJV-Machine FI\" \/>\n<meta property=\"article:modified_time\" content=\"2019-10-04T05:54:48+00:00\" \/>\n<meta name=\"twitter:card\" content=\"summary_large_image\" \/>\n<meta name=\"twitter:label1\" content=\"Arvioitu lukuaika\" \/>\n\t<meta name=\"twitter:data1\" content=\"2 minuuttia\" \/>\n<script type=\"application\/ld+json\" class=\"yoast-schema-graph\">{\"@context\":\"https:\/\/schema.org\",\"@graph\":[{\"@type\":\"WebPage\",\"@id\":\"https:\/\/www.ajv-machine.com\/fi\/tehdas-layoutit\/\",\"url\":\"https:\/\/www.ajv-machine.com\/fi\/tehdas-layoutit\/\",\"name\":\"AJV Tehdas Layoutit - AJV-Machine FI\",\"isPartOf\":{\"@id\":\"https:\/\/www.ajv-machine.com\/fi\/#website\"},\"datePublished\":\"2017-09-11T09:55:16+00:00\",\"dateModified\":\"2019-10-04T05:54:48+00:00\",\"description\":\"Tervetuloa rullamuovausteknologian maailmaan. Tarjoamme sinulle ainutlaatuista osaamistamme, joka on syntynyt vuosikymmenten intohimosta kehitt\u00e4\u00e4 huippuluokan ratkaisuja ohutlevyjen profilointiin.\",\"breadcrumb\":{\"@id\":\"https:\/\/www.ajv-machine.com\/fi\/tehdas-layoutit\/#breadcrumb\"},\"inLanguage\":\"fi\",\"potentialAction\":[{\"@type\":\"ReadAction\",\"target\":[\"https:\/\/www.ajv-machine.com\/fi\/tehdas-layoutit\/\"]}]},{\"@type\":\"BreadcrumbList\",\"@id\":\"https:\/\/www.ajv-machine.com\/fi\/tehdas-layoutit\/#breadcrumb\",\"itemListElement\":[{\"@type\":\"ListItem\",\"position\":1,\"name\":\"Home\",\"item\":\"https:\/\/www.ajv-machine.com\/fi\/\"},{\"@type\":\"ListItem\",\"position\":2,\"name\":\"AJV Tehdas Layoutit\"}]},{\"@type\":\"WebSite\",\"@id\":\"https:\/\/www.ajv-machine.com\/fi\/#website\",\"url\":\"https:\/\/www.ajv-machine.com\/fi\/\",\"name\":\"AJV-Machine FI\",\"description\":\"Your profiling technology partner\",\"potentialAction\":[{\"@type\":\"SearchAction\",\"target\":{\"@type\":\"EntryPoint\",\"urlTemplate\":\"https:\/\/www.ajv-machine.com\/fi\/?s={search_term_string}\"},\"query-input\":{\"@type\":\"PropertyValueSpecification\",\"valueRequired\":true,\"valueName\":\"search_term_string\"}}],\"inLanguage\":\"fi\"}]}<\/script>\n<!-- \/ Yoast SEO plugin. -->","yoast_head_json":{"title":"AJV Tehdas Layoutit - AJV-Machine FI","description":"Tervetuloa rullamuovausteknologian maailmaan. Tarjoamme sinulle ainutlaatuista osaamistamme, joka on syntynyt vuosikymmenten intohimosta kehitt\u00e4\u00e4 huippuluokan ratkaisuja ohutlevyjen profilointiin.","robots":{"index":"index","follow":"follow","max-snippet":"max-snippet:-1","max-image-preview":"max-image-preview:large","max-video-preview":"max-video-preview:-1"},"canonical":"https:\/\/www.ajv-machine.com\/fi\/tehdas-layoutit\/","og_locale":"fi_FI","og_type":"article","og_title":"AJV Tehdas Layoutit - AJV-Machine FI","og_description":"Tervetuloa rullamuovausteknologian maailmaan. Tarjoamme sinulle ainutlaatuista osaamistamme, joka on syntynyt vuosikymmenten intohimosta kehitt\u00e4\u00e4 huippuluokan ratkaisuja ohutlevyjen profilointiin.","og_url":"https:\/\/www.ajv-machine.com\/fi\/tehdas-layoutit\/","og_site_name":"AJV-Machine FI","article_modified_time":"2019-10-04T05:54:48+00:00","twitter_card":"summary_large_image","twitter_misc":{"Arvioitu lukuaika":"2 minuuttia"},"schema":{"@context":"https:\/\/schema.org","@graph":[{"@type":"WebPage","@id":"https:\/\/www.ajv-machine.com\/fi\/tehdas-layoutit\/","url":"https:\/\/www.ajv-machine.com\/fi\/tehdas-layoutit\/","name":"AJV Tehdas Layoutit - AJV-Machine FI","isPartOf":{"@id":"https:\/\/www.ajv-machine.com\/fi\/#website"},"datePublished":"2017-09-11T09:55:16+00:00","dateModified":"2019-10-04T05:54:48+00:00","description":"Tervetuloa rullamuovausteknologian maailmaan. Tarjoamme sinulle ainutlaatuista osaamistamme, joka on syntynyt vuosikymmenten intohimosta kehitt\u00e4\u00e4 huippuluokan ratkaisuja ohutlevyjen profilointiin.","breadcrumb":{"@id":"https:\/\/www.ajv-machine.com\/fi\/tehdas-layoutit\/#breadcrumb"},"inLanguage":"fi","potentialAction":[{"@type":"ReadAction","target":["https:\/\/www.ajv-machine.com\/fi\/tehdas-layoutit\/"]}]},{"@type":"BreadcrumbList","@id":"https:\/\/www.ajv-machine.com\/fi\/tehdas-layoutit\/#breadcrumb","itemListElement":[{"@type":"ListItem","position":1,"name":"Home","item":"https:\/\/www.ajv-machine.com\/fi\/"},{"@type":"ListItem","position":2,"name":"AJV Tehdas Layoutit"}]},{"@type":"WebSite","@id":"https:\/\/www.ajv-machine.com\/fi\/#website","url":"https:\/\/www.ajv-machine.com\/fi\/","name":"AJV-Machine FI","description":"Your profiling technology partner","potentialAction":[{"@type":"SearchAction","target":{"@type":"EntryPoint","urlTemplate":"https:\/\/www.ajv-machine.com\/fi\/?s={search_term_string}"},"query-input":{"@type":"PropertyValueSpecification","valueRequired":true,"valueName":"search_term_string"}}],"inLanguage":"fi"}]}},"_links":{"self":[{"href":"https:\/\/www.ajv-machine.com\/fi\/wp-json\/wp\/v2\/pages\/410","targetHints":{"allow":["GET"]}}],"collection":[{"href":"https:\/\/www.ajv-machine.com\/fi\/wp-json\/wp\/v2\/pages"}],"about":[{"href":"https:\/\/www.ajv-machine.com\/fi\/wp-json\/wp\/v2\/types\/page"}],"author":[{"embeddable":true,"href":"https:\/\/www.ajv-machine.com\/fi\/wp-json\/wp\/v2\/users\/1"}],"replies":[{"embeddable":true,"href":"https:\/\/www.ajv-machine.com\/fi\/wp-json\/wp\/v2\/comments?post=410"}],"version-history":[{"count":119,"href":"https:\/\/www.ajv-machine.com\/fi\/wp-json\/wp\/v2\/pages\/410\/revisions"}],"predecessor-version":[{"id":2071,"href":"https:\/\/www.ajv-machine.com\/fi\/wp-json\/wp\/v2\/pages\/410\/revisions\/2071"}],"wp:attachment":[{"href":"https:\/\/www.ajv-machine.com\/fi\/wp-json\/wp\/v2\/media?parent=410"}],"curies":[{"name":"wp","href":"https:\/\/api.w.org\/{rel}","templated":true}]}}