{"id":760,"date":"2017-09-13T08:06:13","date_gmt":"2017-09-13T08:06:13","guid":{"rendered":"http:\/\/www.ajv-machine.com\/fi\/?page_id=760"},"modified":"2017-11-27T17:18:30","modified_gmt":"2017-11-27T17:18:30","slug":"ajv-productmaster","status":"publish","type":"page","link":"https:\/\/www.ajv-machine.com\/fi\/ajv-productmaster\/","title":{"rendered":"AJV ProductMaster\u2122"},"content":{"rendered":"\t<section class=\"section dark\" id=\"section_1008627686\">\n\t\t<div class=\"bg section-bg fill bg-fill  \" >\n\n\t\t\t\n\t\t\t\n\t\t\t\n\n\t\t<\/div>\n\n\t\t<div class=\"section-content relative\">\n\t\t\t\n<h1 class=\"uppercase\" style=\"text-align: center;\">AJV<br \/>\nPRODUCT MASTER\u2122<\/h1>\n\t<div id=\"gap-1858320523\" class=\"gap-element clearfix\" style=\"display:block; height:auto;\">\n\t\t\n<style scope=\"scope\">\n\n#gap-1858320523 {\n  padding-top: 30px;\n}\n<\/style>\n\t<\/div>\n\t\n<div class=\"row align-middle align-center\"  id=\"row-1911668941\">\n\n\t<div class=\"col medium-4 small-12 large-4\"  >\n\t\t<div class=\"col-inner text-center\"  >\n\t\t\t\n\t\t\t\n\t<div class=\"img has-hover x md-x lg-x y md-y lg-y\" id=\"image_2052813426\">\n\t\t\t\t\t\t\t\t<div class=\"img-inner dark\" >\n\t\t\t<img loading=\"lazy\" decoding=\"async\" width=\"330\" height=\"269\" src=\"https:\/\/www.ajv-machine.com\/fi\/wp-content\/uploads\/sites\/2\/2017\/09\/AJV-controlsystems-symbol-01.png\" class=\"attachment-large size-large\" alt=\"\" srcset=\"https:\/\/www.ajv-machine.com\/fi\/wp-content\/uploads\/sites\/2\/2017\/09\/AJV-controlsystems-symbol-01.png 330w, https:\/\/www.ajv-machine.com\/fi\/wp-content\/uploads\/sites\/2\/2017\/09\/AJV-controlsystems-symbol-01-300x245.png 300w\" sizes=\"auto, (max-width: 330px) 100vw, 330px\" \/>\t\t\t\t\t\t\n\t\t\t\t\t<\/div>\n\t\t\t\t\t\t\t\t\n<style scope=\"scope\">\n\n#image_2052813426 {\n  width: 48%;\n}\n<\/style>\n\t<\/div>\n\t\n\t\t<\/div>\n\t<\/div>\n\n\t\n\n<style scope=\"scope\">\n\n<\/style>\n<\/div>\n\t\t<\/div>\n\n\t\t\n<style scope=\"scope\">\n\n#section_1008627686 {\n  padding-top: 60px;\n  padding-bottom: 60px;\n  min-height: 500px;\n  background-color: rgb(40, 40, 40);\n}\n#section_1008627686 .section-bg.bg-loaded {\n  background-image: url(https:\/\/www.ajv-machine.com\/fi\/wp-content\/uploads\/sites\/2\/2017\/10\/AJV-master-01.jpg);\n}\n<\/style>\n\t<\/section>\n\t\n\t<div id=\"gap-792631573\" class=\"gap-element clearfix\" style=\"display:block; height:auto;\">\n\t\t\n<style scope=\"scope\">\n\n#gap-792631573 {\n  padding-top: 60px;\n}\n<\/style>\n\t<\/div>\n\t\n<div class=\"row\"  id=\"row-559498399\">\n\n\t<div class=\"col medium-6 small-12 large-6\"  >\n\t\t<div class=\"col-inner\"  >\n\t\t\t\n\t\t\t\n<h2 class=\"h1\">AJV PRODUCT MASTER\u2122<\/h2>\n<p>AJV ProductMaster\u2122 on paras ratkaisu koko tuotantoprosessisi hallintaan aina kelojen inventoinnista valmiisiin tuotteisiin.<\/p>\n\t\t<\/div>\n\t<\/div>\n\n\t\n\n\t<div class=\"col medium-6 small-12 large-6\"  >\n\t\t<div class=\"col-inner\"  >\n\t\t\t\n\t\t\t\n<div class=\"slider-wrapper relative hide-for-small\" id=\"slider-741001566\" >\n    <div class=\"slider slider-nav-dots-simple slider-nav-circle slider-nav-normal slider-nav-light slider-style-normal slider-show-nav\"\n        data-flickity-options='{\n            \"cellAlign\": \"center\",\n            \"imagesLoaded\": true,\n            \"lazyLoad\": 1,\n            \"freeScroll\": false,\n            \"wrapAround\": false,\n            \"autoPlay\": 6000,\n            \"pauseAutoPlayOnHover\" : true,\n            \"prevNextButtons\": true,\n            \"contain\" : true,\n            \"adaptiveHeight\" : true,\n            \"dragThreshold\" : 10,\n            \"percentPosition\": true,\n            \"pageDots\": true,\n            \"rightToLeft\": false,\n            \"draggable\": true,\n            \"selectedAttraction\": 0.1,\n            \"parallax\" : 0,\n            \"friction\": 0.6        }'\n        >\n        \n\t<div class=\"img has-hover x md-x lg-x y md-y lg-y\" id=\"image_79887322\">\n\t\t\t\t\t\t\t\t<div class=\"img-inner dark\" >\n\t\t\t<img loading=\"lazy\" decoding=\"async\" width=\"525\" height=\"268\" src=\"https:\/\/www.ajv-machine.com\/fi\/wp-content\/uploads\/sites\/2\/2017\/10\/AJV-Control-systems-09.jpg\" class=\"attachment-large size-large\" alt=\"\" srcset=\"https:\/\/www.ajv-machine.com\/fi\/wp-content\/uploads\/sites\/2\/2017\/10\/AJV-Control-systems-09.jpg 525w, https:\/\/www.ajv-machine.com\/fi\/wp-content\/uploads\/sites\/2\/2017\/10\/AJV-Control-systems-09-300x153.jpg 300w\" sizes=\"auto, (max-width: 525px) 100vw, 525px\" \/>\t\t\t\t\t\t\n\t\t\t\t\t<\/div>\n\t\t\t\t\t\t\t\t\n<style scope=\"scope\">\n\n#image_79887322 {\n  width: 100%;\n}\n<\/style>\n\t<\/div>\n\t\n\t<div class=\"img has-hover x md-x lg-x y md-y lg-y\" id=\"image_796202257\">\n\t\t\t\t\t\t\t\t<div class=\"img-inner dark\" >\n\t\t\t<img loading=\"lazy\" decoding=\"async\" width=\"525\" height=\"268\" src=\"https:\/\/www.ajv-machine.com\/fi\/wp-content\/uploads\/sites\/2\/2017\/10\/AJV-Control-systems-06.jpg\" class=\"attachment-large size-large\" alt=\"\" srcset=\"https:\/\/www.ajv-machine.com\/fi\/wp-content\/uploads\/sites\/2\/2017\/10\/AJV-Control-systems-06.jpg 525w, https:\/\/www.ajv-machine.com\/fi\/wp-content\/uploads\/sites\/2\/2017\/10\/AJV-Control-systems-06-300x153.jpg 300w\" sizes=\"auto, (max-width: 525px) 100vw, 525px\" \/>\t\t\t\t\t\t\n\t\t\t\t\t<\/div>\n\t\t\t\t\t\t\t\t\n<style scope=\"scope\">\n\n#image_796202257 {\n  width: 100%;\n}\n<\/style>\n\t<\/div>\n\t\n\t<div class=\"img has-hover x md-x lg-x y md-y lg-y\" id=\"image_255899303\">\n\t\t\t\t\t\t\t\t<div class=\"img-inner dark\" >\n\t\t\t<img loading=\"lazy\" decoding=\"async\" width=\"525\" height=\"268\" src=\"https:\/\/www.ajv-machine.com\/fi\/wp-content\/uploads\/sites\/2\/2017\/10\/AJV-load-bearing-structures-05.jpg\" class=\"attachment-large size-large\" alt=\"\" srcset=\"https:\/\/www.ajv-machine.com\/fi\/wp-content\/uploads\/sites\/2\/2017\/10\/AJV-load-bearing-structures-05.jpg 525w, https:\/\/www.ajv-machine.com\/fi\/wp-content\/uploads\/sites\/2\/2017\/10\/AJV-load-bearing-structures-05-300x153.jpg 300w\" sizes=\"auto, (max-width: 525px) 100vw, 525px\" \/>\t\t\t\t\t\t\n\t\t\t\t\t<\/div>\n\t\t\t\t\t\t\t\t\n<style scope=\"scope\">\n\n#image_255899303 {\n  width: 100%;\n}\n<\/style>\n\t<\/div>\n\t\n     <\/div>\n\n     <div class=\"loading-spin dark large centered\"><\/div>\n\n     <style scope=\"scope\">\n             <\/style>\n<\/div>\n\n\n\t<div id=\"gap-1364184872\" class=\"gap-element clearfix\" style=\"display:block; height:auto;\">\n\t\t\n<style scope=\"scope\">\n\n#gap-1364184872 {\n  padding-top: 30px;\n}\n<\/style>\n\t<\/div>\n\t\n\t<div class=\"img has-hover x md-x lg-x y md-y lg-y\" id=\"image_185453110\">\n\t\t\t\t\t\t\t\t<div class=\"img-inner dark\" >\n\t\t\t<img loading=\"lazy\" decoding=\"async\" width=\"813\" height=\"344\" src=\"https:\/\/www.ajv-machine.com\/fi\/wp-content\/uploads\/sites\/2\/2017\/10\/AJV-Control-systems-02-1-1.jpg\" class=\"attachment-large size-large\" alt=\"\" srcset=\"https:\/\/www.ajv-machine.com\/fi\/wp-content\/uploads\/sites\/2\/2017\/10\/AJV-Control-systems-02-1-1.jpg 813w, https:\/\/www.ajv-machine.com\/fi\/wp-content\/uploads\/sites\/2\/2017\/10\/AJV-Control-systems-02-1-1-300x127.jpg 300w, https:\/\/www.ajv-machine.com\/fi\/wp-content\/uploads\/sites\/2\/2017\/10\/AJV-Control-systems-02-1-1-768x325.jpg 768w\" sizes=\"auto, (max-width: 813px) 100vw, 813px\" \/>\t\t\t\t\t\t\n\t\t\t\t\t<\/div>\n\t\t\t\t\t\t\t\t\n<style scope=\"scope\">\n\n#image_185453110 {\n  width: 100%;\n}\n<\/style>\n\t<\/div>\n\t\n\t\t<\/div>\n\t<\/div>\n\n\t\n<\/div>\n\t<section class=\"section\" id=\"section_207729739\">\n\t\t<div class=\"bg section-bg fill bg-fill  bg-loaded\" >\n\n\t\t\t\n\t\t\t<div class=\"section-bg-overlay absolute fill\"><\/div>\n\t\t\t\n\n\t\t<\/div>\n\n\t\t<div class=\"section-content relative\">\n\t\t\t\n<div class=\"row align-middle align-center\"  id=\"row-1919917686\">\n\n\t<div class=\"col medium-5 small-12 large-5\"  >\n\t\t<div class=\"col-inner text-right\" style=\"padding:35px 19px 0px 0px;\" >\n\t\t\t\n\t\t\t\n\t<div class=\"img has-hover x md-x lg-x y md-y lg-y\" id=\"image_1050101883\">\n\t\t\t\t\t\t\t\t<div class=\"img-inner dark\" >\n\t\t\t<img loading=\"lazy\" decoding=\"async\" width=\"255\" height=\"255\" src=\"https:\/\/www.ajv-machine.com\/fi\/wp-content\/uploads\/sites\/2\/2017\/11\/ajv_machine_fastfix_quote.png\" class=\"attachment-medium size-medium\" alt=\"\" srcset=\"https:\/\/www.ajv-machine.com\/fi\/wp-content\/uploads\/sites\/2\/2017\/11\/ajv_machine_fastfix_quote.png 255w, https:\/\/www.ajv-machine.com\/fi\/wp-content\/uploads\/sites\/2\/2017\/11\/ajv_machine_fastfix_quote-150x150.png 150w\" sizes=\"auto, (max-width: 255px) 100vw, 255px\" \/>\t\t\t\t\t\t\n\t\t\t\t\t<\/div>\n\t\t\t\t\t\t\t\t\n<style scope=\"scope\">\n\n#image_1050101883 {\n  width: 63%;\n}\n<\/style>\n\t<\/div>\n\t\n\t\t<\/div>\n\t<\/div>\n\n\t\n\n\t<div class=\"col medium-7 small-12 large-7\"  >\n\t\t<div class=\"col-inner text-shadow-2 dark\"  >\n\t\t\t\n\t\t\t\n<p><span id=\"u10983-6\">\u201dModerni automaatio on meille v\u00e4ltt\u00e4m\u00e4t\u00f6nt\u00e4, jotta voimme palvella asiakkaita nopeasti ja joustavasti. T\u00e4ysautomaattinen AJV FastFix\u2122 on tehostanut tuotantoamme merkitt\u00e4v\u00e4sti aina tilaustenhallinnasta laadunhallintaan.\u201d <\/span><\/p>\n<p>Janne Lahtela, toimitusjohtaja, JanLa Oy<\/p>\n\t\t<\/div>\n\t<\/div>\n\n\t\n\n<style scope=\"scope\">\n\n<\/style>\n<\/div>\n\t\t<\/div>\n\n\t\t\n<style scope=\"scope\">\n\n#section_207729739 {\n  padding-top: 30px;\n  padding-bottom: 30px;\n  min-height: 300px;\n  background-color: rgb(40, 40, 40);\n}\n#section_207729739 .section-bg-overlay {\n  background-color: rgba(0,0,0,.5);\n}\n<\/style>\n\t<\/section>\n\t\n","protected":false},"excerpt":{"rendered":"","protected":false},"author":1,"featured_media":0,"parent":0,"menu_order":0,"comment_status":"closed","ping_status":"closed","template":"page-blank.php","meta":{"footnotes":""},"class_list":["post-760","page","type-page","status-publish","hentry"],"yoast_head":"<!-- This site is optimized with the Yoast SEO plugin v24.2 - https:\/\/yoast.com\/wordpress\/plugins\/seo\/ -->\n<title>AJV ProductMaster\u2122 - AJV-Machine FI<\/title>\n<meta name=\"description\" content=\"Tervetuloa rullamuovausteknologian maailmaan. Tarjoamme sinulle ainutlaatuista osaamistamme, joka on syntynyt vuosikymmenten intohimosta kehitt\u00e4\u00e4 huippuluokan ratkaisuja ohutlevyjen profilointiin.\" \/>\n<meta name=\"robots\" content=\"index, follow, max-snippet:-1, max-image-preview:large, max-video-preview:-1\" \/>\n<link rel=\"canonical\" href=\"https:\/\/www.ajv-machine.com\/fi\/ajv-productmaster\/\" \/>\n<meta property=\"og:locale\" content=\"fi_FI\" \/>\n<meta property=\"og:type\" content=\"article\" \/>\n<meta property=\"og:title\" content=\"AJV ProductMaster\u2122 - AJV-Machine FI\" \/>\n<meta property=\"og:description\" content=\"Tervetuloa rullamuovausteknologian maailmaan. Tarjoamme sinulle ainutlaatuista osaamistamme, joka on syntynyt vuosikymmenten intohimosta kehitt\u00e4\u00e4 huippuluokan ratkaisuja ohutlevyjen profilointiin.\" \/>\n<meta property=\"og:url\" content=\"https:\/\/www.ajv-machine.com\/fi\/ajv-productmaster\/\" \/>\n<meta property=\"og:site_name\" content=\"AJV-Machine FI\" \/>\n<meta property=\"article:modified_time\" content=\"2017-11-27T17:18:30+00:00\" \/>\n<meta name=\"twitter:card\" content=\"summary_large_image\" \/>\n<meta name=\"twitter:label1\" content=\"Arvioitu lukuaika\" \/>\n\t<meta name=\"twitter:data1\" content=\"1 minuutti\" \/>\n<script type=\"application\/ld+json\" class=\"yoast-schema-graph\">{\"@context\":\"https:\/\/schema.org\",\"@graph\":[{\"@type\":\"WebPage\",\"@id\":\"https:\/\/www.ajv-machine.com\/fi\/ajv-productmaster\/\",\"url\":\"https:\/\/www.ajv-machine.com\/fi\/ajv-productmaster\/\",\"name\":\"AJV ProductMaster\u2122 - AJV-Machine FI\",\"isPartOf\":{\"@id\":\"https:\/\/www.ajv-machine.com\/fi\/#website\"},\"datePublished\":\"2017-09-13T08:06:13+00:00\",\"dateModified\":\"2017-11-27T17:18:30+00:00\",\"description\":\"Tervetuloa rullamuovausteknologian maailmaan. Tarjoamme sinulle ainutlaatuista osaamistamme, joka on syntynyt vuosikymmenten intohimosta kehitt\u00e4\u00e4 huippuluokan ratkaisuja ohutlevyjen profilointiin.\",\"breadcrumb\":{\"@id\":\"https:\/\/www.ajv-machine.com\/fi\/ajv-productmaster\/#breadcrumb\"},\"inLanguage\":\"fi\",\"potentialAction\":[{\"@type\":\"ReadAction\",\"target\":[\"https:\/\/www.ajv-machine.com\/fi\/ajv-productmaster\/\"]}]},{\"@type\":\"BreadcrumbList\",\"@id\":\"https:\/\/www.ajv-machine.com\/fi\/ajv-productmaster\/#breadcrumb\",\"itemListElement\":[{\"@type\":\"ListItem\",\"position\":1,\"name\":\"Home\",\"item\":\"https:\/\/www.ajv-machine.com\/fi\/\"},{\"@type\":\"ListItem\",\"position\":2,\"name\":\"AJV ProductMaster\u2122\"}]},{\"@type\":\"WebSite\",\"@id\":\"https:\/\/www.ajv-machine.com\/fi\/#website\",\"url\":\"https:\/\/www.ajv-machine.com\/fi\/\",\"name\":\"AJV-Machine FI\",\"description\":\"Your profiling technology partner\",\"potentialAction\":[{\"@type\":\"SearchAction\",\"target\":{\"@type\":\"EntryPoint\",\"urlTemplate\":\"https:\/\/www.ajv-machine.com\/fi\/?s={search_term_string}\"},\"query-input\":{\"@type\":\"PropertyValueSpecification\",\"valueRequired\":true,\"valueName\":\"search_term_string\"}}],\"inLanguage\":\"fi\"}]}<\/script>\n<!-- \/ Yoast SEO plugin. -->","yoast_head_json":{"title":"AJV ProductMaster\u2122 - AJV-Machine FI","description":"Tervetuloa rullamuovausteknologian maailmaan. Tarjoamme sinulle ainutlaatuista osaamistamme, joka on syntynyt vuosikymmenten intohimosta kehitt\u00e4\u00e4 huippuluokan ratkaisuja ohutlevyjen profilointiin.","robots":{"index":"index","follow":"follow","max-snippet":"max-snippet:-1","max-image-preview":"max-image-preview:large","max-video-preview":"max-video-preview:-1"},"canonical":"https:\/\/www.ajv-machine.com\/fi\/ajv-productmaster\/","og_locale":"fi_FI","og_type":"article","og_title":"AJV ProductMaster\u2122 - AJV-Machine FI","og_description":"Tervetuloa rullamuovausteknologian maailmaan. Tarjoamme sinulle ainutlaatuista osaamistamme, joka on syntynyt vuosikymmenten intohimosta kehitt\u00e4\u00e4 huippuluokan ratkaisuja ohutlevyjen profilointiin.","og_url":"https:\/\/www.ajv-machine.com\/fi\/ajv-productmaster\/","og_site_name":"AJV-Machine FI","article_modified_time":"2017-11-27T17:18:30+00:00","twitter_card":"summary_large_image","twitter_misc":{"Arvioitu lukuaika":"1 minuutti"},"schema":{"@context":"https:\/\/schema.org","@graph":[{"@type":"WebPage","@id":"https:\/\/www.ajv-machine.com\/fi\/ajv-productmaster\/","url":"https:\/\/www.ajv-machine.com\/fi\/ajv-productmaster\/","name":"AJV ProductMaster\u2122 - AJV-Machine FI","isPartOf":{"@id":"https:\/\/www.ajv-machine.com\/fi\/#website"},"datePublished":"2017-09-13T08:06:13+00:00","dateModified":"2017-11-27T17:18:30+00:00","description":"Tervetuloa rullamuovausteknologian maailmaan. Tarjoamme sinulle ainutlaatuista osaamistamme, joka on syntynyt vuosikymmenten intohimosta kehitt\u00e4\u00e4 huippuluokan ratkaisuja ohutlevyjen profilointiin.","breadcrumb":{"@id":"https:\/\/www.ajv-machine.com\/fi\/ajv-productmaster\/#breadcrumb"},"inLanguage":"fi","potentialAction":[{"@type":"ReadAction","target":["https:\/\/www.ajv-machine.com\/fi\/ajv-productmaster\/"]}]},{"@type":"BreadcrumbList","@id":"https:\/\/www.ajv-machine.com\/fi\/ajv-productmaster\/#breadcrumb","itemListElement":[{"@type":"ListItem","position":1,"name":"Home","item":"https:\/\/www.ajv-machine.com\/fi\/"},{"@type":"ListItem","position":2,"name":"AJV ProductMaster\u2122"}]},{"@type":"WebSite","@id":"https:\/\/www.ajv-machine.com\/fi\/#website","url":"https:\/\/www.ajv-machine.com\/fi\/","name":"AJV-Machine FI","description":"Your profiling technology partner","potentialAction":[{"@type":"SearchAction","target":{"@type":"EntryPoint","urlTemplate":"https:\/\/www.ajv-machine.com\/fi\/?s={search_term_string}"},"query-input":{"@type":"PropertyValueSpecification","valueRequired":true,"valueName":"search_term_string"}}],"inLanguage":"fi"}]}},"_links":{"self":[{"href":"https:\/\/www.ajv-machine.com\/fi\/wp-json\/wp\/v2\/pages\/760","targetHints":{"allow":["GET"]}}],"collection":[{"href":"https:\/\/www.ajv-machine.com\/fi\/wp-json\/wp\/v2\/pages"}],"about":[{"href":"https:\/\/www.ajv-machine.com\/fi\/wp-json\/wp\/v2\/types\/page"}],"author":[{"embeddable":true,"href":"https:\/\/www.ajv-machine.com\/fi\/wp-json\/wp\/v2\/users\/1"}],"replies":[{"embeddable":true,"href":"https:\/\/www.ajv-machine.com\/fi\/wp-json\/wp\/v2\/comments?post=760"}],"version-history":[{"count":41,"href":"https:\/\/www.ajv-machine.com\/fi\/wp-json\/wp\/v2\/pages\/760\/revisions"}],"predecessor-version":[{"id":1992,"href":"https:\/\/www.ajv-machine.com\/fi\/wp-json\/wp\/v2\/pages\/760\/revisions\/1992"}],"wp:attachment":[{"href":"https:\/\/www.ajv-machine.com\/fi\/wp-json\/wp\/v2\/media?parent=760"}],"curies":[{"name":"wp","href":"https:\/\/api.w.org\/{rel}","templated":true}]}}