{"id":810,"date":"2017-09-13T09:51:47","date_gmt":"2017-09-13T09:51:47","guid":{"rendered":"http:\/\/www.ajv-machine.com\/fi\/?page_id=810"},"modified":"2017-11-27T17:20:12","modified_gmt":"2017-11-27T17:20:12","slug":"materiaalinkasittely-ja-pakkaaminen","status":"publish","type":"page","link":"https:\/\/www.ajv-machine.com\/fi\/materiaalinkasittely-ja-pakkaaminen\/","title":{"rendered":"AJV Materiaalink\u00e4sittely ja pakkaaminen"},"content":{"rendered":"\t<section class=\"section dark\" id=\"section_153374493\">\n\t\t<div class=\"bg section-bg fill bg-fill  \" >\n\n\t\t\t\n\t\t\t\n\t\t\t\n\n\t\t<\/div>\n\n\t\t<div class=\"section-content relative\">\n\t\t\t\n<h1 class=\"uppercase\" style=\"text-align: center;\">AJV<br \/>\nMATERIAALINK\u00c4SITTELY JA<br \/>\nPAKKAAMINEN<\/h1>\n\t<div id=\"gap-1840267044\" class=\"gap-element clearfix\" style=\"display:block; height:auto;\">\n\t\t\n<style scope=\"scope\">\n\n#gap-1840267044 {\n  padding-top: 30px;\n}\n<\/style>\n\t<\/div>\n\t\n\t\t<\/div>\n\n\t\t\n<style scope=\"scope\">\n\n#section_153374493 {\n  padding-top: 60px;\n  padding-bottom: 60px;\n  min-height: 500px;\n  background-color: rgb(40, 40, 40);\n}\n#section_153374493 .section-bg.bg-loaded {\n  background-image: url(https:\/\/www.ajv-machine.com\/fi\/wp-content\/uploads\/sites\/2\/2017\/10\/AJV-handling-01.jpg);\n}\n<\/style>\n\t<\/section>\n\t\n\t<div id=\"gap-875812070\" class=\"gap-element clearfix\" style=\"display:block; height:auto;\">\n\t\t\n<style scope=\"scope\">\n\n#gap-875812070 {\n  padding-top: 60px;\n}\n<\/style>\n\t<\/div>\n\t\n<div class=\"row\"  id=\"row-506107957\">\n\n\t<div class=\"col medium-6 small-12 large-6\"  >\n\t\t<div class=\"col-inner\"  >\n\t\t\t\n\t\t\t\n<h2 class=\"h1\">AUTOMAATTISTA TEHDAS&shy;LOGISTIIKKAA KELALTA PAKKAUKSEEN<\/h2>\n<h3 class=\"h5 uppercase\">MATERIAALINK\u00c4SITTELY JA PAKKAAMINEN<\/h3>\n<p>Profiilien muodot ja tekniset ominaisuudet vaativat erikoisosaamista my\u00f6s vastaanottolaitteiden, kuljettimien sek\u00e4 paketointikoneiden osalta.<br \/> Huomioimalla asiakkaidemme tuotantotilat ja logistiikan suunnittelemme toimivia tehdaslayoutteja, joissa korostuvat tuotannon tehokkuus, h\u00e4iri\u00f6t\u00f6n toiminta ja s\u00e4\u00e4st\u00f6t materiaalin kulutuksessa. Takaamme, ett\u00e4 tuotteenne l\u00e4htev\u00e4t loppuasiakkaalle virheett\u00f6min\u00e4.<\/p>\n<p>Tarve erilaisiin automaattisiin paketointiratkaisuihin on kasvanut huomattavasti. Olemme vastanneet kysynt\u00e4\u00e4n kehitt\u00e4m\u00e4ll\u00e4 kaiken kattavat ratkaisut ohutlevynippujen paketointiin.<\/p>\n<p>Toimitamme my\u00f6s pelkki\u00e4 paketointiratkaisuja kuljettimineen jo olemassa oleviin profilointilinjoihin. Mallistossamme on laaja skaala puoliautomaattisista k\u00e4\u00e4rint\u00e4koneista t\u00e4ysautomaattisiin laitteisiin sis\u00e4lt\u00e4en mm. aluspuunsy\u00f6t\u00f6n. Meilt\u00e4 l\u00f6yd\u00e4t ratkaisun tehostamaan nykyist\u00e4 tuotantoasi.<\/p>\n\t\t<\/div>\n\t<\/div>\n\n\t\n\n\t<div class=\"col medium-6 small-12 large-6\"  >\n\t\t<div class=\"col-inner\"  >\n\t\t\t\n\t\t\t\n<div class=\"slider-wrapper relative hide-for-small\" id=\"slider-1600685140\" >\n    <div class=\"slider slider-nav-dots-simple slider-nav-circle slider-nav-normal slider-nav-light slider-style-normal slider-show-nav\"\n        data-flickity-options='{\n            \"cellAlign\": \"center\",\n            \"imagesLoaded\": true,\n            \"lazyLoad\": 1,\n            \"freeScroll\": false,\n            \"wrapAround\": false,\n            \"autoPlay\": 6000,\n            \"pauseAutoPlayOnHover\" : true,\n            \"prevNextButtons\": true,\n            \"contain\" : true,\n            \"adaptiveHeight\" : true,\n            \"dragThreshold\" : 10,\n            \"percentPosition\": true,\n            \"pageDots\": true,\n            \"rightToLeft\": false,\n            \"draggable\": true,\n            \"selectedAttraction\": 0.1,\n            \"parallax\" : 0,\n            \"friction\": 0.6        }'\n        >\n        \n\t<div class=\"img has-hover x md-x lg-x y md-y lg-y\" id=\"image_1566607450\">\n\t\t\t\t\t\t\t\t<div class=\"img-inner dark\" >\n\t\t\t<img loading=\"lazy\" decoding=\"async\" width=\"525\" height=\"268\" src=\"https:\/\/www.ajv-machine.com\/fi\/wp-content\/uploads\/sites\/2\/2017\/10\/AJV-handling-packing-04.jpg\" class=\"attachment-large size-large\" alt=\"\" srcset=\"https:\/\/www.ajv-machine.com\/fi\/wp-content\/uploads\/sites\/2\/2017\/10\/AJV-handling-packing-04.jpg 525w, https:\/\/www.ajv-machine.com\/fi\/wp-content\/uploads\/sites\/2\/2017\/10\/AJV-handling-packing-04-300x153.jpg 300w\" sizes=\"auto, (max-width: 525px) 100vw, 525px\" \/>\t\t\t\t\t\t\n\t\t\t\t\t<\/div>\n\t\t\t\t\t\t\t\t\n<style scope=\"scope\">\n\n#image_1566607450 {\n  width: 100%;\n}\n<\/style>\n\t<\/div>\n\t\n\t<div class=\"img has-hover x md-x lg-x y md-y lg-y\" id=\"image_1936585096\">\n\t\t\t\t\t\t\t\t<div class=\"img-inner dark\" >\n\t\t\t<img loading=\"lazy\" decoding=\"async\" width=\"525\" height=\"268\" src=\"https:\/\/www.ajv-machine.com\/fi\/wp-content\/uploads\/sites\/2\/2017\/10\/AJV-handling-packing-05.jpg\" class=\"attachment-large size-large\" alt=\"\" srcset=\"https:\/\/www.ajv-machine.com\/fi\/wp-content\/uploads\/sites\/2\/2017\/10\/AJV-handling-packing-05.jpg 525w, https:\/\/www.ajv-machine.com\/fi\/wp-content\/uploads\/sites\/2\/2017\/10\/AJV-handling-packing-05-300x153.jpg 300w\" sizes=\"auto, (max-width: 525px) 100vw, 525px\" \/>\t\t\t\t\t\t\n\t\t\t\t\t<\/div>\n\t\t\t\t\t\t\t\t\n<style scope=\"scope\">\n\n#image_1936585096 {\n  width: 100%;\n}\n<\/style>\n\t<\/div>\n\t\n\t<div class=\"img has-hover x md-x lg-x y md-y lg-y\" id=\"image_1265615256\">\n\t\t\t\t\t\t\t\t<div class=\"img-inner dark\" >\n\t\t\t<img loading=\"lazy\" decoding=\"async\" width=\"525\" height=\"268\" src=\"https:\/\/www.ajv-machine.com\/fi\/wp-content\/uploads\/sites\/2\/2017\/10\/AJV-handling-packing-10-1.jpg\" class=\"attachment-large size-large\" alt=\"\" srcset=\"https:\/\/www.ajv-machine.com\/fi\/wp-content\/uploads\/sites\/2\/2017\/10\/AJV-handling-packing-10-1.jpg 525w, https:\/\/www.ajv-machine.com\/fi\/wp-content\/uploads\/sites\/2\/2017\/10\/AJV-handling-packing-10-1-300x153.jpg 300w\" sizes=\"auto, (max-width: 525px) 100vw, 525px\" \/>\t\t\t\t\t\t\n\t\t\t\t\t<\/div>\n\t\t\t\t\t\t\t\t\n<style scope=\"scope\">\n\n#image_1265615256 {\n  width: 100%;\n}\n<\/style>\n\t<\/div>\n\t\n\t<div class=\"img has-hover x md-x lg-x y md-y lg-y\" id=\"image_2064991662\">\n\t\t\t\t\t\t\t\t<div class=\"img-inner dark\" >\n\t\t\t<img loading=\"lazy\" decoding=\"async\" width=\"525\" height=\"268\" src=\"https:\/\/www.ajv-machine.com\/fi\/wp-content\/uploads\/sites\/2\/2017\/10\/AJV-handling-packing-12-1.jpg\" class=\"attachment-original size-original\" alt=\"\" srcset=\"https:\/\/www.ajv-machine.com\/fi\/wp-content\/uploads\/sites\/2\/2017\/10\/AJV-handling-packing-12-1.jpg 525w, https:\/\/www.ajv-machine.com\/fi\/wp-content\/uploads\/sites\/2\/2017\/10\/AJV-handling-packing-12-1-300x153.jpg 300w\" sizes=\"auto, (max-width: 525px) 100vw, 525px\" \/>\t\t\t\t\t\t\n\t\t\t\t\t<\/div>\n\t\t\t\t\t\t\t\t\n<style scope=\"scope\">\n\n#image_2064991662 {\n  width: 100%;\n}\n<\/style>\n\t<\/div>\n\t\n\t<div class=\"img has-hover x md-x lg-x y md-y lg-y\" id=\"image_2050390383\">\n\t\t\t\t\t\t\t\t<div class=\"img-inner dark\" >\n\t\t\t<img loading=\"lazy\" decoding=\"async\" width=\"525\" height=\"268\" src=\"https:\/\/www.ajv-machine.com\/fi\/wp-content\/uploads\/sites\/2\/2017\/10\/AJV-handling-packing-06.jpg\" class=\"attachment-large size-large\" alt=\"\" srcset=\"https:\/\/www.ajv-machine.com\/fi\/wp-content\/uploads\/sites\/2\/2017\/10\/AJV-handling-packing-06.jpg 525w, https:\/\/www.ajv-machine.com\/fi\/wp-content\/uploads\/sites\/2\/2017\/10\/AJV-handling-packing-06-300x153.jpg 300w\" sizes=\"auto, (max-width: 525px) 100vw, 525px\" \/>\t\t\t\t\t\t\n\t\t\t\t\t<\/div>\n\t\t\t\t\t\t\t\t\n<style scope=\"scope\">\n\n#image_2050390383 {\n  width: 100%;\n}\n<\/style>\n\t<\/div>\n\t\n\t<div class=\"img has-hover x md-x lg-x y md-y lg-y\" id=\"image_1059833242\">\n\t\t\t\t\t\t\t\t<div class=\"img-inner dark\" >\n\t\t\t<img loading=\"lazy\" decoding=\"async\" width=\"525\" height=\"268\" src=\"https:\/\/www.ajv-machine.com\/fi\/wp-content\/uploads\/sites\/2\/2017\/10\/AJV-handling-packing-03.jpg\" class=\"attachment-large size-large\" alt=\"\" srcset=\"https:\/\/www.ajv-machine.com\/fi\/wp-content\/uploads\/sites\/2\/2017\/10\/AJV-handling-packing-03.jpg 525w, https:\/\/www.ajv-machine.com\/fi\/wp-content\/uploads\/sites\/2\/2017\/10\/AJV-handling-packing-03-300x153.jpg 300w\" sizes=\"auto, (max-width: 525px) 100vw, 525px\" \/>\t\t\t\t\t\t\n\t\t\t\t\t<\/div>\n\t\t\t\t\t\t\t\t\n<style scope=\"scope\">\n\n#image_1059833242 {\n  width: 100%;\n}\n<\/style>\n\t<\/div>\n\t\n\t<div class=\"img has-hover x md-x lg-x y md-y lg-y\" id=\"image_1304877244\">\n\t\t\t\t\t\t\t\t<div class=\"img-inner dark\" >\n\t\t\t<img loading=\"lazy\" decoding=\"async\" width=\"525\" height=\"268\" src=\"https:\/\/www.ajv-machine.com\/fi\/wp-content\/uploads\/sites\/2\/2017\/10\/AJV-handling-packing-08-1.jpg\" class=\"attachment-large size-large\" alt=\"\" srcset=\"https:\/\/www.ajv-machine.com\/fi\/wp-content\/uploads\/sites\/2\/2017\/10\/AJV-handling-packing-08-1.jpg 525w, https:\/\/www.ajv-machine.com\/fi\/wp-content\/uploads\/sites\/2\/2017\/10\/AJV-handling-packing-08-1-300x153.jpg 300w\" sizes=\"auto, (max-width: 525px) 100vw, 525px\" \/>\t\t\t\t\t\t\n\t\t\t\t\t<\/div>\n\t\t\t\t\t\t\t\t\n<style scope=\"scope\">\n\n#image_1304877244 {\n  width: 100%;\n}\n<\/style>\n\t<\/div>\n\t\n\t<div class=\"img has-hover x md-x lg-x y md-y lg-y\" id=\"image_18182620\">\n\t\t\t\t\t\t\t\t<div class=\"img-inner dark\" >\n\t\t\t<img loading=\"lazy\" decoding=\"async\" width=\"525\" height=\"268\" src=\"https:\/\/www.ajv-machine.com\/fi\/wp-content\/uploads\/sites\/2\/2017\/10\/AJV-handling-packing-09-1.jpg\" class=\"attachment-large size-large\" alt=\"\" srcset=\"https:\/\/www.ajv-machine.com\/fi\/wp-content\/uploads\/sites\/2\/2017\/10\/AJV-handling-packing-09-1.jpg 525w, https:\/\/www.ajv-machine.com\/fi\/wp-content\/uploads\/sites\/2\/2017\/10\/AJV-handling-packing-09-1-300x153.jpg 300w\" sizes=\"auto, (max-width: 525px) 100vw, 525px\" \/>\t\t\t\t\t\t\n\t\t\t\t\t<\/div>\n\t\t\t\t\t\t\t\t\n<style scope=\"scope\">\n\n#image_18182620 {\n  width: 100%;\n}\n<\/style>\n\t<\/div>\n\t\n     <\/div>\n\n     <div class=\"loading-spin dark large centered\"><\/div>\n\n     <style scope=\"scope\">\n             <\/style>\n<\/div>\n\n\n\t<div id=\"gap-1369311963\" class=\"gap-element clearfix\" style=\"display:block; height:auto;\">\n\t\t\n<style scope=\"scope\">\n\n#gap-1369311963 {\n  padding-top: 30px;\n}\n<\/style>\n\t<\/div>\n\t\n\t<div class=\"img has-hover x md-x lg-x y md-y lg-y\" id=\"image_1711281732\">\n\t\t\t\t\t\t\t\t<div class=\"img-inner dark\" >\n\t\t\t<img loading=\"lazy\" decoding=\"async\" width=\"525\" height=\"268\" src=\"https:\/\/www.ajv-machine.com\/fi\/wp-content\/uploads\/sites\/2\/2017\/10\/AJV-Packing-02-1.jpg\" class=\"attachment-large size-large\" alt=\"\" srcset=\"https:\/\/www.ajv-machine.com\/fi\/wp-content\/uploads\/sites\/2\/2017\/10\/AJV-Packing-02-1.jpg 525w, https:\/\/www.ajv-machine.com\/fi\/wp-content\/uploads\/sites\/2\/2017\/10\/AJV-Packing-02-1-300x153.jpg 300w\" sizes=\"auto, (max-width: 525px) 100vw, 525px\" \/>\t\t\t\t\t\t\n\t\t\t\t\t<\/div>\n\t\t\t\t\t\t\t\t\n<style scope=\"scope\">\n\n#image_1711281732 {\n  width: 100%;\n}\n<\/style>\n\t<\/div>\n\t\n\t\t<\/div>\n\t<\/div>\n\n\t\n<\/div>\n\t<div id=\"gap-1514399729\" class=\"gap-element clearfix\" style=\"display:block; height:auto;\">\n\t\t\n<style scope=\"scope\">\n\n#gap-1514399729 {\n  padding-top: 60px;\n}\n<\/style>\n\t<\/div>\n\t\n","protected":false},"excerpt":{"rendered":"","protected":false},"author":1,"featured_media":0,"parent":0,"menu_order":0,"comment_status":"closed","ping_status":"closed","template":"page-blank.php","meta":{"footnotes":""},"class_list":["post-810","page","type-page","status-publish","hentry"],"yoast_head":"<!-- This site is optimized with the Yoast SEO plugin v24.2 - https:\/\/yoast.com\/wordpress\/plugins\/seo\/ -->\n<title>AJV Materiaalink\u00e4sittely ja pakkaaminen - AJV-Machine FI<\/title>\n<meta name=\"description\" content=\"Tervetuloa rullamuovausteknologian maailmaan. Tarjoamme sinulle ainutlaatuista osaamistamme, joka on syntynyt vuosikymmenten intohimosta kehitt\u00e4\u00e4 huippuluokan ratkaisuja ohutlevyjen profilointiin.\" \/>\n<meta name=\"robots\" content=\"index, follow, max-snippet:-1, max-image-preview:large, max-video-preview:-1\" \/>\n<link rel=\"canonical\" href=\"https:\/\/www.ajv-machine.com\/fi\/materiaalinkasittely-ja-pakkaaminen\/\" \/>\n<meta property=\"og:locale\" content=\"fi_FI\" \/>\n<meta property=\"og:type\" content=\"article\" \/>\n<meta property=\"og:title\" content=\"AJV Materiaalink\u00e4sittely ja pakkaaminen - AJV-Machine FI\" \/>\n<meta property=\"og:description\" content=\"Tervetuloa rullamuovausteknologian maailmaan. Tarjoamme sinulle ainutlaatuista osaamistamme, joka on syntynyt vuosikymmenten intohimosta kehitt\u00e4\u00e4 huippuluokan ratkaisuja ohutlevyjen profilointiin.\" \/>\n<meta property=\"og:url\" content=\"https:\/\/www.ajv-machine.com\/fi\/materiaalinkasittely-ja-pakkaaminen\/\" \/>\n<meta property=\"og:site_name\" content=\"AJV-Machine FI\" \/>\n<meta property=\"article:modified_time\" content=\"2017-11-27T17:20:12+00:00\" \/>\n<meta name=\"twitter:card\" content=\"summary_large_image\" \/>\n<meta name=\"twitter:label1\" content=\"Arvioitu lukuaika\" \/>\n\t<meta name=\"twitter:data1\" content=\"1 minuutti\" \/>\n<script type=\"application\/ld+json\" class=\"yoast-schema-graph\">{\"@context\":\"https:\/\/schema.org\",\"@graph\":[{\"@type\":\"WebPage\",\"@id\":\"https:\/\/www.ajv-machine.com\/fi\/materiaalinkasittely-ja-pakkaaminen\/\",\"url\":\"https:\/\/www.ajv-machine.com\/fi\/materiaalinkasittely-ja-pakkaaminen\/\",\"name\":\"AJV Materiaalink\u00e4sittely ja pakkaaminen - AJV-Machine FI\",\"isPartOf\":{\"@id\":\"https:\/\/www.ajv-machine.com\/fi\/#website\"},\"datePublished\":\"2017-09-13T09:51:47+00:00\",\"dateModified\":\"2017-11-27T17:20:12+00:00\",\"description\":\"Tervetuloa rullamuovausteknologian maailmaan. Tarjoamme sinulle ainutlaatuista osaamistamme, joka on syntynyt vuosikymmenten intohimosta kehitt\u00e4\u00e4 huippuluokan ratkaisuja ohutlevyjen profilointiin.\",\"breadcrumb\":{\"@id\":\"https:\/\/www.ajv-machine.com\/fi\/materiaalinkasittely-ja-pakkaaminen\/#breadcrumb\"},\"inLanguage\":\"fi\",\"potentialAction\":[{\"@type\":\"ReadAction\",\"target\":[\"https:\/\/www.ajv-machine.com\/fi\/materiaalinkasittely-ja-pakkaaminen\/\"]}]},{\"@type\":\"BreadcrumbList\",\"@id\":\"https:\/\/www.ajv-machine.com\/fi\/materiaalinkasittely-ja-pakkaaminen\/#breadcrumb\",\"itemListElement\":[{\"@type\":\"ListItem\",\"position\":1,\"name\":\"Home\",\"item\":\"https:\/\/www.ajv-machine.com\/fi\/\"},{\"@type\":\"ListItem\",\"position\":2,\"name\":\"AJV Materiaalink\u00e4sittely ja pakkaaminen\"}]},{\"@type\":\"WebSite\",\"@id\":\"https:\/\/www.ajv-machine.com\/fi\/#website\",\"url\":\"https:\/\/www.ajv-machine.com\/fi\/\",\"name\":\"AJV-Machine FI\",\"description\":\"Your profiling technology partner\",\"potentialAction\":[{\"@type\":\"SearchAction\",\"target\":{\"@type\":\"EntryPoint\",\"urlTemplate\":\"https:\/\/www.ajv-machine.com\/fi\/?s={search_term_string}\"},\"query-input\":{\"@type\":\"PropertyValueSpecification\",\"valueRequired\":true,\"valueName\":\"search_term_string\"}}],\"inLanguage\":\"fi\"}]}<\/script>\n<!-- \/ Yoast SEO plugin. -->","yoast_head_json":{"title":"AJV Materiaalink\u00e4sittely ja pakkaaminen - AJV-Machine FI","description":"Tervetuloa rullamuovausteknologian maailmaan. Tarjoamme sinulle ainutlaatuista osaamistamme, joka on syntynyt vuosikymmenten intohimosta kehitt\u00e4\u00e4 huippuluokan ratkaisuja ohutlevyjen profilointiin.","robots":{"index":"index","follow":"follow","max-snippet":"max-snippet:-1","max-image-preview":"max-image-preview:large","max-video-preview":"max-video-preview:-1"},"canonical":"https:\/\/www.ajv-machine.com\/fi\/materiaalinkasittely-ja-pakkaaminen\/","og_locale":"fi_FI","og_type":"article","og_title":"AJV Materiaalink\u00e4sittely ja pakkaaminen - AJV-Machine FI","og_description":"Tervetuloa rullamuovausteknologian maailmaan. Tarjoamme sinulle ainutlaatuista osaamistamme, joka on syntynyt vuosikymmenten intohimosta kehitt\u00e4\u00e4 huippuluokan ratkaisuja ohutlevyjen profilointiin.","og_url":"https:\/\/www.ajv-machine.com\/fi\/materiaalinkasittely-ja-pakkaaminen\/","og_site_name":"AJV-Machine FI","article_modified_time":"2017-11-27T17:20:12+00:00","twitter_card":"summary_large_image","twitter_misc":{"Arvioitu lukuaika":"1 minuutti"},"schema":{"@context":"https:\/\/schema.org","@graph":[{"@type":"WebPage","@id":"https:\/\/www.ajv-machine.com\/fi\/materiaalinkasittely-ja-pakkaaminen\/","url":"https:\/\/www.ajv-machine.com\/fi\/materiaalinkasittely-ja-pakkaaminen\/","name":"AJV Materiaalink\u00e4sittely ja pakkaaminen - AJV-Machine FI","isPartOf":{"@id":"https:\/\/www.ajv-machine.com\/fi\/#website"},"datePublished":"2017-09-13T09:51:47+00:00","dateModified":"2017-11-27T17:20:12+00:00","description":"Tervetuloa rullamuovausteknologian maailmaan. Tarjoamme sinulle ainutlaatuista osaamistamme, joka on syntynyt vuosikymmenten intohimosta kehitt\u00e4\u00e4 huippuluokan ratkaisuja ohutlevyjen profilointiin.","breadcrumb":{"@id":"https:\/\/www.ajv-machine.com\/fi\/materiaalinkasittely-ja-pakkaaminen\/#breadcrumb"},"inLanguage":"fi","potentialAction":[{"@type":"ReadAction","target":["https:\/\/www.ajv-machine.com\/fi\/materiaalinkasittely-ja-pakkaaminen\/"]}]},{"@type":"BreadcrumbList","@id":"https:\/\/www.ajv-machine.com\/fi\/materiaalinkasittely-ja-pakkaaminen\/#breadcrumb","itemListElement":[{"@type":"ListItem","position":1,"name":"Home","item":"https:\/\/www.ajv-machine.com\/fi\/"},{"@type":"ListItem","position":2,"name":"AJV Materiaalink\u00e4sittely ja pakkaaminen"}]},{"@type":"WebSite","@id":"https:\/\/www.ajv-machine.com\/fi\/#website","url":"https:\/\/www.ajv-machine.com\/fi\/","name":"AJV-Machine FI","description":"Your profiling technology partner","potentialAction":[{"@type":"SearchAction","target":{"@type":"EntryPoint","urlTemplate":"https:\/\/www.ajv-machine.com\/fi\/?s={search_term_string}"},"query-input":{"@type":"PropertyValueSpecification","valueRequired":true,"valueName":"search_term_string"}}],"inLanguage":"fi"}]}},"_links":{"self":[{"href":"https:\/\/www.ajv-machine.com\/fi\/wp-json\/wp\/v2\/pages\/810","targetHints":{"allow":["GET"]}}],"collection":[{"href":"https:\/\/www.ajv-machine.com\/fi\/wp-json\/wp\/v2\/pages"}],"about":[{"href":"https:\/\/www.ajv-machine.com\/fi\/wp-json\/wp\/v2\/types\/page"}],"author":[{"embeddable":true,"href":"https:\/\/www.ajv-machine.com\/fi\/wp-json\/wp\/v2\/users\/1"}],"replies":[{"embeddable":true,"href":"https:\/\/www.ajv-machine.com\/fi\/wp-json\/wp\/v2\/comments?post=810"}],"version-history":[{"count":40,"href":"https:\/\/www.ajv-machine.com\/fi\/wp-json\/wp\/v2\/pages\/810\/revisions"}],"predecessor-version":[{"id":1994,"href":"https:\/\/www.ajv-machine.com\/fi\/wp-json\/wp\/v2\/pages\/810\/revisions\/1994"}],"wp:attachment":[{"href":"https:\/\/www.ajv-machine.com\/fi\/wp-json\/wp\/v2\/media?parent=810"}],"curies":[{"name":"wp","href":"https:\/\/api.w.org\/{rel}","templated":true}]}}