{"id":827,"date":"2017-09-13T10:10:20","date_gmt":"2017-09-13T10:10:20","guid":{"rendered":"http:\/\/www.ajv-machine.com\/fi\/?page_id=827"},"modified":"2017-11-27T17:20:48","modified_gmt":"2017-11-27T17:20:48","slug":"ajv-upgrades","status":"publish","type":"page","link":"https:\/\/www.ajv-machine.com\/fi\/ajv-upgrades\/","title":{"rendered":"AJV Upgrades"},"content":{"rendered":"\t<section class=\"section dark\" id=\"section_462458489\">\n\t\t<div class=\"bg section-bg fill bg-fill  \" >\n\n\t\t\t\n\t\t\t\n\t\t\t\n\n\t\t<\/div>\n\n\t\t<div class=\"section-content relative\">\n\t\t\t\n<h1 class=\"uppercase\" style=\"text-align: center;\">AJV<br \/>\nUPGRADES<\/h1>\n\t<div id=\"gap-1636664290\" class=\"gap-element clearfix\" style=\"display:block; height:auto;\">\n\t\t\n<style scope=\"scope\">\n\n#gap-1636664290 {\n  padding-top: 30px;\n}\n<\/style>\n\t<\/div>\n\t\n\t\t<\/div>\n\n\t\t\n<style scope=\"scope\">\n\n#section_462458489 {\n  padding-top: 60px;\n  padding-bottom: 60px;\n  min-height: 500px;\n  background-color: rgb(40, 40, 40);\n}\n#section_462458489 .section-bg.bg-loaded {\n  background-image: url(https:\/\/www.ajv-machine.com\/fi\/wp-content\/uploads\/sites\/2\/2017\/10\/AJV-master-01-1.jpg);\n}\n<\/style>\n\t<\/section>\n\t\n<div class=\"row\"  id=\"row-1444068267\">\n\n\t<div class=\"col medium-6 small-12 large-6\"  >\n\t\t<div class=\"col-inner\"  >\n\t\t\t\n\t\t\t\n<h2 class=\"h1\">RULLAMUOVAUS-KONEIDEN P\u00c4IVITYKSET JA LAAJENNUKSET<\/h2>\n<h3 class=\"h5 uppercase\">MAKSIMOI NYKYISTEN KONEIDEN ELINKAARI<\/h3>\n<p>AJV-Machine on rullamuovausteknologian edell\u00e4k\u00e4vij\u00e4. Meid\u00e4t tunnetaan uusiin rullamuovauslinjoihin liittyvist\u00e4 korkealaatuisista tuotteista ja innovaatioista. Voimme auttaa sinua my\u00f6s pident\u00e4m\u00e4\u00e4n koneidesi elinkaarta ja tekem\u00e4\u00e4n niist\u00e4 mahdollisimman tehokkaita.<\/p>\n<p>Rullamuovauskoneiden valmistajana AJV-Machine pystyy yhdist\u00e4m\u00e4\u00e4n alan huippusuunnittelun ja parhaat k\u00e4yt\u00e4nn\u00f6t, jotta tehokkuutesi voidaan hioa huippuunsa. Ei ole mit\u00e4\u00e4n syyt\u00e4 siirt\u00e4\u00e4 vanhoja koneita el\u00e4kkeelle edes monien vuosien k\u00e4yt\u00f6n j\u00e4lkeen. Ammattimaiset AJV Upgrade \u2011ratkaisut auttavat sinua lis\u00e4\u00e4m\u00e4\u00e4n uusia tuotteita tuotantoon, parantamaan automaatiota ja tehostamaan tuottavuutta.<\/p>\n\t\t<\/div>\n\t<\/div>\n\n\t\n\n\t<div class=\"col medium-6 small-12 large-6\"  >\n\t\t<div class=\"col-inner\"  >\n\t\t\t\n\t\t\t\n<div class=\"slider-wrapper relative hide-for-small\" id=\"slider-1597398978\" >\n    <div class=\"slider slider-nav-dots-simple slider-nav-circle slider-nav-normal slider-nav-light slider-style-normal slider-show-nav\"\n        data-flickity-options='{\n            \"cellAlign\": \"center\",\n            \"imagesLoaded\": true,\n            \"lazyLoad\": 1,\n            \"freeScroll\": false,\n            \"wrapAround\": false,\n            \"autoPlay\": 6000,\n            \"pauseAutoPlayOnHover\" : true,\n            \"prevNextButtons\": true,\n            \"contain\" : true,\n            \"adaptiveHeight\" : true,\n            \"dragThreshold\" : 10,\n            \"percentPosition\": true,\n            \"pageDots\": true,\n            \"rightToLeft\": false,\n            \"draggable\": true,\n            \"selectedAttraction\": 0.1,\n            \"parallax\" : 0,\n            \"friction\": 0.6        }'\n        >\n        \n\t<div class=\"img has-hover x md-x lg-x y md-y lg-y\" id=\"image_291054856\">\n\t\t\t\t\t\t\t\t<div class=\"img-inner dark\" >\n\t\t\t<img loading=\"lazy\" decoding=\"async\" width=\"525\" height=\"268\" src=\"https:\/\/www.ajv-machine.com\/fi\/wp-content\/uploads\/sites\/2\/2017\/10\/AJV-upgrades-04.jpg\" class=\"attachment-large size-large\" alt=\"\" srcset=\"https:\/\/www.ajv-machine.com\/fi\/wp-content\/uploads\/sites\/2\/2017\/10\/AJV-upgrades-04.jpg 525w, https:\/\/www.ajv-machine.com\/fi\/wp-content\/uploads\/sites\/2\/2017\/10\/AJV-upgrades-04-300x153.jpg 300w\" sizes=\"auto, (max-width: 525px) 100vw, 525px\" \/>\t\t\t\t\t\t\n\t\t\t\t\t<\/div>\n\t\t\t\t\t\t\t\t\n<style scope=\"scope\">\n\n#image_291054856 {\n  width: 100%;\n}\n<\/style>\n\t<\/div>\n\t\n\t<div class=\"img has-hover x md-x lg-x y md-y lg-y\" id=\"image_791732271\">\n\t\t\t\t\t\t\t\t<div class=\"img-inner dark\" >\n\t\t\t<img loading=\"lazy\" decoding=\"async\" width=\"525\" height=\"268\" src=\"https:\/\/www.ajv-machine.com\/fi\/wp-content\/uploads\/sites\/2\/2017\/10\/AJV-upgrades-03.jpg\" class=\"attachment-large size-large\" alt=\"\" srcset=\"https:\/\/www.ajv-machine.com\/fi\/wp-content\/uploads\/sites\/2\/2017\/10\/AJV-upgrades-03.jpg 525w, https:\/\/www.ajv-machine.com\/fi\/wp-content\/uploads\/sites\/2\/2017\/10\/AJV-upgrades-03-300x153.jpg 300w\" sizes=\"auto, (max-width: 525px) 100vw, 525px\" \/>\t\t\t\t\t\t\n\t\t\t\t\t<\/div>\n\t\t\t\t\t\t\t\t\n<style scope=\"scope\">\n\n#image_791732271 {\n  width: 100%;\n}\n<\/style>\n\t<\/div>\n\t\n     <\/div>\n\n     <div class=\"loading-spin dark large centered\"><\/div>\n\n     <style scope=\"scope\">\n             <\/style>\n<\/div>\n\n\n\t<div id=\"gap-2119644935\" class=\"gap-element clearfix\" style=\"display:block; height:auto;\">\n\t\t\n<style scope=\"scope\">\n\n#gap-2119644935 {\n  padding-top: 30px;\n}\n<\/style>\n\t<\/div>\n\t\n\t<div class=\"img has-hover x md-x lg-x y md-y lg-y\" id=\"image_1076792497\">\n\t\t\t\t\t\t\t\t<div class=\"img-inner dark\" >\n\t\t\t<img loading=\"lazy\" decoding=\"async\" width=\"525\" height=\"268\" src=\"https:\/\/www.ajv-machine.com\/fi\/wp-content\/uploads\/sites\/2\/2017\/10\/AJV-upgrades-02-1-1.jpg\" class=\"attachment-large size-large\" alt=\"\" srcset=\"https:\/\/www.ajv-machine.com\/fi\/wp-content\/uploads\/sites\/2\/2017\/10\/AJV-upgrades-02-1-1.jpg 525w, https:\/\/www.ajv-machine.com\/fi\/wp-content\/uploads\/sites\/2\/2017\/10\/AJV-upgrades-02-1-1-300x153.jpg 300w\" sizes=\"auto, (max-width: 525px) 100vw, 525px\" \/>\t\t\t\t\t\t\n\t\t\t\t\t<\/div>\n\t\t\t\t\t\t\t\t\n<style scope=\"scope\">\n\n#image_1076792497 {\n  width: 100%;\n}\n<\/style>\n\t<\/div>\n\t\n\t\t<\/div>\n\t<\/div>\n\n\t\n<\/div>\n\t<div id=\"gap-893881236\" class=\"gap-element clearfix\" style=\"display:block; height:auto;\">\n\t\t\n<style scope=\"scope\">\n\n#gap-893881236 {\n  padding-top: 60px;\n}\n<\/style>\n\t<\/div>\n\t\n<div class=\"row align-middle align-center\"  id=\"row-1591200746\">\n\n\t<div class=\"col medium-4 small-12 large-4\"  >\n\t\t<div class=\"col-inner\"  >\n\t\t\t\n\t\t\t\n\t<div class=\"box has-hover   has-hover box-text-bottom\" >\n\n\t\t<div class=\"box-image\" style=\"width:35%;\">\n\t\t\t\t\t\t<div class=\"\" >\n\t\t\t\t<img loading=\"lazy\" decoding=\"async\" width=\"161\" height=\"167\" src=\"https:\/\/www.ajv-machine.com\/fi\/wp-content\/uploads\/sites\/2\/2017\/09\/AJV-upgrades-symbol-02.png\" class=\"attachment- size-\" alt=\"\" \/>\t\t\t\t\t\t\t\t\t\t\t<\/div>\n\t\t\t\t\t<\/div>\n\n\t\t<div class=\"box-text text-center is-large\" >\n\t\t\t<div class=\"box-text-inner\">\n\t\t\t\t\n<h4>LAAJENNUKSET JA MODERNISOINNIT<\/h4>\n<p>R\u00e4\u00e4t\u00e4l\u00f6idyt linjojen laajennukset ja modernisoinnit tuottavuuden tehostamiseen.<br \/>\u00a0<\/p>\n\t\t\t<\/div>\n\t\t<\/div>\n\t<\/div>\n\t\n\t\t<\/div>\n\t<\/div>\n\n\t\n\n\t<div class=\"col medium-4 small-12 large-4\"  >\n\t\t<div class=\"col-inner\"  >\n\t\t\t\n\t\t\t\n\t<div class=\"box has-hover   has-hover box-text-bottom\" >\n\n\t\t<div class=\"box-image\" style=\"width:40%;\">\n\t\t\t\t\t\t<div class=\"\" >\n\t\t\t\t<img loading=\"lazy\" decoding=\"async\" width=\"209\" height=\"178\" src=\"https:\/\/www.ajv-machine.com\/fi\/wp-content\/uploads\/sites\/2\/2017\/09\/AJV-control-systems-symbol-02.png\" class=\"attachment- size-\" alt=\"\" \/>\t\t\t\t\t\t\t\t\t\t\t<\/div>\n\t\t\t\t\t<\/div>\n\n\t\t<div class=\"box-text text-center is-large\" style=\"padding:0px 0px 0px 0px;\">\n\t\t\t<div class=\"box-text-inner\">\n\t\t\t\t\n<h4>AJV MASTER OHJAUSJ\u00c4RJESTELM\u00c4T<\/h4>\n<p>Ohjausj\u00e4rjestelmien p\u00e4ivitykset tuotannon nopeuttamiseen. Hy\u00f6dynn\u00e4 uusinta k\u00e4yt\u00f6ss\u00e4 olevaa teknologiaa.<\/p>\n\t\t\t<\/div>\n\t\t<\/div>\n\t<\/div>\n\t\n\t\t<\/div>\n\t<\/div>\n\n\t\n\n\t<div class=\"col medium-4 small-12 large-4\"  >\n\t\t<div class=\"col-inner\"  >\n\t\t\t\n\t\t\t\n\t<div class=\"box has-hover   has-hover box-text-bottom\" >\n\n\t\t<div class=\"box-image\" style=\"width:25%;\">\n\t\t\t\t\t\t<div class=\"\" >\n\t\t\t\t<img loading=\"lazy\" decoding=\"async\" width=\"186\" height=\"240\" src=\"https:\/\/www.ajv-machine.com\/fi\/wp-content\/uploads\/sites\/2\/2017\/09\/AJV-machinery-symbol-04.png\" class=\"attachment- size-\" alt=\"\" \/>\t\t\t\t\t\t\t\t\t\t\t<\/div>\n\t\t\t\t\t<\/div>\n\n\t\t<div class=\"box-text text-center is-large\" style=\"padding:0px 0px 0px 0px;\">\n\t\t\t<div class=\"box-text-inner\">\n\t\t\t\t\n<h4>KONEET JA LIS\u00c4VARUSTEET<\/h4>\n<p>R\u00e4\u00e4t\u00e4l\u00f6idyt haspelit, kuljettimet, k\u00e4\u00e4nt\u00e4mis- ja pinoamislaitteet sek\u00e4 k\u00e4\u00e4rint\u00e4- ja pakkauslaitteet.<\/p>\n\t\t\t<\/div>\n\t\t<\/div>\n\t<\/div>\n\t\n\t\t<\/div>\n\t<\/div>\n\n\t\n\n<style scope=\"scope\">\n\n<\/style>\n<\/div>\n\t<div id=\"gap-1476590429\" class=\"gap-element clearfix\" style=\"display:block; height:auto;\">\n\t\t\n<style scope=\"scope\">\n\n#gap-1476590429 {\n  padding-top: 60px;\n}\n<\/style>\n\t<\/div>\n\t\n","protected":false},"excerpt":{"rendered":"","protected":false},"author":1,"featured_media":0,"parent":0,"menu_order":0,"comment_status":"closed","ping_status":"closed","template":"page-blank.php","meta":{"footnotes":""},"class_list":["post-827","page","type-page","status-publish","hentry"],"yoast_head":"<!-- This site is optimized with the Yoast SEO plugin v24.2 - https:\/\/yoast.com\/wordpress\/plugins\/seo\/ -->\n<title>AJV Upgrades - AJV-Machine FI<\/title>\n<meta name=\"description\" content=\"Tervetuloa rullamuovausteknologian maailmaan. Tarjoamme sinulle ainutlaatuista osaamistamme, joka on syntynyt vuosikymmenten intohimosta kehitt\u00e4\u00e4 huippuluokan ratkaisuja ohutlevyjen profilointiin.\" \/>\n<meta name=\"robots\" content=\"index, follow, max-snippet:-1, max-image-preview:large, max-video-preview:-1\" \/>\n<link rel=\"canonical\" href=\"https:\/\/www.ajv-machine.com\/fi\/ajv-upgrades\/\" \/>\n<meta property=\"og:locale\" content=\"fi_FI\" \/>\n<meta property=\"og:type\" content=\"article\" \/>\n<meta property=\"og:title\" content=\"AJV Upgrades - AJV-Machine FI\" \/>\n<meta property=\"og:description\" content=\"Tervetuloa rullamuovausteknologian maailmaan. Tarjoamme sinulle ainutlaatuista osaamistamme, joka on syntynyt vuosikymmenten intohimosta kehitt\u00e4\u00e4 huippuluokan ratkaisuja ohutlevyjen profilointiin.\" \/>\n<meta property=\"og:url\" content=\"https:\/\/www.ajv-machine.com\/fi\/ajv-upgrades\/\" \/>\n<meta property=\"og:site_name\" content=\"AJV-Machine FI\" \/>\n<meta property=\"article:modified_time\" content=\"2017-11-27T17:20:48+00:00\" \/>\n<meta name=\"twitter:card\" content=\"summary_large_image\" \/>\n<meta name=\"twitter:label1\" content=\"Arvioitu lukuaika\" \/>\n\t<meta name=\"twitter:data1\" content=\"1 minuutti\" \/>\n<script type=\"application\/ld+json\" class=\"yoast-schema-graph\">{\"@context\":\"https:\/\/schema.org\",\"@graph\":[{\"@type\":\"WebPage\",\"@id\":\"https:\/\/www.ajv-machine.com\/fi\/ajv-upgrades\/\",\"url\":\"https:\/\/www.ajv-machine.com\/fi\/ajv-upgrades\/\",\"name\":\"AJV Upgrades - AJV-Machine FI\",\"isPartOf\":{\"@id\":\"https:\/\/www.ajv-machine.com\/fi\/#website\"},\"datePublished\":\"2017-09-13T10:10:20+00:00\",\"dateModified\":\"2017-11-27T17:20:48+00:00\",\"description\":\"Tervetuloa rullamuovausteknologian maailmaan. Tarjoamme sinulle ainutlaatuista osaamistamme, joka on syntynyt vuosikymmenten intohimosta kehitt\u00e4\u00e4 huippuluokan ratkaisuja ohutlevyjen profilointiin.\",\"breadcrumb\":{\"@id\":\"https:\/\/www.ajv-machine.com\/fi\/ajv-upgrades\/#breadcrumb\"},\"inLanguage\":\"fi\",\"potentialAction\":[{\"@type\":\"ReadAction\",\"target\":[\"https:\/\/www.ajv-machine.com\/fi\/ajv-upgrades\/\"]}]},{\"@type\":\"BreadcrumbList\",\"@id\":\"https:\/\/www.ajv-machine.com\/fi\/ajv-upgrades\/#breadcrumb\",\"itemListElement\":[{\"@type\":\"ListItem\",\"position\":1,\"name\":\"Home\",\"item\":\"https:\/\/www.ajv-machine.com\/fi\/\"},{\"@type\":\"ListItem\",\"position\":2,\"name\":\"AJV Upgrades\"}]},{\"@type\":\"WebSite\",\"@id\":\"https:\/\/www.ajv-machine.com\/fi\/#website\",\"url\":\"https:\/\/www.ajv-machine.com\/fi\/\",\"name\":\"AJV-Machine FI\",\"description\":\"Your profiling technology partner\",\"potentialAction\":[{\"@type\":\"SearchAction\",\"target\":{\"@type\":\"EntryPoint\",\"urlTemplate\":\"https:\/\/www.ajv-machine.com\/fi\/?s={search_term_string}\"},\"query-input\":{\"@type\":\"PropertyValueSpecification\",\"valueRequired\":true,\"valueName\":\"search_term_string\"}}],\"inLanguage\":\"fi\"}]}<\/script>\n<!-- \/ Yoast SEO plugin. -->","yoast_head_json":{"title":"AJV Upgrades - AJV-Machine FI","description":"Tervetuloa rullamuovausteknologian maailmaan. Tarjoamme sinulle ainutlaatuista osaamistamme, joka on syntynyt vuosikymmenten intohimosta kehitt\u00e4\u00e4 huippuluokan ratkaisuja ohutlevyjen profilointiin.","robots":{"index":"index","follow":"follow","max-snippet":"max-snippet:-1","max-image-preview":"max-image-preview:large","max-video-preview":"max-video-preview:-1"},"canonical":"https:\/\/www.ajv-machine.com\/fi\/ajv-upgrades\/","og_locale":"fi_FI","og_type":"article","og_title":"AJV Upgrades - AJV-Machine FI","og_description":"Tervetuloa rullamuovausteknologian maailmaan. Tarjoamme sinulle ainutlaatuista osaamistamme, joka on syntynyt vuosikymmenten intohimosta kehitt\u00e4\u00e4 huippuluokan ratkaisuja ohutlevyjen profilointiin.","og_url":"https:\/\/www.ajv-machine.com\/fi\/ajv-upgrades\/","og_site_name":"AJV-Machine FI","article_modified_time":"2017-11-27T17:20:48+00:00","twitter_card":"summary_large_image","twitter_misc":{"Arvioitu lukuaika":"1 minuutti"},"schema":{"@context":"https:\/\/schema.org","@graph":[{"@type":"WebPage","@id":"https:\/\/www.ajv-machine.com\/fi\/ajv-upgrades\/","url":"https:\/\/www.ajv-machine.com\/fi\/ajv-upgrades\/","name":"AJV Upgrades - AJV-Machine FI","isPartOf":{"@id":"https:\/\/www.ajv-machine.com\/fi\/#website"},"datePublished":"2017-09-13T10:10:20+00:00","dateModified":"2017-11-27T17:20:48+00:00","description":"Tervetuloa rullamuovausteknologian maailmaan. Tarjoamme sinulle ainutlaatuista osaamistamme, joka on syntynyt vuosikymmenten intohimosta kehitt\u00e4\u00e4 huippuluokan ratkaisuja ohutlevyjen profilointiin.","breadcrumb":{"@id":"https:\/\/www.ajv-machine.com\/fi\/ajv-upgrades\/#breadcrumb"},"inLanguage":"fi","potentialAction":[{"@type":"ReadAction","target":["https:\/\/www.ajv-machine.com\/fi\/ajv-upgrades\/"]}]},{"@type":"BreadcrumbList","@id":"https:\/\/www.ajv-machine.com\/fi\/ajv-upgrades\/#breadcrumb","itemListElement":[{"@type":"ListItem","position":1,"name":"Home","item":"https:\/\/www.ajv-machine.com\/fi\/"},{"@type":"ListItem","position":2,"name":"AJV Upgrades"}]},{"@type":"WebSite","@id":"https:\/\/www.ajv-machine.com\/fi\/#website","url":"https:\/\/www.ajv-machine.com\/fi\/","name":"AJV-Machine FI","description":"Your profiling technology partner","potentialAction":[{"@type":"SearchAction","target":{"@type":"EntryPoint","urlTemplate":"https:\/\/www.ajv-machine.com\/fi\/?s={search_term_string}"},"query-input":{"@type":"PropertyValueSpecification","valueRequired":true,"valueName":"search_term_string"}}],"inLanguage":"fi"}]}},"_links":{"self":[{"href":"https:\/\/www.ajv-machine.com\/fi\/wp-json\/wp\/v2\/pages\/827","targetHints":{"allow":["GET"]}}],"collection":[{"href":"https:\/\/www.ajv-machine.com\/fi\/wp-json\/wp\/v2\/pages"}],"about":[{"href":"https:\/\/www.ajv-machine.com\/fi\/wp-json\/wp\/v2\/types\/page"}],"author":[{"embeddable":true,"href":"https:\/\/www.ajv-machine.com\/fi\/wp-json\/wp\/v2\/users\/1"}],"replies":[{"embeddable":true,"href":"https:\/\/www.ajv-machine.com\/fi\/wp-json\/wp\/v2\/comments?post=827"}],"version-history":[{"count":61,"href":"https:\/\/www.ajv-machine.com\/fi\/wp-json\/wp\/v2\/pages\/827\/revisions"}],"predecessor-version":[{"id":1995,"href":"https:\/\/www.ajv-machine.com\/fi\/wp-json\/wp\/v2\/pages\/827\/revisions\/1995"}],"wp:attachment":[{"href":"https:\/\/www.ajv-machine.com\/fi\/wp-json\/wp\/v2\/media?parent=827"}],"curies":[{"name":"wp","href":"https:\/\/api.w.org\/{rel}","templated":true}]}}